{"id":303,"date":"2016-10-18T19:20:34","date_gmt":"2016-10-18T16:20:34","guid":{"rendered":"https:\/\/blog.edu.turku.fi\/stolofsskolan\/?page_id=303"},"modified":"2023-08-02T21:01:30","modified_gmt":"2023-08-02T18:01:30","slug":"vanelevsverksamhet","status":"publish","type":"page","link":"https:\/\/blog.edu.turku.fi\/stolofsskolan\/vanelevsverksamhet\/","title":{"rendered":"V\u00e4nelevsverksamhet"},"content":{"rendered":"<p>Elever i \u00e5rskurs 8 ans\u00f6ker om att f\u00e5 bli v\u00e4nelever f\u00f6r f\u00f6ljande l\u00e4s\u00e5r. V\u00e4nelevernas fr\u00e4msta uppgifter \u00e4r att st\u00f6da de nya sjuorna samt att hj\u00e4lpa dem att l\u00e4ra k\u00e4nna skolan och varandra. V\u00e4neleverna utbildas under \u00e5ttans v\u00e5r och p\u00e5 h\u00f6sten d\u00e5 de inleder sin v\u00e4nelevsverksamhet.\u00a0Under l\u00e4s\u00e5ret arrangerar v\u00e4neleverna program som str\u00e4var till att st\u00e4rka klass- och skoltrivseln.<\/p>\n<p><em>V\u00e4nelevsverksamhetens handledande l\u00e4rare \u00e4r Eva Vikstr\u00f6m och Jonas H\u00f6gn\u00e4s.<\/em><\/p>\n","protected":false},"excerpt":{"rendered":"<p>Elever i \u00e5rskurs 8 ans\u00f6ker om att f\u00e5 bli v\u00e4nelever f\u00f6r f\u00f6ljande l\u00e4s\u00e5r. V\u00e4nelevernas fr\u00e4msta uppgifter \u00e4r att st\u00f6da de nya sjuorna samt att hj\u00e4lpa dem att l\u00e4ra k\u00e4nna skolan och varandra. V\u00e4neleverna utbildas under \u00e5ttans v\u00e5r och p\u00e5 h\u00f6sten d\u00e5 de inleder sin v\u00e4nelevsverksamhet.\u00a0Under l\u00e4s\u00e5ret arrangerar v\u00e4neleverna program som str\u00e4var till att st\u00e4rka klass- &hellip; <a href=\"https:\/\/blog.edu.turku.fi\/stolofsskolan\/vanelevsverksamhet\/\" class=\"more-link\">Forts\u00e4tt l\u00e4sa<span class=\"screen-reader-text\"> \u201dV\u00e4nelevsverksamhet\u201d<\/span><\/a><\/p>\n","protected":false},"author":53,"featured_media":0,"parent":0,"menu_order":0,"comment_status":"closed","ping_status":"closed","template":"","meta":{"footnotes":""},"class_list":["post-303","page","type-page","status-publish","hentry"],"_links":{"self":[{"href":"https:\/\/blog.edu.turku.fi\/stolofsskolan\/wp-json\/wp\/v2\/pages\/303","targetHints":{"allow":["GET"]}}],"collection":[{"href":"https:\/\/blog.edu.turku.fi\/stolofsskolan\/wp-json\/wp\/v2\/pages"}],"about":[{"href":"https:\/\/blog.edu.turku.fi\/stolofsskolan\/wp-json\/wp\/v2\/types\/page"}],"author":[{"embeddable":true,"href":"https:\/\/blog.edu.turku.fi\/stolofsskolan\/wp-json\/wp\/v2\/users\/53"}],"replies":[{"embeddable":true,"href":"https:\/\/blog.edu.turku.fi\/stolofsskolan\/wp-json\/wp\/v2\/comments?post=303"}],"version-history":[{"count":8,"href":"https:\/\/blog.edu.turku.fi\/stolofsskolan\/wp-json\/wp\/v2\/pages\/303\/revisions"}],"predecessor-version":[{"id":2708,"href":"https:\/\/blog.edu.turku.fi\/stolofsskolan\/wp-json\/wp\/v2\/pages\/303\/revisions\/2708"}],"wp:attachment":[{"href":"https:\/\/blog.edu.turku.fi\/stolofsskolan\/wp-json\/wp\/v2\/media?parent=303"}],"curies":[{"name":"wp","href":"https:\/\/api.w.org\/{rel}","templated":true}]}}