{"id":301,"date":"2016-10-18T19:20:11","date_gmt":"2016-10-18T16:20:11","guid":{"rendered":"https:\/\/blog.edu.turku.fi\/stolofsskolan\/?page_id=301"},"modified":"2024-08-07T20:32:57","modified_gmt":"2024-08-07T17:32:57","slug":"elevkaren","status":"publish","type":"page","link":"https:\/\/blog.edu.turku.fi\/stolofsskolan\/elevkaren\/","title":{"rendered":"Elevk\u00e5ren"},"content":{"rendered":"<p>I skolan finns en organiserad elevk\u00e5rsverksamhet. Alla skolans elever tillh\u00f6r elevk\u00e5ren men f\u00f6r att den skall fungera praktiskt finns en elevk\u00e5rsstyrelse. Fr\u00e5n varje klass v\u00e4ljs en ordinarie medlem och en suppleant till elevk\u00e5rens styrelse .<\/p>\n<p>Elevk\u00e5rens m\u00e5l i S:t Olofsskolan \u00e4r:<br \/>\n1) Att alla elever ska f\u00e5 en chans att vara med och p\u00e5verka och fatta beslut som r\u00f6r deras vardag.<\/p>\n<p>2) Att f\u00f6ra fram \u00f6nskem\u00e5l och f\u00f6rb\u00e4ttringsf\u00f6rslag fr\u00e5n klasserna till elevk\u00e5rens styrelse, f\u00f6rs\u00f6ka f\u00f6rb\u00e4ttra det som kan f\u00f6rb\u00e4ttras och f\u00f6rb\u00e4ttra tillvaron f\u00f6r eleverna.<\/p>\n<p>3) Att alltid f\u00f6rs\u00f6ka g\u00f6ra sitt b\u00e4sta f\u00f6r skolan. Den \u00e5rligen \u00e5terkommande verksamheten i elevk\u00e5ren r\u00f6r sig kring elevk\u00e5rens fadderbarn, dagsverke, caf\u00e9er och temadagar.<\/p>\n<p><em>Elevk\u00e5rens handledande l\u00e4rare l\u00e4s\u00e5ret 2024-2025 \u00e4r Nestor Santonen.<\/em><\/p>\n","protected":false},"excerpt":{"rendered":"<p>I skolan finns en organiserad elevk\u00e5rsverksamhet. Alla skolans elever tillh\u00f6r elevk\u00e5ren men f\u00f6r att den skall fungera praktiskt finns en elevk\u00e5rsstyrelse. Fr\u00e5n varje klass v\u00e4ljs en ordinarie medlem och en suppleant till elevk\u00e5rens styrelse . Elevk\u00e5rens m\u00e5l i S:t Olofsskolan \u00e4r: 1) Att alla elever ska f\u00e5 en chans att vara med och p\u00e5verka och &hellip; <a href=\"https:\/\/blog.edu.turku.fi\/stolofsskolan\/elevkaren\/\" class=\"more-link\">Forts\u00e4tt l\u00e4sa<span class=\"screen-reader-text\"> \u201dElevk\u00e5ren\u201d<\/span><\/a><\/p>\n","protected":false},"author":53,"featured_media":0,"parent":0,"menu_order":0,"comment_status":"closed","ping_status":"closed","template":"","meta":{"footnotes":""},"class_list":["post-301","page","type-page","status-publish","hentry"],"_links":{"self":[{"href":"https:\/\/blog.edu.turku.fi\/stolofsskolan\/wp-json\/wp\/v2\/pages\/301","targetHints":{"allow":["GET"]}}],"collection":[{"href":"https:\/\/blog.edu.turku.fi\/stolofsskolan\/wp-json\/wp\/v2\/pages"}],"about":[{"href":"https:\/\/blog.edu.turku.fi\/stolofsskolan\/wp-json\/wp\/v2\/types\/page"}],"author":[{"embeddable":true,"href":"https:\/\/blog.edu.turku.fi\/stolofsskolan\/wp-json\/wp\/v2\/users\/53"}],"replies":[{"embeddable":true,"href":"https:\/\/blog.edu.turku.fi\/stolofsskolan\/wp-json\/wp\/v2\/comments?post=301"}],"version-history":[{"count":10,"href":"https:\/\/blog.edu.turku.fi\/stolofsskolan\/wp-json\/wp\/v2\/pages\/301\/revisions"}],"predecessor-version":[{"id":3115,"href":"https:\/\/blog.edu.turku.fi\/stolofsskolan\/wp-json\/wp\/v2\/pages\/301\/revisions\/3115"}],"wp:attachment":[{"href":"https:\/\/blog.edu.turku.fi\/stolofsskolan\/wp-json\/wp\/v2\/media?parent=301"}],"curies":[{"name":"wp","href":"https:\/\/api.w.org\/{rel}","templated":true}]}}