{"id":298,"date":"2016-10-18T19:10:01","date_gmt":"2016-10-18T16:10:01","guid":{"rendered":"https:\/\/blog.edu.turku.fi\/stolofsskolan\/?page_id=298"},"modified":"2019-05-15T13:58:29","modified_gmt":"2019-05-15T10:58:29","slug":"undervisning","status":"publish","type":"page","link":"https:\/\/blog.edu.turku.fi\/stolofsskolan\/undervisning\/","title":{"rendered":"Undervisning"},"content":{"rendered":"<p>Den grundl\u00e4ggande utbildningen ska ge eleverna m\u00f6jlighet att l\u00e4gga grunden f\u00f6r en bred allm\u00e4nbildning och att fullg\u00f6ra sin l\u00e4roplikt. Den ska ocks\u00e5 ge eleverna f\u00f6ruts\u00e4ttningar och beh\u00f6righet f\u00f6r studier p\u00e5 andra stadiet. Den ska hj\u00e4lpa eleverna att hitta sina egna styrkor och att med hj\u00e4lp av l\u00e4randet bygga en framtid. Den grundl\u00e4ggande utbildningen har f\u00f6rutom uppdraget att undervisa och fostra ett samh\u00e4lleligt uppdrag, ett kulturellt uppdrag och ett framtidsuppdrag.<\/p>\n<p>&nbsp;<\/p>\n","protected":false},"excerpt":{"rendered":"<p>Den grundl\u00e4ggande utbildningen ska ge eleverna m\u00f6jlighet att l\u00e4gga grunden f\u00f6r en bred allm\u00e4nbildning och att fullg\u00f6ra sin l\u00e4roplikt. Den ska ocks\u00e5 ge eleverna f\u00f6ruts\u00e4ttningar och beh\u00f6righet f\u00f6r studier p\u00e5 andra stadiet. Den ska hj\u00e4lpa eleverna att hitta sina egna styrkor och att med hj\u00e4lp av l\u00e4randet bygga en framtid. Den grundl\u00e4ggande utbildningen har f\u00f6rutom &hellip; <a href=\"https:\/\/blog.edu.turku.fi\/stolofsskolan\/undervisning\/\" class=\"more-link\">Forts\u00e4tt l\u00e4sa<span class=\"screen-reader-text\"> \u201dUndervisning\u201d<\/span><\/a><\/p>\n","protected":false},"author":53,"featured_media":0,"parent":0,"menu_order":0,"comment_status":"closed","ping_status":"closed","template":"","meta":{"footnotes":""},"class_list":["post-298","page","type-page","status-publish","hentry"],"_links":{"self":[{"href":"https:\/\/blog.edu.turku.fi\/stolofsskolan\/wp-json\/wp\/v2\/pages\/298","targetHints":{"allow":["GET"]}}],"collection":[{"href":"https:\/\/blog.edu.turku.fi\/stolofsskolan\/wp-json\/wp\/v2\/pages"}],"about":[{"href":"https:\/\/blog.edu.turku.fi\/stolofsskolan\/wp-json\/wp\/v2\/types\/page"}],"author":[{"embeddable":true,"href":"https:\/\/blog.edu.turku.fi\/stolofsskolan\/wp-json\/wp\/v2\/users\/53"}],"replies":[{"embeddable":true,"href":"https:\/\/blog.edu.turku.fi\/stolofsskolan\/wp-json\/wp\/v2\/comments?post=298"}],"version-history":[{"count":10,"href":"https:\/\/blog.edu.turku.fi\/stolofsskolan\/wp-json\/wp\/v2\/pages\/298\/revisions"}],"predecessor-version":[{"id":1618,"href":"https:\/\/blog.edu.turku.fi\/stolofsskolan\/wp-json\/wp\/v2\/pages\/298\/revisions\/1618"}],"wp:attachment":[{"href":"https:\/\/blog.edu.turku.fi\/stolofsskolan\/wp-json\/wp\/v2\/media?parent=298"}],"curies":[{"name":"wp","href":"https:\/\/api.w.org\/{rel}","templated":true}]}}