{"id":2835,"date":"2023-11-06T13:09:16","date_gmt":"2023-11-06T11:09:16","guid":{"rendered":"https:\/\/blog.edu.turku.fi\/stolofsskolan\/?page_id=2835"},"modified":"2024-08-07T19:37:14","modified_gmt":"2024-08-07T16:37:14","slug":"planer","status":"publish","type":"page","link":"https:\/\/blog.edu.turku.fi\/stolofsskolan\/planer\/","title":{"rendered":"Planer"},"content":{"rendered":"<p>S:t Olofsskolans planer finns samlade h\u00e4r:<\/p>\n<p><a href=\"https:\/\/blog.edu.turku.fi\/stolofsskolan\/files\/2024\/08\/St-Olofsskolans-jamlikhets-likabehandlingsplan-24-25.pdf\">S:t Olofsskolans j\u00e4mlikhets- och likabehandlingsplan 2024-2025<\/a> (pdf)<\/p>\n<p><a href=\"https:\/\/blog.edu.turku.fi\/stolofsskolan\/files\/2024\/08\/St-Olofsskolans-plan-mot-mobbning-trakasserier-och-vald.pdf\">S:t Olofsskolans handlingsplan mot mobbning, trakasserier och v\u00e5ld<\/a> (pdf)<\/p>\n<p><a href=\"https:\/\/blog.edu.turku.fi\/stolofsskolan\/files\/2024\/01\/Ingripande-i-skolfranvaro-anvisningar-till-vardandshavarna.pdf\">Ingripande i skolfr\u00e5nvaro, info till v\u00e5rdnadshavare <\/a>(pdf)<\/p>\n<p><a href=\"https:\/\/blog.edu.turku.fi\/stolofsskolan\/files\/2024\/08\/St-Olofsskolans-nya-ordningsregler.pdf\">S:t Olofsskolans ordningsregler<\/a> (pdf) och <a href=\"https:\/\/blog.edu.turku.fi\/stolofsskolan\/files\/2024\/08\/SKOLANS-OVERENSKOMMELSER.pdf\">\u00f6verenskommelser <\/a>(pdf)<\/p>\n<p>&nbsp;<\/p>\n","protected":false},"excerpt":{"rendered":"<p>S:t Olofsskolans planer finns samlade h\u00e4r: S:t Olofsskolans j\u00e4mlikhets- och likabehandlingsplan 2024-2025 (pdf) S:t Olofsskolans handlingsplan mot mobbning, trakasserier och v\u00e5ld (pdf) Ingripande i skolfr\u00e5nvaro, info till v\u00e5rdnadshavare (pdf) S:t Olofsskolans ordningsregler (pdf) och \u00f6verenskommelser (pdf) &nbsp;<\/p>\n","protected":false},"author":53,"featured_media":0,"parent":0,"menu_order":0,"comment_status":"closed","ping_status":"closed","template":"","meta":{"footnotes":""},"class_list":["post-2835","page","type-page","status-publish","hentry"],"_links":{"self":[{"href":"https:\/\/blog.edu.turku.fi\/stolofsskolan\/wp-json\/wp\/v2\/pages\/2835","targetHints":{"allow":["GET"]}}],"collection":[{"href":"https:\/\/blog.edu.turku.fi\/stolofsskolan\/wp-json\/wp\/v2\/pages"}],"about":[{"href":"https:\/\/blog.edu.turku.fi\/stolofsskolan\/wp-json\/wp\/v2\/types\/page"}],"author":[{"embeddable":true,"href":"https:\/\/blog.edu.turku.fi\/stolofsskolan\/wp-json\/wp\/v2\/users\/53"}],"replies":[{"embeddable":true,"href":"https:\/\/blog.edu.turku.fi\/stolofsskolan\/wp-json\/wp\/v2\/comments?post=2835"}],"version-history":[{"count":13,"href":"https:\/\/blog.edu.turku.fi\/stolofsskolan\/wp-json\/wp\/v2\/pages\/2835\/revisions"}],"predecessor-version":[{"id":3104,"href":"https:\/\/blog.edu.turku.fi\/stolofsskolan\/wp-json\/wp\/v2\/pages\/2835\/revisions\/3104"}],"wp:attachment":[{"href":"https:\/\/blog.edu.turku.fi\/stolofsskolan\/wp-json\/wp\/v2\/media?parent=2835"}],"curies":[{"name":"wp","href":"https:\/\/api.w.org\/{rel}","templated":true}]}}