{"id":2467,"date":"2022-08-27T11:23:34","date_gmt":"2022-08-27T08:23:34","guid":{"rendered":"https:\/\/blog.edu.turku.fi\/stolofsskolan\/?page_id=2467"},"modified":"2024-09-12T08:14:08","modified_gmt":"2024-09-12T05:14:08","slug":"faktureringsadress-for-webb-fakturor","status":"publish","type":"page","link":"https:\/\/blog.edu.turku.fi\/stolofsskolan\/personal\/faktureringsadress-for-webb-fakturor\/","title":{"rendered":"Faktureringsadress f\u00f6r webb fakturor"},"content":{"rendered":"<p>\u00c5bo stad\u00a0mottar endast e-fakturor.\u00a0Stadens betalningsvillkor \u00e4r 30 dagar netto.<\/p>\n<p>En privat n\u00e4ringsidkare, person som arbetar under firmanamn samt l\u00e4ttf\u00f6retagare som s\u00e4ljer tj\u00e4nster till \u00c5bo stad b\u00f6r l\u00e4mna in ett F\u00f6PL-\/LF\u00f6PL-intyg till staden innan tj\u00e4nstens s\u00e4ljande, i samband med den f\u00f6rsta faktureringsg\u00e5ngen och d\u00e4refter \u00e5rligen. F\u00f6PL-\/LF\u00f6PL-intyget kan bl.a. skickas med Suomi.fi meddelande\u00a0<a href=\"https:\/\/www.suomi.fi\/meddelanden\">Meddelanden &#8211; Suomi.fi<\/a>.<\/p>\n<p><strong>Faktureringsadress f\u00f6r webb fakturor:<\/strong><br \/>\n\u00c5bo stad<br \/>\nFostran och undervisning\u00a0\/ S:t Olofsskolan<br \/>\nFO-nummer:\u00a00204819-8<br \/>\nN\u00e4tfaktureringsadress:<strong>\u00a000370204819800100<\/strong><br \/>\nOperat\u00f6r: CGI<br \/>\nF\u00f6rmedlarkod: 003703575029<br \/>\nReferens<em>: ink\u00f6psordernummer\u00a0<\/em>eller\u00a0<em>skolsekreterarens e-postadress<\/em><\/p>\n<p>H\u00e4r hittar du mer info och instruktioner f\u00f6r faktureringen:\u00a0<a href=\"https:\/\/www.turku.fi\/sv\/fakturering\">https:\/\/www.turku.fi\/sv\/fakturering<\/a><\/p>\n","protected":false},"excerpt":{"rendered":"<p>\u00c5bo stad\u00a0mottar endast e-fakturor.\u00a0Stadens betalningsvillkor \u00e4r 30 dagar netto. En privat n\u00e4ringsidkare, person som arbetar under firmanamn samt l\u00e4ttf\u00f6retagare som s\u00e4ljer tj\u00e4nster till \u00c5bo stad b\u00f6r l\u00e4mna in ett F\u00f6PL-\/LF\u00f6PL-intyg till staden innan tj\u00e4nstens s\u00e4ljande, i samband med den f\u00f6rsta faktureringsg\u00e5ngen och d\u00e4refter \u00e5rligen. F\u00f6PL-\/LF\u00f6PL-intyget kan bl.a. skickas med Suomi.fi meddelande\u00a0Meddelanden &#8211; Suomi.fi. Faktureringsadress f\u00f6r &hellip; <a href=\"https:\/\/blog.edu.turku.fi\/stolofsskolan\/personal\/faktureringsadress-for-webb-fakturor\/\" class=\"more-link\">Forts\u00e4tt l\u00e4sa<span class=\"screen-reader-text\"> \u201dFaktureringsadress f\u00f6r webb fakturor\u201d<\/span><\/a><\/p>\n","protected":false},"author":53,"featured_media":0,"parent":10,"menu_order":0,"comment_status":"closed","ping_status":"closed","template":"","meta":{"footnotes":""},"class_list":["post-2467","page","type-page","status-publish","hentry"],"_links":{"self":[{"href":"https:\/\/blog.edu.turku.fi\/stolofsskolan\/wp-json\/wp\/v2\/pages\/2467","targetHints":{"allow":["GET"]}}],"collection":[{"href":"https:\/\/blog.edu.turku.fi\/stolofsskolan\/wp-json\/wp\/v2\/pages"}],"about":[{"href":"https:\/\/blog.edu.turku.fi\/stolofsskolan\/wp-json\/wp\/v2\/types\/page"}],"author":[{"embeddable":true,"href":"https:\/\/blog.edu.turku.fi\/stolofsskolan\/wp-json\/wp\/v2\/users\/53"}],"replies":[{"embeddable":true,"href":"https:\/\/blog.edu.turku.fi\/stolofsskolan\/wp-json\/wp\/v2\/comments?post=2467"}],"version-history":[{"count":4,"href":"https:\/\/blog.edu.turku.fi\/stolofsskolan\/wp-json\/wp\/v2\/pages\/2467\/revisions"}],"predecessor-version":[{"id":3173,"href":"https:\/\/blog.edu.turku.fi\/stolofsskolan\/wp-json\/wp\/v2\/pages\/2467\/revisions\/3173"}],"up":[{"embeddable":true,"href":"https:\/\/blog.edu.turku.fi\/stolofsskolan\/wp-json\/wp\/v2\/pages\/10"}],"wp:attachment":[{"href":"https:\/\/blog.edu.turku.fi\/stolofsskolan\/wp-json\/wp\/v2\/media?parent=2467"}],"curies":[{"name":"wp","href":"https:\/\/api.w.org\/{rel}","templated":true}]}}