{"id":201,"date":"2016-10-05T19:56:08","date_gmt":"2016-10-05T16:56:08","guid":{"rendered":"https:\/\/blog.edu.turku.fi\/stolofsskolan\/?page_id=201"},"modified":"2025-05-19T17:48:02","modified_gmt":"2025-05-19T14:48:02","slug":"skoltidningen-olof","status":"publish","type":"page","link":"https:\/\/blog.edu.turku.fi\/stolofsskolan\/skoltidningen-olof\/","title":{"rendered":"Skoltidningen Olof"},"content":{"rendered":"<p align=\"justify\"><span class=\"style23\"><span class=\"style45\">&#8221;Sossens&#8221; skoltidning Olof har utgivits mera regelbundet alltsedan 20.3 2002. Den g\u00f6rs huvudsakligen som ett redaktionellt \u00f6vningsarbete av parallellklasser i \u00e5k 8 men m\u00e5nga bidrag inkommer ocks\u00e5 fr\u00e5n de andra \u00e5rskurserna. Med en del av artiklarna vill vi informera eller visa upp oss f\u00f6r hemmet, varf\u00f6r det \u00e4r angel\u00e4get att man ocks\u00e5 d\u00e4r tar del av tidningen. N\u00e4tversionerna har utgetts sedan nr 14 medan de tidigare tidningarna endast givits som ett A-4 h\u00e4fte. Ny huvudansvarig f\u00f6r tidningen, efter Kenneth Nygr\u00e9n, \u00e4r fr o m majnumret 2023 Victoria Kotkamaa. <\/span><strong><br \/>\n<\/strong><\/span><\/p>\n<p align=\"justify\"><span class=\"style44\">L\u00e4s den senaste n\u00e4tversionen av Olof, <\/span><span class=\"style44\"><span class=\"style45\">(<span class=\"style46\">nr 61 maj 2025<\/span>)<\/span> genom att klicka\u00a0<\/span><span class=\"style44\">p\u00e5 p\u00e4rmbilden nedan! (\u00c4ldre nummer finns l\u00e4ngre ner h\u00e4r p\u00e5 sidan.)<\/span><\/p>\n<h2 align=\"justify\">2025:<\/h2>\n<figure id=\"attachment_3305\" aria-describedby=\"caption-attachment-3305\" style=\"width: 509px\" class=\"wp-caption aligncenter\"><a href=\"https:\/\/blog.edu.turku.fi\/stolofsskolan\/files\/2025\/05\/Pratror-OLOF-NUMMER-61.pdf\"><img loading=\"lazy\" decoding=\"async\" class=\"wp-image-3305 size-large\" src=\"https:\/\/blog.edu.turku.fi\/stolofsskolan\/files\/2025\/05\/Fram-61-509x688.jpg\" alt=\"\" width=\"509\" height=\"688\" srcset=\"https:\/\/blog.edu.turku.fi\/stolofsskolan\/files\/2025\/05\/Fram-61.jpg 509w, https:\/\/blog.edu.turku.fi\/stolofsskolan\/files\/2025\/05\/Fram-61-222x300.jpg 222w\" sizes=\"auto, (max-width: 509px) 85vw, 509px\" \/><\/a><figcaption id=\"caption-attachment-3305\" class=\"wp-caption-text\">Skoltidningen Olof nr 61, maj 2025<\/figcaption><\/figure>\n<h2 align=\"justify\">2024:<\/h2>\n<figure id=\"attachment_3045\" aria-describedby=\"caption-attachment-3045\" style=\"width: 497px\" class=\"wp-caption aligncenter\"><a href=\"https:\/\/drive.google.com\/file\/d\/1Mmv_9sZzziUHuj2wcY456r9Tj_Jbzal_\/view?usp=sharing\"><img loading=\"lazy\" decoding=\"async\" class=\"wp-image-3045 \" src=\"https:\/\/blog.edu.turku.fi\/stolofsskolan\/files\/2024\/05\/Olof-60-fram-1-605x749.jpg\" alt=\"\" width=\"497\" height=\"615\" srcset=\"https:\/\/blog.edu.turku.fi\/stolofsskolan\/files\/2024\/05\/Olof-60-fram-1.jpg 605w, https:\/\/blog.edu.turku.fi\/stolofsskolan\/files\/2024\/05\/Olof-60-fram-1-242x300.jpg 242w\" sizes=\"auto, (max-width: 497px) 85vw, 497px\" \/><\/a><figcaption id=\"caption-attachment-3045\" class=\"wp-caption-text\">Skoltidningen Olof nr 60, maj 2024<\/figcaption><\/figure>\n<h2 align=\"justify\">2023:<\/h2>\n<figure id=\"attachment_2638\" aria-describedby=\"caption-attachment-2638\" style=\"width: 449px\" class=\"wp-caption aligncenter\"><a href=\"https:\/\/drive.google.com\/file\/d\/1XjWRFi8NIpRJz4cpwWpqXLXpNZwA9Uf1\/view?usp=sharing\"><img loading=\"lazy\" decoding=\"async\" class=\"wp-image-2638 size-large\" src=\"https:\/\/blog.edu.turku.fi\/stolofsskolan\/files\/2023\/05\/OlofNY59fram-449x586.jpg\" alt=\"\" width=\"449\" height=\"586\" srcset=\"https:\/\/blog.edu.turku.fi\/stolofsskolan\/files\/2023\/05\/OlofNY59fram.jpg 449w, https:\/\/blog.edu.turku.fi\/stolofsskolan\/files\/2023\/05\/OlofNY59fram-230x300.jpg 230w\" sizes=\"auto, (max-width: 449px) 85vw, 449px\" \/><\/a><figcaption id=\"caption-attachment-2638\" class=\"wp-caption-text\">Skoltidningen Olof nr 59, maj 2023<\/figcaption><\/figure>\n<h2 align=\"justify\">2022:<\/h2>\n<h4><a href=\"https:\/\/blog.edu.turku.fi\/stolofsskolan\/files\/2022\/05\/Olof-58.pdf\"><img loading=\"lazy\" decoding=\"async\" class=\"wp-image-2351\" src=\"https:\/\/blog.edu.turku.fi\/stolofsskolan\/files\/2022\/05\/Olof_fram_58-214x300.jpg\" alt=\"\" width=\"369\" height=\"517\" srcset=\"https:\/\/blog.edu.turku.fi\/stolofsskolan\/files\/2022\/05\/Olof_fram_58-214x300.jpg 214w, https:\/\/blog.edu.turku.fi\/stolofsskolan\/files\/2022\/05\/Olof_fram_58.jpg 314w\" sizes=\"auto, (max-width: 369px) 85vw, 369px\" \/><\/a><\/h4>\n<p>Nr 58, (maj 2022)<\/p>\n<h2 align=\"justify\">2021:<\/h2>\n<figure id=\"attachment_2302\" aria-describedby=\"caption-attachment-2302\" style=\"width: 238px\" class=\"wp-caption alignleft\"><a href=\"https:\/\/blog.edu.turku.fi\/stolofsskolan\/files\/2021\/12\/Olof-57.pdf\"><img loading=\"lazy\" decoding=\"async\" class=\"wp-image-2302 size-full\" src=\"https:\/\/blog.edu.turku.fi\/stolofsskolan\/files\/2021\/12\/Olof-fram-57.jpg\" alt=\"\" width=\"238\" height=\"309\" srcset=\"https:\/\/blog.edu.turku.fi\/stolofsskolan\/files\/2021\/12\/Olof-fram-57.jpg 238w, https:\/\/blog.edu.turku.fi\/stolofsskolan\/files\/2021\/12\/Olof-fram-57-231x300.jpg 231w\" sizes=\"auto, (max-width: 238px) 85vw, 238px\" \/><\/a><figcaption id=\"caption-attachment-2302\" class=\"wp-caption-text\">Nr 57, (december 2021)<\/figcaption><\/figure>\n<figure id=\"attachment_2180\" aria-describedby=\"caption-attachment-2180\" style=\"width: 225px\" class=\"wp-caption alignleft\"><a href=\"https:\/\/blog.edu.turku.fi\/stolofsskolan\/files\/2021\/05\/Olof-56.pdf\"><img loading=\"lazy\" decoding=\"async\" class=\"wp-image-2180\" src=\"https:\/\/blog.edu.turku.fi\/stolofsskolan\/files\/2021\/05\/Parm56-1-218x300.jpg\" alt=\"\" width=\"225\" height=\"309\" srcset=\"https:\/\/blog.edu.turku.fi\/stolofsskolan\/files\/2021\/05\/Parm56-1-218x300.jpg 218w, https:\/\/blog.edu.turku.fi\/stolofsskolan\/files\/2021\/05\/Parm56-1.jpg 444w\" sizes=\"auto, (max-width: 225px) 85vw, 225px\" \/><\/a><figcaption id=\"caption-attachment-2180\" class=\"wp-caption-text\">Nr 56, (maj 2021)<\/figcaption><\/figure>\n<h2 align=\"justify\">2020:<\/h2>\n<figure id=\"attachment_2059\" aria-describedby=\"caption-attachment-2059\" style=\"width: 224px\" class=\"wp-caption alignleft\"><a href=\"https:\/\/blog.edu.turku.fi\/stolofsskolan\/files\/2020\/12\/Olof-55.pdf\"><img loading=\"lazy\" decoding=\"async\" class=\" wp-image-2059\" src=\"https:\/\/blog.edu.turku.fi\/stolofsskolan\/files\/2020\/12\/Olof_55_fram-221x300.jpg\" alt=\"Nr 55\" width=\"224\" height=\"304\" srcset=\"https:\/\/blog.edu.turku.fi\/stolofsskolan\/files\/2020\/12\/Olof_55_fram-221x300.jpg 221w, https:\/\/blog.edu.turku.fi\/stolofsskolan\/files\/2020\/12\/Olof_55_fram.jpg 299w\" sizes=\"auto, (max-width: 224px) 85vw, 224px\" \/><\/a><figcaption id=\"caption-attachment-2059\" class=\"wp-caption-text\">Nr 55, (december 2020)<\/figcaption><\/figure>\n<figure id=\"attachment_1902\" aria-describedby=\"caption-attachment-1902\" style=\"width: 218px\" class=\"wp-caption alignleft\"><a href=\"https:\/\/drive.google.com\/file\/d\/1uNa3Z6_4NxuQlK9YGDsK89tiE-vMmefi\/view?usp=sharing\"><img loading=\"lazy\" decoding=\"async\" class=\"wp-image-1902\" src=\"https:\/\/blog.edu.turku.fi\/stolofsskolan\/files\/2020\/05\/Olof_54-217x296.jpg\" alt=\"\" width=\"218\" height=\"298\" \/><\/a><figcaption id=\"caption-attachment-1902\" class=\"wp-caption-text\">Nr 54, (maj 2020)<\/figcaption><\/figure>\n<h6 align=\"justify\"><\/h6>\n<h2 align=\"justify\">2019:<\/h2>\n<figure id=\"attachment_1797\" aria-describedby=\"caption-attachment-1797\" style=\"width: 170px\" class=\"wp-caption alignleft\"><a href=\"https:\/\/drive.google.com\/file\/d\/1yF6u5S5kvH5T6J7dfVw45SpeBx_MBk4o\/view?usp=sharing\"><img loading=\"lazy\" decoding=\"async\" class=\"wp-image-1797\" src=\"https:\/\/blog.edu.turku.fi\/stolofsskolan\/files\/2019\/11\/olof_53-208x300.jpg\" alt=\"Skoltidningen Olof nummer 53. L\u00e4s tidningen genom att klicka p\u00e5 denna bild.\" width=\"170\" height=\"245\" srcset=\"https:\/\/blog.edu.turku.fi\/stolofsskolan\/files\/2019\/11\/olof_53-208x300.jpg 208w, https:\/\/blog.edu.turku.fi\/stolofsskolan\/files\/2019\/11\/olof_53.jpg 286w\" sizes=\"auto, (max-width: 170px) 85vw, 170px\" \/><\/a><figcaption id=\"caption-attachment-1797\" class=\"wp-caption-text\">Nr 53, (november 2019)<\/figcaption><\/figure>\n<figure id=\"attachment_1636\" aria-describedby=\"caption-attachment-1636\" style=\"width: 167px\" class=\"wp-caption alignleft\"><a style=\"font-weight: bold;background-color: transparent;text-align: inherit\" href=\"https:\/\/drive.google.com\/file\/d\/1sOgts3VFpJVXsRE7m-Yr48flOR5NCD26\/view?usp=sharing\"><img loading=\"lazy\" decoding=\"async\" class=\"wp-image-1636\" src=\"https:\/\/blog.edu.turku.fi\/stolofsskolan\/files\/2019\/05\/oloffram52-212x300.jpg\" alt=\"Skoltidningen Olof nummer 52. L\u00e4s tidningen genom att klicka p\u00e5 denna bild.\" width=\"167\" height=\"236\" srcset=\"https:\/\/blog.edu.turku.fi\/stolofsskolan\/files\/2019\/05\/oloffram52-212x300.jpg 212w, https:\/\/blog.edu.turku.fi\/stolofsskolan\/files\/2019\/05\/oloffram52-724x1024.jpg 724w, https:\/\/blog.edu.turku.fi\/stolofsskolan\/files\/2019\/05\/oloffram52.jpg 1448w\" sizes=\"auto, (max-width: 167px) 85vw, 167px\" \/><\/a><figcaption id=\"caption-attachment-1636\" class=\"wp-caption-text\">Nr 52, (maj 2019)<\/figcaption><\/figure>\n<figure id=\"attachment_1513\" aria-describedby=\"caption-attachment-1513\" style=\"width: 162px\" class=\"wp-caption alignleft\"><a style=\"background-color: transparent;text-align: inherit;font-size: 16px\" href=\"https:\/\/drive.google.com\/file\/d\/1A9xgZlPN0rkmEiUTSGEFZXPR0iuGJ4hd\/view?usp=sharing\"><img loading=\"lazy\" decoding=\"async\" class=\"wp-image-1513\" src=\"https:\/\/blog.edu.turku.fi\/stolofsskolan\/files\/2019\/03\/Olof_51-205x300.jpg\" alt=\"Nummer 51, (mars 2019) PDF 5 MB.\" width=\"162\" height=\"237\" srcset=\"https:\/\/blog.edu.turku.fi\/stolofsskolan\/files\/2019\/03\/Olof_51-205x300.jpg 205w, https:\/\/blog.edu.turku.fi\/stolofsskolan\/files\/2019\/03\/Olof_51.jpg 317w\" sizes=\"auto, (max-width: 162px) 85vw, 162px\" \/><\/a><figcaption id=\"caption-attachment-1513\" class=\"wp-caption-text\">Nr 51, (mars 2019)<\/figcaption><\/figure>\n<h2 align=\"justify\">2018:<\/h2>\n<figure id=\"attachment_1412\" aria-describedby=\"caption-attachment-1412\" style=\"width: 213px\" class=\"wp-caption alignleft\"><a href=\"https:\/\/drive.google.com\/file\/d\/1RQxDMdJfNuveHmOY81CFVsgm2LVxbyE_\/view?usp=sharing\"><img loading=\"lazy\" decoding=\"async\" class=\"wp-image-1412\" src=\"https:\/\/blog.edu.turku.fi\/stolofsskolan\/files\/2018\/11\/fram50-214x300.jpg\" alt=\"Jubileumsnummer nummer 50 (november 2018) PDF.\" width=\"213\" height=\"299\" srcset=\"https:\/\/blog.edu.turku.fi\/stolofsskolan\/files\/2018\/11\/fram50-214x300.jpg 214w, https:\/\/blog.edu.turku.fi\/stolofsskolan\/files\/2018\/11\/fram50-731x1024.jpg 731w, https:\/\/blog.edu.turku.fi\/stolofsskolan\/files\/2018\/11\/fram50.jpg 802w\" sizes=\"auto, (max-width: 213px) 85vw, 213px\" \/><\/a><figcaption id=\"caption-attachment-1412\" class=\"wp-caption-text\">Jubileumsnummer 50 (november 2018) PDF.<\/figcaption><\/figure>\n<p>&nbsp;<\/p>\n<figure id=\"attachment_1268\" aria-describedby=\"caption-attachment-1268\" style=\"width: 159px\" class=\"wp-caption alignleft\"><a href=\"https:\/\/drive.google.com\/file\/d\/1Nnl54pHAOSQeI7nC-P9fH0jnBXYm5NLw\/view?usp=sharing\"><img loading=\"lazy\" decoding=\"async\" class=\"wp-image-1268\" src=\"https:\/\/blog.edu.turku.fi\/stolofsskolan\/files\/2018\/05\/fram49-260x369.jpg\" alt=\"Nummer 49 (maj 2018) PDF.\" width=\"159\" height=\"226\" srcset=\"https:\/\/blog.edu.turku.fi\/stolofsskolan\/files\/2018\/05\/fram49.jpg 260w, https:\/\/blog.edu.turku.fi\/stolofsskolan\/files\/2018\/05\/fram49-211x300.jpg 211w\" sizes=\"auto, (max-width: 159px) 85vw, 159px\" \/><\/a><figcaption id=\"caption-attachment-1268\" class=\"wp-caption-text\">Nr 49 (maj 2018).<\/figcaption><\/figure>\n<figure id=\"attachment_1229\" aria-describedby=\"caption-attachment-1229\" style=\"width: 159px\" class=\"wp-caption alignleft\"><a href=\"https:\/\/drive.google.com\/file\/d\/1cmuXctd6Vs-To_Gx2JbEYOs0C-KljW3s\/view?usp=sharing\"><img loading=\"lazy\" decoding=\"async\" class=\"wp-image-1229\" src=\"https:\/\/blog.edu.turku.fi\/stolofsskolan\/files\/2018\/03\/fram_48-724x1024.jpg\" alt=\"Nummer 48 (mars 2018) PDF.\" width=\"159\" height=\"225\" srcset=\"https:\/\/blog.edu.turku.fi\/stolofsskolan\/files\/2018\/03\/fram_48-724x1024.jpg 724w, https:\/\/blog.edu.turku.fi\/stolofsskolan\/files\/2018\/03\/fram_48-212x300.jpg 212w, https:\/\/blog.edu.turku.fi\/stolofsskolan\/files\/2018\/03\/fram_48.jpg 794w\" sizes=\"auto, (max-width: 159px) 85vw, 159px\" \/><\/a><figcaption id=\"caption-attachment-1229\" class=\"wp-caption-text\">Nr 48 (mars 2018).<\/figcaption><\/figure>\n<h2 align=\"justify\">\u00a02017:<\/h2>\n<figure id=\"attachment_701\" aria-describedby=\"caption-attachment-701\" style=\"width: 222px\" class=\"wp-caption alignleft\"><a href=\"https:\/\/drive.google.com\/file\/d\/0B0MQx5UJl7zcQWs0elJ0X0FaVGc\/view?usp=sharing\"><img loading=\"lazy\" decoding=\"async\" class=\"wp-image-701\" src=\"https:\/\/blog.edu.turku.fi\/stolofsskolan\/files\/2016\/10\/nummer-46-216x300.jpg\" alt=\"Nummer 46 (maj 2017) PDF.\" width=\"222\" height=\"308\" srcset=\"https:\/\/blog.edu.turku.fi\/stolofsskolan\/files\/2016\/10\/nummer-46-216x300.jpg 216w, https:\/\/blog.edu.turku.fi\/stolofsskolan\/files\/2016\/10\/nummer-46.jpg 389w\" sizes=\"auto, (max-width: 222px) 85vw, 222px\" \/><\/a><figcaption id=\"caption-attachment-701\" class=\"wp-caption-text\">Nr 46 (maj 2017).<\/figcaption><\/figure>\n<figure id=\"attachment_1085\" aria-describedby=\"caption-attachment-1085\" style=\"width: 221px\" class=\"wp-caption alignleft\"><a href=\"https:\/\/drive.google.com\/file\/d\/18dWEUGrArW3oWR72GnB3PHohh-Ck_GjX\/view?usp=sharing\"><img loading=\"lazy\" decoding=\"async\" class=\"wp-image-1085\" src=\"https:\/\/blog.edu.turku.fi\/stolofsskolan\/files\/2016\/10\/fram47-318x450.png\" alt=\"Nummer 47 (december 2017) PDF.\" width=\"221\" height=\"313\" srcset=\"https:\/\/blog.edu.turku.fi\/stolofsskolan\/files\/2016\/10\/fram47.png 318w, https:\/\/blog.edu.turku.fi\/stolofsskolan\/files\/2016\/10\/fram47-212x300.png 212w\" sizes=\"auto, (max-width: 221px) 85vw, 221px\" \/><\/a><figcaption id=\"caption-attachment-1085\" class=\"wp-caption-text\">Nr 47 (december 2017).<\/figcaption><\/figure>\n<h2>2016:<\/h2>\n<figure id=\"attachment_461\" aria-describedby=\"caption-attachment-461\" style=\"width: 173px\" class=\"wp-caption alignleft\"><a href=\"https:\/\/drive.google.com\/file\/d\/0B0MQx5UJl7zcVERtU1FUcnNiX1U\/view?usp=sharing\"><img loading=\"lazy\" decoding=\"async\" class=\"wp-image-461\" src=\"https:\/\/blog.edu.turku.fi\/stolofsskolan\/files\/2016\/11\/olof_45.jpg\" alt=\"Olof nummer 45 (december 2016) PDF.\" width=\"173\" height=\"249\" srcset=\"https:\/\/blog.edu.turku.fi\/stolofsskolan\/files\/2016\/11\/olof_45.jpg 305w, https:\/\/blog.edu.turku.fi\/stolofsskolan\/files\/2016\/11\/olof_45-208x300.jpg 208w\" sizes=\"auto, (max-width: 173px) 85vw, 173px\" \/><\/a><figcaption id=\"caption-attachment-461\" class=\"wp-caption-text\">Olof nr 45 (december 2016).<\/figcaption><\/figure>\n<figure id=\"attachment_1087\" aria-describedby=\"caption-attachment-1087\" style=\"width: 181px\" class=\"wp-caption alignleft\"><a href=\"https:\/\/drive.google.com\/file\/d\/0B0MQx5UJl7zcVDZzc2R6aEgyUWM\/view?usp=sharing\"><img loading=\"lazy\" decoding=\"async\" class=\"wp-image-1087\" src=\"https:\/\/blog.edu.turku.fi\/stolofsskolan\/files\/2016\/10\/Olof_44-311x449.jpg\" alt=\"Olof nummer 44 (maj 2016) PDF.\" width=\"181\" height=\"262\" srcset=\"https:\/\/blog.edu.turku.fi\/stolofsskolan\/files\/2016\/10\/Olof_44.jpg 311w, https:\/\/blog.edu.turku.fi\/stolofsskolan\/files\/2016\/10\/Olof_44-208x300.jpg 208w\" sizes=\"auto, (max-width: 181px) 85vw, 181px\" \/><\/a><figcaption id=\"caption-attachment-1087\" class=\"wp-caption-text\">Olof nr 44 (maj 2016).<\/figcaption><\/figure>\n<figure id=\"attachment_222\" aria-describedby=\"caption-attachment-222\" style=\"width: 171px\" class=\"wp-caption alignleft\"><a href=\"https:\/\/drive.google.com\/file\/d\/0B0MQx5UJl7zcRWFCRm02V0k4cXM\/view?usp=sharing\"><img loading=\"lazy\" decoding=\"async\" class=\"wp-image-222\" src=\"https:\/\/blog.edu.turku.fi\/stolofsskolan\/files\/2016\/10\/framsida_43-209x300.png\" alt=\"Olof nummer 43 (mars 2016) PDF.\" width=\"171\" height=\"245\" srcset=\"https:\/\/blog.edu.turku.fi\/stolofsskolan\/files\/2016\/10\/framsida_43-209x300.png 209w, https:\/\/blog.edu.turku.fi\/stolofsskolan\/files\/2016\/10\/framsida_43.png 380w\" sizes=\"auto, (max-width: 171px) 85vw, 171px\" \/><\/a><figcaption id=\"caption-attachment-222\" class=\"wp-caption-text\">Olof nr 43 (mars 2016).<\/figcaption><\/figure>\n<h2><strong>2015:<\/strong><\/h2>\n<figure id=\"attachment_223\" aria-describedby=\"caption-attachment-223\" style=\"width: 210px\" class=\"wp-caption alignleft\"><a href=\"https:\/\/drive.google.com\/file\/d\/0B0MQx5UJl7zcamNqc1RsYktDUTQ\/view?usp=sharing\"><img loading=\"lazy\" decoding=\"async\" class=\"wp-image-223 size-medium\" src=\"https:\/\/blog.edu.turku.fi\/stolofsskolan\/files\/2016\/10\/framsida_42-210x300.png\" alt=\"Olof nummer 42 (mars 2015) PDF.\" width=\"210\" height=\"300\" srcset=\"https:\/\/blog.edu.turku.fi\/stolofsskolan\/files\/2016\/10\/framsida_42-210x300.png 210w, https:\/\/blog.edu.turku.fi\/stolofsskolan\/files\/2016\/10\/framsida_42.png 332w\" sizes=\"auto, (max-width: 210px) 85vw, 210px\" \/><\/a><figcaption id=\"caption-attachment-223\" class=\"wp-caption-text\">Olof nr 42 (november 2015).<\/figcaption><\/figure>\n<figure id=\"attachment_224\" aria-describedby=\"caption-attachment-224\" style=\"width: 210px\" class=\"wp-caption alignleft\"><a href=\"https:\/\/drive.google.com\/file\/d\/0B0MQx5UJl7zcaVN0akxRcXNuRmM\/view?usp=sharing\"><img loading=\"lazy\" decoding=\"async\" class=\"wp-image-224 size-medium\" src=\"https:\/\/blog.edu.turku.fi\/stolofsskolan\/files\/2016\/10\/Olof_41_framsida-210x300.png\" alt=\"Olof nummer 41 (maj 2015) PDF.\" width=\"210\" height=\"300\" srcset=\"https:\/\/blog.edu.turku.fi\/stolofsskolan\/files\/2016\/10\/Olof_41_framsida-210x300.png 210w, https:\/\/blog.edu.turku.fi\/stolofsskolan\/files\/2016\/10\/Olof_41_framsida.png 333w\" sizes=\"auto, (max-width: 210px) 85vw, 210px\" \/><\/a><figcaption id=\"caption-attachment-224\" class=\"wp-caption-text\">Olof nr 41 (maj 2015).<\/figcaption><\/figure>\n<figure id=\"attachment_225\" aria-describedby=\"caption-attachment-225\" style=\"width: 211px\" class=\"wp-caption alignleft\"><a href=\"https:\/\/drive.google.com\/file\/d\/0B0MQx5UJl7zcM05vakJTVURlN3c\/view?usp=sharing\"><img loading=\"lazy\" decoding=\"async\" class=\"wp-image-225 size-medium\" src=\"https:\/\/blog.edu.turku.fi\/stolofsskolan\/files\/2016\/10\/Olof_nr40-211x300.jpg\" alt=\"Olof nummer 40 (mars 2015) PDF.\" width=\"211\" height=\"300\" srcset=\"https:\/\/blog.edu.turku.fi\/stolofsskolan\/files\/2016\/10\/Olof_nr40-211x300.jpg 211w, https:\/\/blog.edu.turku.fi\/stolofsskolan\/files\/2016\/10\/Olof_nr40.jpg 338w\" sizes=\"auto, (max-width: 211px) 85vw, 211px\" \/><\/a><figcaption id=\"caption-attachment-225\" class=\"wp-caption-text\">Olof nr 40 (mars 2015).<\/figcaption><\/figure>\n<p>&nbsp;<\/p>\n<p>&nbsp;<\/p>\n<p>&nbsp;<\/p>\n<p>&nbsp;<\/p>\n<p>&nbsp;<\/p>\n<p>&nbsp;<\/p>\n<p>&nbsp;<\/p>\n<p>&nbsp;<\/p>\n<p>&nbsp;<\/p>\n<p>&nbsp;<\/p>\n<p>&nbsp;<\/p>\n<p>&nbsp;<\/p>\n<p>&nbsp;<\/p>\n<p><a style=\"clear: both\" href=\"https:\/\/drive.google.com\/file\/d\/0B0MQx5UJl7zcd05zVVZseTFpTFU\/view?usp=sharing\"><strong>\u00c4ldre upplagor av skoltidningen Olof hittar du genom att klicka p\u00e5 den h\u00e4r l\u00e4nken<\/strong><\/a><\/p>\n<p>&nbsp;<\/p>\n","protected":false},"excerpt":{"rendered":"<p>&#8221;Sossens&#8221; skoltidning Olof har utgivits mera regelbundet alltsedan 20.3 2002. Den g\u00f6rs huvudsakligen som ett redaktionellt \u00f6vningsarbete av parallellklasser i \u00e5k 8 men m\u00e5nga bidrag inkommer ocks\u00e5 fr\u00e5n de andra \u00e5rskurserna. Med en del av artiklarna vill vi informera eller visa upp oss f\u00f6r hemmet, varf\u00f6r det \u00e4r angel\u00e4get att man ocks\u00e5 d\u00e4r tar del &hellip; <a href=\"https:\/\/blog.edu.turku.fi\/stolofsskolan\/skoltidningen-olof\/\" class=\"more-link\">Forts\u00e4tt l\u00e4sa<span class=\"screen-reader-text\"> \u201dSkoltidningen Olof\u201d<\/span><\/a><\/p>\n","protected":false},"author":53,"featured_media":0,"parent":0,"menu_order":0,"comment_status":"closed","ping_status":"closed","template":"","meta":{"footnotes":""},"class_list":["post-201","page","type-page","status-publish","hentry"],"_links":{"self":[{"href":"https:\/\/blog.edu.turku.fi\/stolofsskolan\/wp-json\/wp\/v2\/pages\/201","targetHints":{"allow":["GET"]}}],"collection":[{"href":"https:\/\/blog.edu.turku.fi\/stolofsskolan\/wp-json\/wp\/v2\/pages"}],"about":[{"href":"https:\/\/blog.edu.turku.fi\/stolofsskolan\/wp-json\/wp\/v2\/types\/page"}],"author":[{"embeddable":true,"href":"https:\/\/blog.edu.turku.fi\/stolofsskolan\/wp-json\/wp\/v2\/users\/53"}],"replies":[{"embeddable":true,"href":"https:\/\/blog.edu.turku.fi\/stolofsskolan\/wp-json\/wp\/v2\/comments?post=201"}],"version-history":[{"count":80,"href":"https:\/\/blog.edu.turku.fi\/stolofsskolan\/wp-json\/wp\/v2\/pages\/201\/revisions"}],"predecessor-version":[{"id":3307,"href":"https:\/\/blog.edu.turku.fi\/stolofsskolan\/wp-json\/wp\/v2\/pages\/201\/revisions\/3307"}],"wp:attachment":[{"href":"https:\/\/blog.edu.turku.fi\/stolofsskolan\/wp-json\/wp\/v2\/media?parent=201"}],"curies":[{"name":"wp","href":"https:\/\/api.w.org\/{rel}","templated":true}]}}