{"id":196,"date":"2016-10-05T19:48:31","date_gmt":"2016-10-05T16:48:31","guid":{"rendered":"https:\/\/blog.edu.turku.fi\/stolofsskolan\/?page_id=196"},"modified":"2025-11-01T08:04:28","modified_gmt":"2025-11-01T06:04:28","slug":"handelser-under-lasaret","status":"publish","type":"page","link":"https:\/\/blog.edu.turku.fi\/stolofsskolan\/arbetstider\/handelser-under-lasaret\/","title":{"rendered":"H\u00e4ndelser under l\u00e4s\u00e5ret"},"content":{"rendered":"<p><strong>\u00c5k 7<\/strong><br \/>\nSkolan har utvecklat ett program f\u00f6r att underl\u00e4tta elevernas anpassning till den nya skolan. M\u00e5let \u00e4r att eleverna skall l\u00e4ra k\u00e4nna varandra och att ett gott och tryggt klassklimat skall uppst\u00e5. Under h\u00f6stterminen tillbringar klassen och klassf\u00f6rest\u00e5ndaren tid tillsammans b\u00e5de inom och utanf\u00f6r skolan. D\u00e5 sysslar man bl a med gruppdynamiska \u00f6vningar av olika slag. P\u00e5 v\u00e5ren tillbringar \u00e5k 7 klassvis, tillsammans med klassf\u00f6rest\u00e5ndare och v\u00e4nelever samt en dag tillsammans utanf\u00f6r skolan.<\/p>\n<p><strong>\u00c5k 8<\/strong><br \/>\n<a href=\"https:\/\/taidetestaajat.fi\/?lang=sv\">Konstestarna<\/a>. &#8221;<em>Konsttestarna \u00e4r Finlands st\u00f6rsta program i konstfostran. Verksamheten tar med alla \u00e5ttondeklassare i Finland och deras l\u00e4rare p\u00e5 1\u20132 h\u00f6gklassiga konstbes\u00f6k om \u00e5ret<\/em>.&#8221;<br \/>\nUnder en vecka p\u00e5 v\u00e5rterminen \u00e4r hela \u00e5rskurs 8 ute i arbetslivet (PRAO).<\/p>\n<p><strong>\u00c5k 9<\/strong><br \/>\nPRAO f\u00f6r \u00e5rskurs 9 infaller under h\u00f6stterminen och omfattar fem arbetsdagar. P\u00e5 h\u00f6sten\/vintern bes\u00f6ker hela \u00e5k 9 olika utbildningsanstalter, bekantar sig med n\u00e4ringslivet samt bes\u00f6ker bland annat tingsr\u00e4tten, fullm\u00e4ktige och riksdagen.<\/p>\n<ul>\n<li style=\"list-style-type: none\">\n<ul>\n<li>Alla \u00e5rskurser har en klasstimme per m\u00e5nad.<\/li>\n<\/ul>\n<\/li>\n<\/ul>\n<ul>\n<li>Ovanst\u00e5ende \u00e4r \u00e5rligen \u00e5terkommande h\u00e4ndelser. I Wilmas veckobrev informeras n\u00e4rmare om andra aktuella h\u00e4ndelser under l\u00e4s\u00e5ret.<\/li>\n<\/ul>\n<p>&nbsp;<\/p>\n","protected":false},"excerpt":{"rendered":"<p>\u00c5k 7 Skolan har utvecklat ett program f\u00f6r att underl\u00e4tta elevernas anpassning till den nya skolan. M\u00e5let \u00e4r att eleverna skall l\u00e4ra k\u00e4nna varandra och att ett gott och tryggt klassklimat skall uppst\u00e5. Under h\u00f6stterminen tillbringar klassen och klassf\u00f6rest\u00e5ndaren tid tillsammans b\u00e5de inom och utanf\u00f6r skolan. D\u00e5 sysslar man bl a med gruppdynamiska \u00f6vningar av &hellip; <a href=\"https:\/\/blog.edu.turku.fi\/stolofsskolan\/arbetstider\/handelser-under-lasaret\/\" class=\"more-link\">Forts\u00e4tt l\u00e4sa<span class=\"screen-reader-text\"> \u201dH\u00e4ndelser under l\u00e4s\u00e5ret\u201d<\/span><\/a><\/p>\n","protected":false},"author":53,"featured_media":0,"parent":12,"menu_order":0,"comment_status":"closed","ping_status":"closed","template":"","meta":{"footnotes":""},"class_list":["post-196","page","type-page","status-publish","hentry"],"_links":{"self":[{"href":"https:\/\/blog.edu.turku.fi\/stolofsskolan\/wp-json\/wp\/v2\/pages\/196","targetHints":{"allow":["GET"]}}],"collection":[{"href":"https:\/\/blog.edu.turku.fi\/stolofsskolan\/wp-json\/wp\/v2\/pages"}],"about":[{"href":"https:\/\/blog.edu.turku.fi\/stolofsskolan\/wp-json\/wp\/v2\/types\/page"}],"author":[{"embeddable":true,"href":"https:\/\/blog.edu.turku.fi\/stolofsskolan\/wp-json\/wp\/v2\/users\/53"}],"replies":[{"embeddable":true,"href":"https:\/\/blog.edu.turku.fi\/stolofsskolan\/wp-json\/wp\/v2\/comments?post=196"}],"version-history":[{"count":23,"href":"https:\/\/blog.edu.turku.fi\/stolofsskolan\/wp-json\/wp\/v2\/pages\/196\/revisions"}],"predecessor-version":[{"id":3374,"href":"https:\/\/blog.edu.turku.fi\/stolofsskolan\/wp-json\/wp\/v2\/pages\/196\/revisions\/3374"}],"up":[{"embeddable":true,"href":"https:\/\/blog.edu.turku.fi\/stolofsskolan\/wp-json\/wp\/v2\/pages\/12"}],"wp:attachment":[{"href":"https:\/\/blog.edu.turku.fi\/stolofsskolan\/wp-json\/wp\/v2\/media?parent=196"}],"curies":[{"name":"wp","href":"https:\/\/api.w.org\/{rel}","templated":true}]}}