{"id":187,"date":"2016-10-05T19:35:39","date_gmt":"2016-10-05T16:35:39","guid":{"rendered":"https:\/\/blog.edu.turku.fi\/stolofsskolan\/?page_id=187"},"modified":"2025-01-18T10:05:51","modified_gmt":"2025-01-18T08:05:51","slug":"blanketter","status":"publish","type":"page","link":"https:\/\/blog.edu.turku.fi\/stolofsskolan\/blanketter\/","title":{"rendered":"Blanketter"},"content":{"rendered":"<p><span class=\"style23\"><strong>FR\u00c5NVARO FR\u00c5N SKOLAN<\/strong><br \/>\n<\/span><\/p>\n<p><span class=\"style23\">Var v\u00e4nlig och meddela via <a href=\"https:\/\/turku.inschool.fi\/\">Wilma<\/a> om ditt barn \u00e4r sjuk. <\/span><\/p>\n<p><span class=\"style23\">Om du av andra sk\u00e4l \u00e4n pga sjukdom vill anh\u00e5lla om ledighet fr\u00e5n skolan f\u00f6r ditt barn, ans\u00f6k om det i god tid. Blanketten ifylls elektroniskt via Wilma <\/span>under fliken<i> Ans\u00f6kningar och beslut \u2192 G\u00f6r en ny ans\u00f6kan<\/i>. (Svenska b\u00f6r spr\u00e5kinst\u00e4llningen i Wilma vara.) <span style=\"font-weight: 400\">Klassf\u00f6rest\u00e5ndaren kan bevilja ledighet f\u00f6r 1-3 dagar och rektorn beviljar l\u00e4ngre ledighet.\u00a0<\/span><\/p>\n<p><span class=\"style23\">Observera att fr\u00e5nvaro fr\u00e5n skolan kan leda till att eleven blir efter i skolarbetet och kan f\u00e5 sv\u00e5rt att h\u00e4nga med. Skolan har inte resurser f\u00f6r att ge st\u00f6dundervisning f\u00f6r s\u00e5dant l\u00e4rostoff som man missat pga resa, det m\u00e5ste man sj\u00e4lv se till att man tar igen.<\/span><\/p>\n","protected":false},"excerpt":{"rendered":"<p>FR\u00c5NVARO FR\u00c5N SKOLAN Var v\u00e4nlig och meddela via Wilma om ditt barn \u00e4r sjuk. Om du av andra sk\u00e4l \u00e4n pga sjukdom vill anh\u00e5lla om ledighet fr\u00e5n skolan f\u00f6r ditt barn, ans\u00f6k om det i god tid. Blanketten ifylls elektroniskt via Wilma under fliken Ans\u00f6kningar och beslut \u2192 G\u00f6r en ny ans\u00f6kan. (Svenska b\u00f6r spr\u00e5kinst\u00e4llningen &hellip; <a href=\"https:\/\/blog.edu.turku.fi\/stolofsskolan\/blanketter\/\" class=\"more-link\">Forts\u00e4tt l\u00e4sa<span class=\"screen-reader-text\"> \u201dBlanketter\u201d<\/span><\/a><\/p>\n","protected":false},"author":53,"featured_media":0,"parent":0,"menu_order":0,"comment_status":"closed","ping_status":"closed","template":"","meta":{"footnotes":""},"class_list":["post-187","page","type-page","status-publish","hentry"],"_links":{"self":[{"href":"https:\/\/blog.edu.turku.fi\/stolofsskolan\/wp-json\/wp\/v2\/pages\/187","targetHints":{"allow":["GET"]}}],"collection":[{"href":"https:\/\/blog.edu.turku.fi\/stolofsskolan\/wp-json\/wp\/v2\/pages"}],"about":[{"href":"https:\/\/blog.edu.turku.fi\/stolofsskolan\/wp-json\/wp\/v2\/types\/page"}],"author":[{"embeddable":true,"href":"https:\/\/blog.edu.turku.fi\/stolofsskolan\/wp-json\/wp\/v2\/users\/53"}],"replies":[{"embeddable":true,"href":"https:\/\/blog.edu.turku.fi\/stolofsskolan\/wp-json\/wp\/v2\/comments?post=187"}],"version-history":[{"count":27,"href":"https:\/\/blog.edu.turku.fi\/stolofsskolan\/wp-json\/wp\/v2\/pages\/187\/revisions"}],"predecessor-version":[{"id":3251,"href":"https:\/\/blog.edu.turku.fi\/stolofsskolan\/wp-json\/wp\/v2\/pages\/187\/revisions\/3251"}],"wp:attachment":[{"href":"https:\/\/blog.edu.turku.fi\/stolofsskolan\/wp-json\/wp\/v2\/media?parent=187"}],"curies":[{"name":"wp","href":"https:\/\/api.w.org\/{rel}","templated":true}]}}