{"id":1615,"date":"2019-05-15T13:56:07","date_gmt":"2019-05-15T10:56:07","guid":{"rendered":"https:\/\/blog.edu.turku.fi\/stolofsskolan\/?page_id=1615"},"modified":"2023-09-16T12:04:57","modified_gmt":"2023-09-16T09:04:57","slug":"laroplanen-2","status":"publish","type":"page","link":"https:\/\/blog.edu.turku.fi\/stolofsskolan\/laroplanen-2\/","title":{"rendered":"L\u00e4roplanen i ett n\u00f6tskal (Hem och skola)"},"content":{"rendered":"<p>Klicka p\u00e5 l\u00e4nken f\u00f6r att l\u00e4sa Hem och skolas <em>L\u00e4roplanen i ett n\u00f6tskal<\/em> i pdf format:<\/p>\n<p><a href=\"https:\/\/blog.edu.turku.fi\/stolofsskolan\/files\/2019\/05\/HoS_Laroplanen_i_ett_notskal_2016.pdf\">L\u00e4roplanen i ett n\u00f6tskal (HoS)<\/a> (pdf\u00a0 3,37 MB)<\/p>\n","protected":false},"excerpt":{"rendered":"<p>Klicka p\u00e5 l\u00e4nken f\u00f6r att l\u00e4sa Hem och skolas L\u00e4roplanen i ett n\u00f6tskal i pdf format: L\u00e4roplanen i ett n\u00f6tskal (HoS) (pdf\u00a0 3,37 MB)<\/p>\n","protected":false},"author":53,"featured_media":0,"parent":0,"menu_order":0,"comment_status":"closed","ping_status":"closed","template":"","meta":{"footnotes":""},"class_list":["post-1615","page","type-page","status-publish","hentry"],"_links":{"self":[{"href":"https:\/\/blog.edu.turku.fi\/stolofsskolan\/wp-json\/wp\/v2\/pages\/1615","targetHints":{"allow":["GET"]}}],"collection":[{"href":"https:\/\/blog.edu.turku.fi\/stolofsskolan\/wp-json\/wp\/v2\/pages"}],"about":[{"href":"https:\/\/blog.edu.turku.fi\/stolofsskolan\/wp-json\/wp\/v2\/types\/page"}],"author":[{"embeddable":true,"href":"https:\/\/blog.edu.turku.fi\/stolofsskolan\/wp-json\/wp\/v2\/users\/53"}],"replies":[{"embeddable":true,"href":"https:\/\/blog.edu.turku.fi\/stolofsskolan\/wp-json\/wp\/v2\/comments?post=1615"}],"version-history":[{"count":7,"href":"https:\/\/blog.edu.turku.fi\/stolofsskolan\/wp-json\/wp\/v2\/pages\/1615\/revisions"}],"predecessor-version":[{"id":2808,"href":"https:\/\/blog.edu.turku.fi\/stolofsskolan\/wp-json\/wp\/v2\/pages\/1615\/revisions\/2808"}],"wp:attachment":[{"href":"https:\/\/blog.edu.turku.fi\/stolofsskolan\/wp-json\/wp\/v2\/media?parent=1615"}],"curies":[{"name":"wp","href":"https:\/\/api.w.org\/{rel}","templated":true}]}}