{"id":150,"date":"2016-10-05T17:58:27","date_gmt":"2016-10-05T14:58:27","guid":{"rendered":"https:\/\/blog.edu.turku.fi\/stolofsskolan\/?page_id=150"},"modified":"2025-03-02T10:52:56","modified_gmt":"2025-03-02T08:52:56","slug":"hem-och-skola","status":"publish","type":"page","link":"https:\/\/blog.edu.turku.fi\/stolofsskolan\/hem-och-skola\/","title":{"rendered":"Hem och skola"},"content":{"rendered":"<p><strong>HEM OCH SKOLA<\/strong><br \/>\n<em>Takorganisationen f\u00f6r Hem och skola-sektionen i S:t Olofsskolan \u00e4r Hem och skola i \u00c5bo r.f. Alla familjer som har barn i S:t Olofsskolan h\u00f6r \u00e4ven till S:t Olofsskolans Hem och skola.<\/em><\/p>\n<p><strong>M\u00e5ls\u00e4ttningen med verksamheten:<\/strong><br \/>\n* Fungera som kontakt mellan skolan och hemmen.<br \/>\n* Hj\u00e4lpa till att f\u00f6rst\u00e4rka gemenskapen inom klasserna och i skolan.<br \/>\n* Bidra till att skapa en trygg arbetsmilj\u00f6<br \/>\n* St\u00f6da verksamhet som motarbetar mobbning.<br \/>\n* Samarbeta med elevk\u00e5ren och med l\u00e4rark\u00e5ren och st\u00f6da deras arbete.<\/p>\n<p><strong>Arbetsmetoder:<\/strong><br \/>\nKlassf\u00f6r\u00e4ldrar v\u00e4ljs i varje klass p\u00e5 h\u00f6stens f\u00f6rsta f\u00f6r\u00e4ldram\u00f6te. Klass-f\u00f6r\u00e4ldrarna v\u00e4ljer en huvudklassf\u00f6r\u00e4lder. Huvudklassf\u00f6r\u00e4ldern sammankallar till gemensamma klassf\u00f6r\u00e4ldram\u00f6ten och representerar S.t Olofsskolans f\u00f6r\u00e4ldrar i Hem och Skola i \u00c5bo r.f:s styrelse tillsammans med l\u00e4rarrepresentanten som utses av skolans l\u00e4rark\u00e5r. Str\u00e4van \u00e4r att klassf\u00f6r\u00e4ldrarna tr\u00e4ffas 3 g\u00e5nger\/l\u00e4s\u00e5r. M\u00f6tesprotokollen distribueras per e-post till alla klassf\u00f6r\u00e4ldrarna vilka ger informationen vidare till f\u00f6r\u00e4ldrar. Fokus l\u00e4ggs p\u00e5 verksamheten i de enskilda klasserna.<\/p>\n<p><em><span style=\"font-weight: 400\">S:t Olofsskolans l\u00e4rarrepresentant \u00e4r Tommy Holm.<\/span><\/em><\/p>\n<p><a href=\"http:\/\/www.hemochskola.fi\/\">Hem och skola<\/a><\/p>\n<p><a href=\"https:\/\/hemochskola-abo.fi\/\">Hem och skola i \u00c5bo<\/a><\/p>\n","protected":false},"excerpt":{"rendered":"<p>HEM OCH SKOLA Takorganisationen f\u00f6r Hem och skola-sektionen i S:t Olofsskolan \u00e4r Hem och skola i \u00c5bo r.f. Alla familjer som har barn i S:t Olofsskolan h\u00f6r \u00e4ven till S:t Olofsskolans Hem och skola. M\u00e5ls\u00e4ttningen med verksamheten: * Fungera som kontakt mellan skolan och hemmen. * Hj\u00e4lpa till att f\u00f6rst\u00e4rka gemenskapen inom klasserna och i &hellip; <a href=\"https:\/\/blog.edu.turku.fi\/stolofsskolan\/hem-och-skola\/\" class=\"more-link\">Forts\u00e4tt l\u00e4sa<span class=\"screen-reader-text\"> \u201dHem och skola\u201d<\/span><\/a><\/p>\n","protected":false},"author":53,"featured_media":0,"parent":0,"menu_order":0,"comment_status":"closed","ping_status":"closed","template":"","meta":{"footnotes":""},"class_list":["post-150","page","type-page","status-publish","hentry"],"_links":{"self":[{"href":"https:\/\/blog.edu.turku.fi\/stolofsskolan\/wp-json\/wp\/v2\/pages\/150","targetHints":{"allow":["GET"]}}],"collection":[{"href":"https:\/\/blog.edu.turku.fi\/stolofsskolan\/wp-json\/wp\/v2\/pages"}],"about":[{"href":"https:\/\/blog.edu.turku.fi\/stolofsskolan\/wp-json\/wp\/v2\/types\/page"}],"author":[{"embeddable":true,"href":"https:\/\/blog.edu.turku.fi\/stolofsskolan\/wp-json\/wp\/v2\/users\/53"}],"replies":[{"embeddable":true,"href":"https:\/\/blog.edu.turku.fi\/stolofsskolan\/wp-json\/wp\/v2\/comments?post=150"}],"version-history":[{"count":7,"href":"https:\/\/blog.edu.turku.fi\/stolofsskolan\/wp-json\/wp\/v2\/pages\/150\/revisions"}],"predecessor-version":[{"id":3286,"href":"https:\/\/blog.edu.turku.fi\/stolofsskolan\/wp-json\/wp\/v2\/pages\/150\/revisions\/3286"}],"wp:attachment":[{"href":"https:\/\/blog.edu.turku.fi\/stolofsskolan\/wp-json\/wp\/v2\/media?parent=150"}],"curies":[{"name":"wp","href":"https:\/\/api.w.org\/{rel}","templated":true}]}}