{"id":1206,"date":"2018-02-08T12:45:04","date_gmt":"2018-02-08T10:45:04","guid":{"rendered":"https:\/\/blog.edu.turku.fi\/stolofsskolan\/?page_id=1206"},"modified":"2025-08-04T21:15:43","modified_gmt":"2025-08-04T18:15:43","slug":"stod-i-studier","status":"publish","type":"page","link":"https:\/\/blog.edu.turku.fi\/stolofsskolan\/elevvard\/stod-i-studier\/","title":{"rendered":"St\u00f6d i studier"},"content":{"rendered":"<p>Skolan st\u00f6der i samarbete med hemmet elevens skolg\u00e5ng och inl\u00e4rning p\u00e5 ett m\u00e5ngsidigt s\u00e4tt och diskuterar vid behov elevens st\u00f6dbehov tillsammans med v\u00e5rdnadshavaren.<\/p>\n<p>Revideringen av st\u00f6d f\u00f6r l\u00e4rande fr o m 1.8.2025 inneb\u00e4r att trestegsst\u00f6det <em>allm\u00e4nt<\/em>, <em>intensifierat<\/em> och <em>s\u00e4rskilt <\/em>st\u00f6d avskaffas. Man str\u00e4var i o m revideringen efter att f\u00f6rtydliga det st\u00f6d som eleven f\u00e5r.\u00a0Reformen fokuserar p\u00e5 f\u00f6rebyggande \u00e5tg\u00e4rder och syftet med reformen \u00e4r att s\u00e4kerst\u00e4lla att alla elever f\u00e5r det st\u00f6d de beh\u00f6ver i sitt l\u00e4rande. Eleven erbjuds st\u00f6d i grupp och individrelaterat st\u00f6d enligt sina behov.<\/p>\n<p><strong>De gruppbaserade st\u00f6dformerna<\/strong>\u00a0ges i f\u00f6rsta hand som en del av den dagliga klassundervisningen. Det handlar till exempel om allm\u00e4n st\u00f6dundervisning, st\u00f6dundervisning i undervisningsspr\u00e5ket och speciall\u00e4rarens undervisning i samband med den \u00f6vriga undervisningen. Dessa st\u00f6dformer \u00e4r en del av varje skoldag och om dessa fattas inget separat beslut.<\/p>\n<p><strong>De elevspecifika st\u00f6d\u00e5tg\u00e4rderna<\/strong> omfattar undervisning delvis i en liten grupp eller helt och h\u00e5llet i en specialklass samt elevspecifika tolknings- och assistenttj\u00e4nster. Beslut om hur elevst\u00f6dstj\u00e4nsterna ska ordnas fattas med ett f\u00f6rvaltningsbeslut. V\u00e5rdnadshavaren deltar i planeringen av st\u00f6det. Elever i specialklasser ing\u00e5r i denna kategori.<\/p>\n<p>\u00c4mnesl\u00e4rarna differentierar sin undervisning och ger vid behov st\u00f6dundervisning i de olika \u00e4mnena. Speciall\u00e4raren kan vid behov delta i undervisningen och p\u00e5 s\u00e5 s\u00e4tt st\u00f6da eleven eller ge specialundervisning i mindre grupp. Speciall\u00e4rarna g\u00f6r kartl\u00e4ggningar av alla elever i \u00e5k 7.<\/p>\n<p>L\u00e4xl\u00e4sningshj\u00e4lp efter skoltid finns ocks\u00e5 att tillg\u00e5, info via Wilma.<\/p>\n<p>Ta kontakt med ditt barns klassf\u00f6rest\u00e5ndare, \u00e4mnesl\u00e4rare eller speciall\u00e4rare om du anser att ditt barn \u00e4r i behov av st\u00f6d.<\/p>\n<p>* Sidan h\u00e5ller p\u00e5 att uppdateras.<\/p>\n","protected":false},"excerpt":{"rendered":"<p>Skolan st\u00f6der i samarbete med hemmet elevens skolg\u00e5ng och inl\u00e4rning p\u00e5 ett m\u00e5ngsidigt s\u00e4tt och diskuterar vid behov elevens st\u00f6dbehov tillsammans med v\u00e5rdnadshavaren. Revideringen av st\u00f6d f\u00f6r l\u00e4rande fr o m 1.8.2025 inneb\u00e4r att trestegsst\u00f6det allm\u00e4nt, intensifierat och s\u00e4rskilt st\u00f6d avskaffas. Man str\u00e4var i o m revideringen efter att f\u00f6rtydliga det st\u00f6d som eleven f\u00e5r.\u00a0Reformen &hellip; <a href=\"https:\/\/blog.edu.turku.fi\/stolofsskolan\/elevvard\/stod-i-studier\/\" class=\"more-link\">Forts\u00e4tt l\u00e4sa<span class=\"screen-reader-text\"> \u201dSt\u00f6d i studier\u201d<\/span><\/a><\/p>\n","protected":false},"author":53,"featured_media":0,"parent":30,"menu_order":0,"comment_status":"closed","ping_status":"closed","template":"","meta":{"footnotes":""},"class_list":["post-1206","page","type-page","status-publish","hentry"],"_links":{"self":[{"href":"https:\/\/blog.edu.turku.fi\/stolofsskolan\/wp-json\/wp\/v2\/pages\/1206","targetHints":{"allow":["GET"]}}],"collection":[{"href":"https:\/\/blog.edu.turku.fi\/stolofsskolan\/wp-json\/wp\/v2\/pages"}],"about":[{"href":"https:\/\/blog.edu.turku.fi\/stolofsskolan\/wp-json\/wp\/v2\/types\/page"}],"author":[{"embeddable":true,"href":"https:\/\/blog.edu.turku.fi\/stolofsskolan\/wp-json\/wp\/v2\/users\/53"}],"replies":[{"embeddable":true,"href":"https:\/\/blog.edu.turku.fi\/stolofsskolan\/wp-json\/wp\/v2\/comments?post=1206"}],"version-history":[{"count":7,"href":"https:\/\/blog.edu.turku.fi\/stolofsskolan\/wp-json\/wp\/v2\/pages\/1206\/revisions"}],"predecessor-version":[{"id":3322,"href":"https:\/\/blog.edu.turku.fi\/stolofsskolan\/wp-json\/wp\/v2\/pages\/1206\/revisions\/3322"}],"up":[{"embeddable":true,"href":"https:\/\/blog.edu.turku.fi\/stolofsskolan\/wp-json\/wp\/v2\/pages\/30"}],"wp:attachment":[{"href":"https:\/\/blog.edu.turku.fi\/stolofsskolan\/wp-json\/wp\/v2\/media?parent=1206"}],"curies":[{"name":"wp","href":"https:\/\/api.w.org\/{rel}","templated":true}]}}