{"id":12,"date":"2016-09-08T12:39:55","date_gmt":"2016-09-08T09:39:55","guid":{"rendered":"https:\/\/blog.edu.turku.fi\/stolofsskolan\/?page_id=12"},"modified":"2025-08-01T23:27:15","modified_gmt":"2025-08-01T20:27:15","slug":"arbetstider","status":"publish","type":"page","link":"https:\/\/blog.edu.turku.fi\/stolofsskolan\/arbetstider\/","title":{"rendered":"Arbetstider"},"content":{"rendered":"<p><b>H\u00f6stterminen<\/b> <strong>07<\/strong><b>.08.2025\u2013 20.12.2025<\/b><br \/>\n<span style=\"font-weight: 400\">H\u00f6stlov<\/span> <span style=\"font-weight: 400\">13.10.2025 \u2013 19.10.2025<\/span><br \/>\n<span style=\"font-weight: 400\">Jullov<\/span> <span style=\"font-weight: 400\">21.12.2025 \u2013 06.01.2026<\/span><\/p>\n<p><b>V\u00e5rterminen<\/b> <b>07.01.2026 \u2013 30.05.2026<\/b><br \/>\n<span style=\"font-weight: 400\">Sportlov<\/span> <span style=\"font-weight: 400\">16.02.2026 \u2013 22.02.2026<\/span><br \/>\n<span style=\"font-weight: 400\">P\u00e5sklov<\/span> 03<span style=\"font-weight: 400\">.04.2026 \u2013 06.04.2026<\/span><\/p>\n<p><span style=\"font-weight: 400\">Skolavslutning<\/span> l\u00f6rdag 30<span style=\"font-weight: 400\">.05.2026<\/span><\/p>\n<p><a href=\"https:\/\/www.turku.fi\/sv\/grundlaggande-utbildning\/lasaret-och-lovdagar\">\u00c5bo stads sida g\u00e4llande l\u00e4s\u00e5ret och lovdagar<\/a><\/p>\n","protected":false},"excerpt":{"rendered":"<p>H\u00f6stterminen 07.08.2025\u2013 20.12.2025 H\u00f6stlov 13.10.2025 \u2013 19.10.2025 Jullov 21.12.2025 \u2013 06.01.2026 V\u00e5rterminen 07.01.2026 \u2013 30.05.2026 Sportlov 16.02.2026 \u2013 22.02.2026 P\u00e5sklov 03.04.2026 \u2013 06.04.2026 Skolavslutning l\u00f6rdag 30.05.2026 \u00c5bo stads sida g\u00e4llande l\u00e4s\u00e5ret och lovdagar<\/p>\n","protected":false},"author":53,"featured_media":0,"parent":0,"menu_order":0,"comment_status":"closed","ping_status":"closed","template":"","meta":{"footnotes":""},"class_list":["post-12","page","type-page","status-publish","hentry"],"_links":{"self":[{"href":"https:\/\/blog.edu.turku.fi\/stolofsskolan\/wp-json\/wp\/v2\/pages\/12","targetHints":{"allow":["GET"]}}],"collection":[{"href":"https:\/\/blog.edu.turku.fi\/stolofsskolan\/wp-json\/wp\/v2\/pages"}],"about":[{"href":"https:\/\/blog.edu.turku.fi\/stolofsskolan\/wp-json\/wp\/v2\/types\/page"}],"author":[{"embeddable":true,"href":"https:\/\/blog.edu.turku.fi\/stolofsskolan\/wp-json\/wp\/v2\/users\/53"}],"replies":[{"embeddable":true,"href":"https:\/\/blog.edu.turku.fi\/stolofsskolan\/wp-json\/wp\/v2\/comments?post=12"}],"version-history":[{"count":48,"href":"https:\/\/blog.edu.turku.fi\/stolofsskolan\/wp-json\/wp\/v2\/pages\/12\/revisions"}],"predecessor-version":[{"id":3320,"href":"https:\/\/blog.edu.turku.fi\/stolofsskolan\/wp-json\/wp\/v2\/pages\/12\/revisions\/3320"}],"wp:attachment":[{"href":"https:\/\/blog.edu.turku.fi\/stolofsskolan\/wp-json\/wp\/v2\/media?parent=12"}],"curies":[{"name":"wp","href":"https:\/\/api.w.org\/{rel}","templated":true}]}}