{"id":104,"date":"2016-10-04T20:04:28","date_gmt":"2016-10-04T17:04:28","guid":{"rendered":"https:\/\/blog.edu.turku.fi\/stolofsskolan\/?page_id=104"},"modified":"2025-03-02T11:20:11","modified_gmt":"2025-03-02T09:20:11","slug":"terminer-och-lov","status":"publish","type":"page","link":"https:\/\/blog.edu.turku.fi\/stolofsskolan\/arbetstider\/terminer-och-lov\/","title":{"rendered":"Terminer och lov"},"content":{"rendered":"<div class=\"field field--name-body field--type-text-with-summary field--label-hidden\">\n<div class=\"field__items\">\n<div class=\"field__item even\">\n<div class=\"entry-content\">\n<p><b>H\u00f6stterminen<\/b>\u00a0<strong>08<\/strong><b>.08.2024\u2013 20.12.2024<\/b><br \/>\nH\u00f6stlov\u00a014.10.2024 \u2013 20.10.2024<br \/>\nJullov\u00a021.12.2024 \u2013 06.01.2025<\/p>\n<p><b>V\u00e5rterminen<\/b>\u00a0<b>07.01.2025 \u2013 31.05.2025<\/b><br \/>\nSportlov\u00a017.02.2025 \u2013 23.02.2025<br \/>\nP\u00e5sklov\u00a018.04.2025 \u2013 21.04.2025<\/p>\n<p>Skolavslutning\u00a031.05.2025<\/p>\n<p><a href=\"https:\/\/www.turku.fi\/sv\/grundlaggande-utbildning\/lasaret-och-lovdagar\">\u00c5bo stads sida g\u00e4llande l\u00e4s\u00e5ret och lovdagar<\/a><\/p>\n<\/div>\n<\/div>\n<\/div>\n<\/div>\n","protected":false},"excerpt":{"rendered":"<p>H\u00f6stterminen\u00a008.08.2024\u2013 20.12.2024 H\u00f6stlov\u00a014.10.2024 \u2013 20.10.2024 Jullov\u00a021.12.2024 \u2013 06.01.2025 V\u00e5rterminen\u00a007.01.2025 \u2013 31.05.2025 Sportlov\u00a017.02.2025 \u2013 23.02.2025 P\u00e5sklov\u00a018.04.2025 \u2013 21.04.2025 Skolavslutning\u00a031.05.2025 \u00c5bo stads sida g\u00e4llande l\u00e4s\u00e5ret och lovdagar<\/p>\n","protected":false},"author":53,"featured_media":0,"parent":12,"menu_order":0,"comment_status":"closed","ping_status":"closed","template":"","meta":{"footnotes":""},"class_list":["post-104","page","type-page","status-publish","hentry"],"_links":{"self":[{"href":"https:\/\/blog.edu.turku.fi\/stolofsskolan\/wp-json\/wp\/v2\/pages\/104","targetHints":{"allow":["GET"]}}],"collection":[{"href":"https:\/\/blog.edu.turku.fi\/stolofsskolan\/wp-json\/wp\/v2\/pages"}],"about":[{"href":"https:\/\/blog.edu.turku.fi\/stolofsskolan\/wp-json\/wp\/v2\/types\/page"}],"author":[{"embeddable":true,"href":"https:\/\/blog.edu.turku.fi\/stolofsskolan\/wp-json\/wp\/v2\/users\/53"}],"replies":[{"embeddable":true,"href":"https:\/\/blog.edu.turku.fi\/stolofsskolan\/wp-json\/wp\/v2\/comments?post=104"}],"version-history":[{"count":17,"href":"https:\/\/blog.edu.turku.fi\/stolofsskolan\/wp-json\/wp\/v2\/pages\/104\/revisions"}],"predecessor-version":[{"id":3288,"href":"https:\/\/blog.edu.turku.fi\/stolofsskolan\/wp-json\/wp\/v2\/pages\/104\/revisions\/3288"}],"up":[{"embeddable":true,"href":"https:\/\/blog.edu.turku.fi\/stolofsskolan\/wp-json\/wp\/v2\/pages\/12"}],"wp:attachment":[{"href":"https:\/\/blog.edu.turku.fi\/stolofsskolan\/wp-json\/wp\/v2\/media?parent=104"}],"curies":[{"name":"wp","href":"https:\/\/api.w.org\/{rel}","templated":true}]}}