{"id":5376,"date":"2025-10-13T10:09:16","date_gmt":"2025-10-13T07:09:16","guid":{"rendered":"https:\/\/blog.edu.turku.fi\/stod-for-larande\/?page_id=5376"},"modified":"2026-03-31T12:20:59","modified_gmt":"2026-03-31T09:20:59","slug":"koulusihteeri","status":"publish","type":"page","link":"https:\/\/blog.edu.turku.fi\/stod-for-larande\/koulutusasteet\/lukiokoulutus\/toimijat\/koulusihteeri\/","title":{"rendered":"Skolsekreteraren\u00a0"},"content":{"rendered":"\n<p>Skolsekreteraren:\u00a0<\/p>\n\n\n\n<ul class=\"wp-block-list\">\n<li>hj\u00e4lper de studerande i gymnasiets vardag<\/li>\n\n\n\n<li>uppr\u00e4tth\u00e5ller studeranderegistret<\/li>\n\n\n\n<li>printar ut studieintyg och utdrag \u00f6ver studieprestationer<\/li>\n\n\n\n<li>administrerar anm\u00e4lningar till studentskrivningarna i administrationsprogrammet<\/li>\n\n\n\n<li>registrerar beslut om specialarrangemang som studentexamensn\u00e4mnden beviljat<\/li>\n\n\n\n<li>sk\u00f6ter \u00e4renden som g\u00e4ller skolresor och studiest\u00f6d.<\/li>\n<\/ul>\n\n\n\n<details class=\"wp-block-details is-layout-flow wp-block-details-is-layout-flow\"><summary>K\u00e4llor:<\/summary>\n<p>GLP2021\u00a0stycke\u00a04.1.1.\u00a0<\/p>\n<\/details>\n","protected":false},"excerpt":{"rendered":"<p>Skolsekreteraren:\u00a0<\/p>\n","protected":false},"author":3429,"featured_media":0,"parent":4620,"menu_order":0,"comment_status":"closed","ping_status":"closed","template":"","meta":{"footnotes":""},"class_list":["post-5376","page","type-page","status-publish","hentry"],"_links":{"self":[{"href":"https:\/\/blog.edu.turku.fi\/stod-for-larande\/wp-json\/wp\/v2\/pages\/5376","targetHints":{"allow":["GET"]}}],"collection":[{"href":"https:\/\/blog.edu.turku.fi\/stod-for-larande\/wp-json\/wp\/v2\/pages"}],"about":[{"href":"https:\/\/blog.edu.turku.fi\/stod-for-larande\/wp-json\/wp\/v2\/types\/page"}],"author":[{"embeddable":true,"href":"https:\/\/blog.edu.turku.fi\/stod-for-larande\/wp-json\/wp\/v2\/users\/3429"}],"replies":[{"embeddable":true,"href":"https:\/\/blog.edu.turku.fi\/stod-for-larande\/wp-json\/wp\/v2\/comments?post=5376"}],"version-history":[{"count":2,"href":"https:\/\/blog.edu.turku.fi\/stod-for-larande\/wp-json\/wp\/v2\/pages\/5376\/revisions"}],"predecessor-version":[{"id":5976,"href":"https:\/\/blog.edu.turku.fi\/stod-for-larande\/wp-json\/wp\/v2\/pages\/5376\/revisions\/5976"}],"up":[{"embeddable":true,"href":"https:\/\/blog.edu.turku.fi\/stod-for-larande\/wp-json\/wp\/v2\/pages\/4620"}],"wp:attachment":[{"href":"https:\/\/blog.edu.turku.fi\/stod-for-larande\/wp-json\/wp\/v2\/media?parent=5376"}],"curies":[{"name":"wp","href":"https:\/\/api.w.org\/{rel}","templated":true}]}}