{"id":4881,"date":"2025-08-11T12:35:15","date_gmt":"2025-08-11T09:35:15","guid":{"rendered":"https:\/\/blog.edu.turku.fi\/stod-for-larande\/?page_id=4881"},"modified":"2026-03-31T10:55:48","modified_gmt":"2026-03-31T07:55:48","slug":"psykologi","status":"publish","type":"page","link":"https:\/\/blog.edu.turku.fi\/stod-for-larande\/koulutusasteet\/lukiokoulutus\/toimijat\/psykologi\/","title":{"rendered":"Studiepsykologen"},"content":{"rendered":"\n<p>Studiepsykologen arbetar som sakkunnig i psykisk utveckling, l\u00e4rande och mental h\u00e4lsa. Vanliga orsaker att s\u00f6ka sig till studiepsykologens mottagning \u00e4r bl.a. stress, nedst\u00e4mdhet, \u00e5ngest eller inl\u00e4rnings och koncentrationssv\u00e5righeter. Studiepsykologen kan kontaktas av den studerande sj\u00e4lv eller hens f\u00f6r\u00e4ldrar, skolans personal eller andra samarbetsparter. Studiepsykologerna g\u00f6r t\u00e4tt samarbete med undervisningspersonalen och andra yrkesverksamma i skolan. M\u00e5len f\u00f6r samarbetet \u00e4r hela skolgemenskapens v\u00e4lbefinnande.<\/p>\n\n\n\n<p>L\u00e4s mer: <a href=\"https:\/\/www.varha.fi\/sv\/serviceguide\/elevhalsans-psykologtjanster\">https:\/\/www.varha.fi\/sv\/serviceguide\/elevhalsans-psykologtjanster<\/a> <\/p>\n\n\n\n<details class=\"wp-block-details is-layout-flow wp-block-details-is-layout-flow\"><summary>K\u00e4llor:<\/summary>\n<p><em>GLP2021\u00a0stycke\u00a04.3.2.\u00a0<\/em><\/p>\n<\/details>\n\n\n\n<p><\/p>\n","protected":false},"excerpt":{"rendered":"<p>Studiepsykologen arbetar som sakkunnig i psykisk utveckling, l\u00e4rande och mental h\u00e4lsa. Vanliga orsaker att s\u00f6ka sig till studiepsykologens mottagning \u00e4r bl.a. stress, nedst\u00e4mdhet, \u00e5ngest eller inl\u00e4rnings och koncentrationssv\u00e5righeter. Studiepsykologen kan kontaktas av den studerande sj\u00e4lv eller hens f\u00f6r\u00e4ldrar, skolans personal<\/p>\n","protected":false},"author":3429,"featured_media":0,"parent":4620,"menu_order":0,"comment_status":"closed","ping_status":"closed","template":"","meta":{"footnotes":""},"class_list":["post-4881","page","type-page","status-publish","hentry"],"_links":{"self":[{"href":"https:\/\/blog.edu.turku.fi\/stod-for-larande\/wp-json\/wp\/v2\/pages\/4881","targetHints":{"allow":["GET"]}}],"collection":[{"href":"https:\/\/blog.edu.turku.fi\/stod-for-larande\/wp-json\/wp\/v2\/pages"}],"about":[{"href":"https:\/\/blog.edu.turku.fi\/stod-for-larande\/wp-json\/wp\/v2\/types\/page"}],"author":[{"embeddable":true,"href":"https:\/\/blog.edu.turku.fi\/stod-for-larande\/wp-json\/wp\/v2\/users\/3429"}],"replies":[{"embeddable":true,"href":"https:\/\/blog.edu.turku.fi\/stod-for-larande\/wp-json\/wp\/v2\/comments?post=4881"}],"version-history":[{"count":4,"href":"https:\/\/blog.edu.turku.fi\/stod-for-larande\/wp-json\/wp\/v2\/pages\/4881\/revisions"}],"predecessor-version":[{"id":5962,"href":"https:\/\/blog.edu.turku.fi\/stod-for-larande\/wp-json\/wp\/v2\/pages\/4881\/revisions\/5962"}],"up":[{"embeddable":true,"href":"https:\/\/blog.edu.turku.fi\/stod-for-larande\/wp-json\/wp\/v2\/pages\/4620"}],"wp:attachment":[{"href":"https:\/\/blog.edu.turku.fi\/stod-for-larande\/wp-json\/wp\/v2\/media?parent=4881"}],"curies":[{"name":"wp","href":"https:\/\/api.w.org\/{rel}","templated":true}]}}