{"id":4877,"date":"2025-08-11T12:33:37","date_gmt":"2025-08-11T09:33:37","guid":{"rendered":"https:\/\/blog.edu.turku.fi\/stod-for-larande\/?page_id=4877"},"modified":"2026-05-15T09:56:13","modified_gmt":"2026-05-15T06:56:13","slug":"terveydenhoitaja","status":"publish","type":"page","link":"https:\/\/blog.edu.turku.fi\/stod-for-larande\/koulutusasteet\/lukiokoulutus\/toimijat\/terveydenhoitaja\/","title":{"rendered":"H\u00e4lsov\u00e5rdare"},"content":{"rendered":"\n<p>H\u00e4lsov\u00e5rdaren hj\u00e4lper med \u00e4renden som anknyter till h\u00e4lsa och v\u00e4lbefinnande. H\u00e4lsov\u00e5rdaren och skoll\u00e4karen g\u00f6r h\u00e4lsogranskningarna under det f\u00f6rsta och andra l\u00e4s\u00e5ret och h\u00e4nvisar vid behov till fortsatta \u00e5tg\u00e4rder. De studerande kan kontakta h\u00e4lsov\u00e5rdaren d\u00e5 de vill tala om fr\u00e5gor g\u00e4llande bl.a. h\u00e4lsa och utveckling, s\u00f6mn, kost, motion, sinnesst\u00e4mning, h\u00e4lsogranskningar eller vaccinationer.<\/p>\n\n\n\n<details class=\"wp-block-details is-layout-flow wp-block-details-is-layout-flow\"><summary>K\u00e4llor:<\/summary>\n<p><a href=\"https:\/\/blog.edu.turku.fi\/ohjaus-ja-tuki-lukioissa\/fi\/\" target=\"_blank\" rel=\"noreferrer noopener\"><em>Ohjaus ja tuki Turun lukioissa<\/em><\/a><em>&nbsp;<\/em>&nbsp;<\/p>\n<\/details>\n\n\n\n<p><\/p>\n","protected":false},"excerpt":{"rendered":"<p>H\u00e4lsov\u00e5rdaren hj\u00e4lper med \u00e4renden som anknyter till h\u00e4lsa och v\u00e4lbefinnande. H\u00e4lsov\u00e5rdaren och skoll\u00e4karen g\u00f6r h\u00e4lsogranskningarna under det f\u00f6rsta och andra l\u00e4s\u00e5ret och h\u00e4nvisar vid behov till fortsatta \u00e5tg\u00e4rder. De studerande kan kontakta h\u00e4lsov\u00e5rdaren d\u00e5 de vill tala om fr\u00e5gor g\u00e4llande<\/p>\n","protected":false},"author":3429,"featured_media":0,"parent":4620,"menu_order":0,"comment_status":"closed","ping_status":"closed","template":"","meta":{"footnotes":""},"class_list":["post-4877","page","type-page","status-publish","hentry"],"_links":{"self":[{"href":"https:\/\/blog.edu.turku.fi\/stod-for-larande\/wp-json\/wp\/v2\/pages\/4877","targetHints":{"allow":["GET"]}}],"collection":[{"href":"https:\/\/blog.edu.turku.fi\/stod-for-larande\/wp-json\/wp\/v2\/pages"}],"about":[{"href":"https:\/\/blog.edu.turku.fi\/stod-for-larande\/wp-json\/wp\/v2\/types\/page"}],"author":[{"embeddable":true,"href":"https:\/\/blog.edu.turku.fi\/stod-for-larande\/wp-json\/wp\/v2\/users\/3429"}],"replies":[{"embeddable":true,"href":"https:\/\/blog.edu.turku.fi\/stod-for-larande\/wp-json\/wp\/v2\/comments?post=4877"}],"version-history":[{"count":5,"href":"https:\/\/blog.edu.turku.fi\/stod-for-larande\/wp-json\/wp\/v2\/pages\/4877\/revisions"}],"predecessor-version":[{"id":6141,"href":"https:\/\/blog.edu.turku.fi\/stod-for-larande\/wp-json\/wp\/v2\/pages\/4877\/revisions\/6141"}],"up":[{"embeddable":true,"href":"https:\/\/blog.edu.turku.fi\/stod-for-larande\/wp-json\/wp\/v2\/pages\/4620"}],"wp:attachment":[{"href":"https:\/\/blog.edu.turku.fi\/stod-for-larande\/wp-json\/wp\/v2\/media?parent=4877"}],"curies":[{"name":"wp","href":"https:\/\/api.w.org\/{rel}","templated":true}]}}