{"id":4875,"date":"2025-08-11T12:32:54","date_gmt":"2025-08-11T09:32:54","guid":{"rendered":"https:\/\/blog.edu.turku.fi\/stod-for-larande\/?page_id=4875"},"modified":"2026-03-31T10:57:56","modified_gmt":"2026-03-31T07:57:56","slug":"kuraattori","status":"publish","type":"page","link":"https:\/\/blog.edu.turku.fi\/stod-for-larande\/koulutusasteet\/lukiokoulutus\/toimijat\/kuraattori\/","title":{"rendered":"Gymnasiekuratorns"},"content":{"rendered":"\n<p>Gymnasiekuratorns uppgift \u00e4r att st\u00f6da de studerandes v\u00e4lbefinnande och studier. Vanliga orsaker att s\u00f6ka sig till mottagningen \u00e4r \u00e5ngest, stress, nedst\u00e4mdhet, utmaningar i sociala situationer och socioekonomiska orsaker. Den studerande eller v\u00e5rdnadshavarna, skolans personal eller andra samarbetsparter kan ta kontakt med kuratorn. T\u00e4tt samarbete med skolan och andra yrkesverksamma h\u00f6r till kuratorns arbete.<\/p>\n\n\n\n<p>L\u00e4s mer: <a href=\"https:\/\/www.varha.fi\/sv\/serviceguide\/elevhalsans-kuratorstjanster\">https:\/\/www.varha.fi\/sv\/serviceguide\/elevhalsans-kuratorstjanster<\/a><\/p>\n\n\n\n<details class=\"wp-block-details is-layout-flow wp-block-details-is-layout-flow\"><summary>K\u00e4llor:<\/summary>\n<p><em>GLP2021\u00a0stycke\u00a04.3.2.\u00a0<\/em><\/p>\n<\/details>\n\n\n\n<p><\/p>\n","protected":false},"excerpt":{"rendered":"<p>Gymnasiekuratorns uppgift \u00e4r att st\u00f6da de studerandes v\u00e4lbefinnande och studier. Vanliga orsaker att s\u00f6ka sig till mottagningen \u00e4r \u00e5ngest, stress, nedst\u00e4mdhet, utmaningar i sociala situationer och socioekonomiska orsaker. Den studerande eller v\u00e5rdnadshavarna, skolans personal eller andra samarbetsparter kan ta kontakt<\/p>\n","protected":false},"author":3429,"featured_media":0,"parent":4620,"menu_order":0,"comment_status":"closed","ping_status":"closed","template":"","meta":{"footnotes":""},"class_list":["post-4875","page","type-page","status-publish","hentry"],"_links":{"self":[{"href":"https:\/\/blog.edu.turku.fi\/stod-for-larande\/wp-json\/wp\/v2\/pages\/4875","targetHints":{"allow":["GET"]}}],"collection":[{"href":"https:\/\/blog.edu.turku.fi\/stod-for-larande\/wp-json\/wp\/v2\/pages"}],"about":[{"href":"https:\/\/blog.edu.turku.fi\/stod-for-larande\/wp-json\/wp\/v2\/types\/page"}],"author":[{"embeddable":true,"href":"https:\/\/blog.edu.turku.fi\/stod-for-larande\/wp-json\/wp\/v2\/users\/3429"}],"replies":[{"embeddable":true,"href":"https:\/\/blog.edu.turku.fi\/stod-for-larande\/wp-json\/wp\/v2\/comments?post=4875"}],"version-history":[{"count":6,"href":"https:\/\/blog.edu.turku.fi\/stod-for-larande\/wp-json\/wp\/v2\/pages\/4875\/revisions"}],"predecessor-version":[{"id":5964,"href":"https:\/\/blog.edu.turku.fi\/stod-for-larande\/wp-json\/wp\/v2\/pages\/4875\/revisions\/5964"}],"up":[{"embeddable":true,"href":"https:\/\/blog.edu.turku.fi\/stod-for-larande\/wp-json\/wp\/v2\/pages\/4620"}],"wp:attachment":[{"href":"https:\/\/blog.edu.turku.fi\/stod-for-larande\/wp-json\/wp\/v2\/media?parent=4875"}],"curies":[{"name":"wp","href":"https:\/\/api.w.org\/{rel}","templated":true}]}}