{"id":4843,"date":"2025-08-06T14:30:55","date_gmt":"2025-08-06T11:30:55","guid":{"rendered":"https:\/\/blog.edu.turku.fi\/stod-for-larande\/?page_id=4843"},"modified":"2026-03-31T11:22:35","modified_gmt":"2026-03-31T08:22:35","slug":"rehtori","status":"publish","type":"page","link":"https:\/\/blog.edu.turku.fi\/stod-for-larande\/koulutusasteet\/lukiokoulutus\/toimijat\/rehtori\/","title":{"rendered":"Rektorn"},"content":{"rendered":"\n<ul class=\"wp-block-list\">\n<li>informerar f\u00f6r sin del de studerande och hemmen om m\u00f6jligheterna till st\u00f6d f\u00f6r l\u00e4rande och specialundervisning.<\/li>\n\n\n\n<li>ansvarar f\u00f6r ans\u00f6kandet om specialarrangemang f\u00f6r studentexamensproven och dess genomf\u00f6rande.<\/li>\n\n\n\n<li>h\u00f6r den studerande och v\u00e5rdnadshavaren innan f\u00f6rvaltningsbeslut som ber\u00f6r specialundervisning fattas.<\/li>\n\n\n\n<li>fattar jakande eller nekande f\u00f6rvaltningsbeslut om den specialundervisning som skall ges den studerande.<\/li>\n\n\n\n<li>informerar alla parter om f\u00f6rvaltningsbeslutet och dess inneh\u00e5ll.<\/li>\n\n\n\n<li>fattar f\u00f6rvaltningsbeslut om upph\u00e4vande av specialundervisning, ifall det inte l\u00e4ngre finns n\u00e5got st\u00f6dbehov<\/li>\n<\/ul>\n\n\n\n<details class=\"wp-block-details is-layout-flow wp-block-details-is-layout-flow\"><summary>K\u00e4llor:<\/summary>\n<p>GLP2021\u00a0stycke\u00a04.2.4.\u00a0<\/p>\n<\/details>\n","protected":false},"excerpt":{"rendered":"","protected":false},"author":3429,"featured_media":0,"parent":4620,"menu_order":0,"comment_status":"closed","ping_status":"closed","template":"","meta":{"footnotes":""},"class_list":["post-4843","page","type-page","status-publish","hentry"],"_links":{"self":[{"href":"https:\/\/blog.edu.turku.fi\/stod-for-larande\/wp-json\/wp\/v2\/pages\/4843","targetHints":{"allow":["GET"]}}],"collection":[{"href":"https:\/\/blog.edu.turku.fi\/stod-for-larande\/wp-json\/wp\/v2\/pages"}],"about":[{"href":"https:\/\/blog.edu.turku.fi\/stod-for-larande\/wp-json\/wp\/v2\/types\/page"}],"author":[{"embeddable":true,"href":"https:\/\/blog.edu.turku.fi\/stod-for-larande\/wp-json\/wp\/v2\/users\/3429"}],"replies":[{"embeddable":true,"href":"https:\/\/blog.edu.turku.fi\/stod-for-larande\/wp-json\/wp\/v2\/comments?post=4843"}],"version-history":[{"count":6,"href":"https:\/\/blog.edu.turku.fi\/stod-for-larande\/wp-json\/wp\/v2\/pages\/4843\/revisions"}],"predecessor-version":[{"id":5971,"href":"https:\/\/blog.edu.turku.fi\/stod-for-larande\/wp-json\/wp\/v2\/pages\/4843\/revisions\/5971"}],"up":[{"embeddable":true,"href":"https:\/\/blog.edu.turku.fi\/stod-for-larande\/wp-json\/wp\/v2\/pages\/4620"}],"wp:attachment":[{"href":"https:\/\/blog.edu.turku.fi\/stod-for-larande\/wp-json\/wp\/v2\/media?parent=4843"}],"curies":[{"name":"wp","href":"https:\/\/api.w.org\/{rel}","templated":true}]}}