{"id":4838,"date":"2025-08-06T14:26:33","date_gmt":"2025-08-06T11:26:33","guid":{"rendered":"https:\/\/blog.edu.turku.fi\/stod-for-larande\/?page_id=4838"},"modified":"2026-03-31T11:21:50","modified_gmt":"2026-03-31T08:21:50","slug":"opinto-ohjaaja","status":"publish","type":"page","link":"https:\/\/blog.edu.turku.fi\/stod-for-larande\/koulutusasteet\/lukiokoulutus\/toimijat\/opinto-ohjaaja\/","title":{"rendered":"Studiehandledaren"},"content":{"rendered":"\n<p>Studiehandledaren st\u00f6der och handleder de studerande i samarbete med undervisningspersonalen och de anst\u00e4llda inom den sektors\u00f6vergripande studerandev\u00e5rden.<\/p>\n\n\n\n<p>Studiehandledaren:&nbsp;<\/p>\n\n\n\n<ul class=\"wp-block-list\">\n<li>ansvarar f\u00f6r den individuella handledningen och handledningen i sm\u00e5grupper<\/li>\n\n\n\n<li>undervisar de obligatoriska studieavsnitten i studiehandledning med teman som t.ex. studief\u00e4rdigheter och informationss\u00f6kning, att l\u00e4ra sig att l\u00e4ra, studief\u00f6rm\u00e5ga och egna styrkor<\/li>\n\n\n\n<li>planerar och f\u00f6ljer upp genomf\u00f6randet av den studerandes studier samt eventuellt st\u00f6dbehov och hur st\u00f6det f\u00f6rverkligas i samarbete med den \u00f6vriga undervisningspersonalen<\/li>\n\n\n\n<li>deltar vid behov och med den studerandes samtycke utv\u00e4rderingen och planeringen av st\u00f6d i sektors\u00f6vergripande samarbete med studerandev\u00e5rdspersonalen.<\/li>\n\n\n\n<li>deltar i \u00f6verf\u00f6ringen av information vid \u00f6verg\u00e5ngsskeden och f\u00f6r specialarrangemang.<\/li>\n\n\n\n<li>handleder de studerande i att g\u00f6ra upp en individuell studieplan, en plan f\u00f6r studentexamen samt en plan f\u00f6r fortsatta studier och karri\u00e4r. D\u00e4rtill hj\u00e4lper studiehandledarna de studerande att uppdatera sina planer under studietiden.<\/li>\n\n\n\n<li>ansvarar f\u00f6r sin del f\u00f6r dokumentationen och uppdateringen av dokument som g\u00e4ller studier och st\u00f6d.<\/li>\n\n\n\n<li>\u00e4r medlem i gymnasiets studerandev\u00e5rdsgrupp.<\/li>\n\n\n\n<li>ger r\u00e5d i \u00e4renden som g\u00e4ller studentskrivningarna samt eventuella specialarrangemang<\/li>\n\n\n\n<li>handleder de studerande i val som g\u00e4ller studierna.<\/li>\n<\/ul>\n\n\n\n<details class=\"wp-block-details is-layout-flow wp-block-details-is-layout-flow\"><summary>K\u00e4llor:<\/summary>\n<p><em>GLP2021&nbsp;stycke&nbsp;4.1.1.&nbsp;och&nbsp;4.2.4.&nbsp;<\/em><\/p>\n<\/details>\n\n\n\n<p><\/p>\n","protected":false},"excerpt":{"rendered":"<p>Studiehandledaren st\u00f6der och handleder de studerande i samarbete med undervisningspersonalen och de anst\u00e4llda inom den sektors\u00f6vergripande studerandev\u00e5rden. Studiehandledaren:&nbsp;<\/p>\n","protected":false},"author":3429,"featured_media":0,"parent":4620,"menu_order":0,"comment_status":"closed","ping_status":"closed","template":"","meta":{"footnotes":""},"class_list":["post-4838","page","type-page","status-publish","hentry"],"_links":{"self":[{"href":"https:\/\/blog.edu.turku.fi\/stod-for-larande\/wp-json\/wp\/v2\/pages\/4838","targetHints":{"allow":["GET"]}}],"collection":[{"href":"https:\/\/blog.edu.turku.fi\/stod-for-larande\/wp-json\/wp\/v2\/pages"}],"about":[{"href":"https:\/\/blog.edu.turku.fi\/stod-for-larande\/wp-json\/wp\/v2\/types\/page"}],"author":[{"embeddable":true,"href":"https:\/\/blog.edu.turku.fi\/stod-for-larande\/wp-json\/wp\/v2\/users\/3429"}],"replies":[{"embeddable":true,"href":"https:\/\/blog.edu.turku.fi\/stod-for-larande\/wp-json\/wp\/v2\/comments?post=4838"}],"version-history":[{"count":6,"href":"https:\/\/blog.edu.turku.fi\/stod-for-larande\/wp-json\/wp\/v2\/pages\/4838\/revisions"}],"predecessor-version":[{"id":5970,"href":"https:\/\/blog.edu.turku.fi\/stod-for-larande\/wp-json\/wp\/v2\/pages\/4838\/revisions\/5970"}],"up":[{"embeddable":true,"href":"https:\/\/blog.edu.turku.fi\/stod-for-larande\/wp-json\/wp\/v2\/pages\/4620"}],"wp:attachment":[{"href":"https:\/\/blog.edu.turku.fi\/stod-for-larande\/wp-json\/wp\/v2\/media?parent=4838"}],"curies":[{"name":"wp","href":"https:\/\/api.w.org\/{rel}","templated":true}]}}