{"id":4836,"date":"2025-08-06T14:25:15","date_gmt":"2025-08-06T11:25:15","guid":{"rendered":"https:\/\/blog.edu.turku.fi\/stod-for-larande\/?page_id=4836"},"modified":"2026-05-15T09:23:23","modified_gmt":"2026-05-15T06:23:23","slug":"ryhmanohjaaja","status":"publish","type":"page","link":"https:\/\/blog.edu.turku.fi\/stod-for-larande\/koulutusasteet\/lukiokoulutus\/toimijat\/ryhmanohjaaja\/","title":{"rendered":"Grupphandledaren"},"content":{"rendered":"\n<p>Grupphandledaren genomf\u00f6r st\u00f6der f\u00f6r de studerande i samarbete med undervisningspersonalen och personalen inom den sektors\u00f6vergripande studerandev\u00e5rden. Grupphandledaren fungerar som n\u00e4rmaste handledare och \u00e4r kontaktperson mellan de \u00f6vriga l\u00e4rarna, v\u00e5rdnadshavarna och studerandev\u00e5rdens personal g\u00e4llande de egna studerandenas st\u00f6dbehov.<\/p>\n\n\n\n<p>Grupphandledaren:&nbsp;<\/p>\n\n\n\n<ul class=\"wp-block-list\">\n<li>f\u00f6ljer upp hur studierna framskrider och hur n\u00e4rvaron ser ut f\u00f6r de studerande i den egna gruppen.<\/li>\n\n\n\n<li>tar upp eventuella orosmoment med den studerande och vid behov med v\u00e5rdnadshavaren.<\/li>\n\n\n\n<li>deltar i planeringen av st\u00f6det f\u00f6r l\u00e4rande samt f\u00f6ljer upp och samordnar genomf\u00f6randet av st\u00f6det och dess tillr\u00e4cklighet i det skede d\u00e5 st\u00f6d ges, innan ett jakande f\u00f6rvaltningsbeslut om specialundervisning fattas.<\/li>\n\n\n\n<li>ansvarar f\u00f6r sin del f\u00f6r dokumentationen av det pedagogiska st\u00f6det enligt \u00c5bomodellen.<\/li>\n\n\n\n<li>diskuterar genomf\u00f6randet av st\u00f6det med den studerande.<\/li>\n\n\n\n<li>\u00e4r vid behov i kontakt med undervisnings- och studerandev\u00e5rdspersonalen samt med v\u00e5rdnadshavarna.<\/li>\n<\/ul>\n\n\n\n<details class=\"wp-block-details is-layout-flow wp-block-details-is-layout-flow\"><summary>K\u00e4llor:<\/summary>\n<p><em>GLP2021&nbsp;stycke&nbsp;4.2.4.&nbsp;<\/em><\/p>\n<\/details>\n","protected":false},"excerpt":{"rendered":"<p>Grupphandledaren genomf\u00f6r st\u00f6der f\u00f6r de studerande i samarbete med undervisningspersonalen och personalen inom den sektors\u00f6vergripande studerandev\u00e5rden. Grupphandledaren fungerar som n\u00e4rmaste handledare och \u00e4r kontaktperson mellan de \u00f6vriga l\u00e4rarna, v\u00e5rdnadshavarna och studerandev\u00e5rdens personal g\u00e4llande de egna studerandenas st\u00f6dbehov. Grupphandledaren:&nbsp;<\/p>\n","protected":false},"author":3429,"featured_media":0,"parent":4620,"menu_order":0,"comment_status":"closed","ping_status":"closed","template":"","meta":{"footnotes":""},"class_list":["post-4836","page","type-page","status-publish","hentry"],"_links":{"self":[{"href":"https:\/\/blog.edu.turku.fi\/stod-for-larande\/wp-json\/wp\/v2\/pages\/4836","targetHints":{"allow":["GET"]}}],"collection":[{"href":"https:\/\/blog.edu.turku.fi\/stod-for-larande\/wp-json\/wp\/v2\/pages"}],"about":[{"href":"https:\/\/blog.edu.turku.fi\/stod-for-larande\/wp-json\/wp\/v2\/types\/page"}],"author":[{"embeddable":true,"href":"https:\/\/blog.edu.turku.fi\/stod-for-larande\/wp-json\/wp\/v2\/users\/3429"}],"replies":[{"embeddable":true,"href":"https:\/\/blog.edu.turku.fi\/stod-for-larande\/wp-json\/wp\/v2\/comments?post=4836"}],"version-history":[{"count":7,"href":"https:\/\/blog.edu.turku.fi\/stod-for-larande\/wp-json\/wp\/v2\/pages\/4836\/revisions"}],"predecessor-version":[{"id":6133,"href":"https:\/\/blog.edu.turku.fi\/stod-for-larande\/wp-json\/wp\/v2\/pages\/4836\/revisions\/6133"}],"up":[{"embeddable":true,"href":"https:\/\/blog.edu.turku.fi\/stod-for-larande\/wp-json\/wp\/v2\/pages\/4620"}],"wp:attachment":[{"href":"https:\/\/blog.edu.turku.fi\/stod-for-larande\/wp-json\/wp\/v2\/media?parent=4836"}],"curies":[{"name":"wp","href":"https:\/\/api.w.org\/{rel}","templated":true}]}}