{"id":4832,"date":"2025-08-06T14:17:49","date_gmt":"2025-08-06T11:17:49","guid":{"rendered":"https:\/\/blog.edu.turku.fi\/stod-for-larande\/?page_id=4832"},"modified":"2026-03-31T11:10:02","modified_gmt":"2026-03-31T08:10:02","slug":"aineenopettaja","status":"publish","type":"page","link":"https:\/\/blog.edu.turku.fi\/stod-for-larande\/koulutusasteet\/lukiokoulutus\/toimijat\/aineenopettaja\/","title":{"rendered":"\u00c4mnesl\u00e4raren"},"content":{"rendered":"\n<p>\u00c4mnesl\u00e4raren st\u00f6der den studerandes l\u00e4rande och v\u00e4lbefinnande i gemenskapen tillsammans med gymnasiets personal.<\/p>\n\n\n\n<p>\u00c4mnesl\u00e4raren:<\/p>\n\n\n\n<ul class=\"wp-block-list\">\n<li>handleder och st\u00f6der de studerande i sitt eget l\u00e4ro\u00e4mnes praxis och i deras f\u00e4rdighet att l\u00e4ra sig<\/li>\n\n\n\n<li>iakttar de studerandes l\u00e4rande och eventuella behov av st\u00f6d under studierna. F\u00f6r ett eventuellt bekymmer eller en eventuell oro p\u00e5 tal med den studerande.<\/li>\n\n\n\n<li>beaktar den studerandes st\u00f6dbehov vid lektionsplaneringen, undervisningsarrangemangen och de pedagogiska l\u00f6sningarna genom att differentiera undervisnings och bed\u00f6mningsmetoderna.<\/li>\n\n\n\n<li>f\u00f6ljer upp effektiviteten av det st\u00f6d hen gett.<\/li>\n\n\n\n<li>informerar vid behov grupphandledaren i enlighet med \u00c5bomodellen.<\/li>\n\n\n\n<li>sk\u00f6ter f\u00f6r egen del om att anteckna det pedagogiska st\u00f6det enligt \u00c5bomodellen.<\/li>\n\n\n\n<li>samarbetar med grupphandledarna, studiehandledarna, speciall\u00e4raren och studerandev\u00e5rdens personal i fr\u00e5gor som ber\u00f6r den studerandes pedagogiska st\u00f6d.<\/li>\n\n\n\n<li>ger vid behov st\u00f6dundervisning.<\/li>\n\n\n\n<li>informerar speciall\u00e4raren och grupphandledaren om den studerandes eventuella behov av specialundervisning d\u00e5 hen m\u00e4rker att st\u00f6det f\u00f6r l\u00e4rande inte n\u00f6dv\u00e4ndigtvis r\u00e4cker till f\u00f6r den studerandes behov.\u00a0<\/li>\n<\/ul>\n\n\n\n<details class=\"wp-block-details is-layout-flow wp-block-details-is-layout-flow\"><summary>K\u00e4llor:<\/summary>\n<p><em>GLP2021&nbsp;stycke&nbsp;4.2.4.&nbsp;<\/em><\/p>\n<\/details>\n\n\n\n<p><\/p>\n","protected":false},"excerpt":{"rendered":"<p>\u00c4mnesl\u00e4raren st\u00f6der den studerandes l\u00e4rande och v\u00e4lbefinnande i gemenskapen tillsammans med gymnasiets personal. \u00c4mnesl\u00e4raren:<\/p>\n","protected":false},"author":3429,"featured_media":0,"parent":4620,"menu_order":0,"comment_status":"closed","ping_status":"closed","template":"","meta":{"footnotes":""},"class_list":["post-4832","page","type-page","status-publish","hentry"],"_links":{"self":[{"href":"https:\/\/blog.edu.turku.fi\/stod-for-larande\/wp-json\/wp\/v2\/pages\/4832","targetHints":{"allow":["GET"]}}],"collection":[{"href":"https:\/\/blog.edu.turku.fi\/stod-for-larande\/wp-json\/wp\/v2\/pages"}],"about":[{"href":"https:\/\/blog.edu.turku.fi\/stod-for-larande\/wp-json\/wp\/v2\/types\/page"}],"author":[{"embeddable":true,"href":"https:\/\/blog.edu.turku.fi\/stod-for-larande\/wp-json\/wp\/v2\/users\/3429"}],"replies":[{"embeddable":true,"href":"https:\/\/blog.edu.turku.fi\/stod-for-larande\/wp-json\/wp\/v2\/comments?post=4832"}],"version-history":[{"count":6,"href":"https:\/\/blog.edu.turku.fi\/stod-for-larande\/wp-json\/wp\/v2\/pages\/4832\/revisions"}],"predecessor-version":[{"id":5967,"href":"https:\/\/blog.edu.turku.fi\/stod-for-larande\/wp-json\/wp\/v2\/pages\/4832\/revisions\/5967"}],"up":[{"embeddable":true,"href":"https:\/\/blog.edu.turku.fi\/stod-for-larande\/wp-json\/wp\/v2\/pages\/4620"}],"wp:attachment":[{"href":"https:\/\/blog.edu.turku.fi\/stod-for-larande\/wp-json\/wp\/v2\/media?parent=4832"}],"curies":[{"name":"wp","href":"https:\/\/api.w.org\/{rel}","templated":true}]}}