{"id":4714,"date":"2025-06-16T15:20:31","date_gmt":"2025-06-16T12:20:31","guid":{"rendered":"https:\/\/blog.edu.turku.fi\/stod-for-larande\/?page_id=4714"},"modified":"2026-04-02T09:17:31","modified_gmt":"2026-04-02T06:17:31","slug":"sivu-9-tuen-tyokalut-tukea-tuen-antamiseen","status":"publish","type":"page","link":"https:\/\/blog.edu.turku.fi\/stod-for-larande\/koulutusasteet\/lukiokoulutus\/oppimisen-ja-opiskelun-tuki-lukiossa\/sivu-9-tuen-tyokalut-tukea-tuen-antamiseen\/","title":{"rendered":"St\u00f6dverktyg &#8211; st\u00f6d i att ge st\u00f6d\u00a0"},"content":{"rendered":"\n<h3 class=\"wp-block-heading has-text-color has-link-color has-medium-font-size wp-elements-fec4c7b0e57e341d7434be321f2a56b1\" style=\"color:#4e56b1\"><strong>St\u00f6d f\u00f6r att st\u00f6dja den studerandes l\u00e4rande<\/strong><\/h3>\n\n\n\n<p>Det finns m\u00e5nga slags hinder f\u00f6r l\u00e4rande. Hindren kan bero bland annat p\u00e5 faktorer som g\u00e4ller den studerandes sinnesfunktioner, uppm\u00e4rksamhet, motorik och spr\u00e5kliga f\u00e4rdigheter. \u00c5 andra sidan kan ocks\u00e5 sv\u00e5righeter i den psykiska h\u00e4lsan orsaka studiehinder.<\/p>\n\n\n\n<p>Ofta har unga i gymnasie\u00e5ldern redan under sin skolhistoria l\u00e4rt sig olika kompensationsmetoder och \u00f6verlevnadsstrategier f\u00f6r att framskrida i sina studier tillsammans med sin kamratgrupp. Gymnasiets och grundskolans studies\u00e4tt och -milj\u00f6er avviker dock fr\u00e5n varandra, och d\u00e4rf\u00f6r blir en del av utmaningarna och sv\u00e5righeterna i l\u00e4randet synliga f\u00f6rst i gymnasiet.<\/p>\n\n\n\n<p>Alla elever har nytta av att studieklimatet i gymnasiet \u00e4r uppmuntrande och st\u00f6djande. L\u00e4rarens roll i att st\u00f6dja den studerande och f\u00f6rebygga marginalisering \u00e4r mycket viktig. L\u00e4s mer om pedagogik som st\u00f6der alla samt om st\u00f6d f\u00f6r olika studerande p\u00e5 webbplatsen <a href=\"https:\/\/opinvoimala.fi\/\">opinvoimala.fi<\/a> (p\u00e5 finska).<\/p>\n\n\n\n<p><br><\/p>\n\n\n\n<div class=\"wp-block-group is-nowrap is-layout-flex wp-container-core-group-is-layout-6c531013 wp-block-group-is-layout-flex\">\n<div class=\"wp-block-group is-layout-constrained wp-block-group-is-layout-constrained\">\n<div class=\"wp-block-group has-white-background-color has-background is-vertical is-layout-flex wp-container-core-group-is-layout-fe9cc265 wp-block-group-is-layout-flex\">\n<p><strong><a href=\"https:\/\/opinvoimala.fi\/sivu\/tuen-tyokalut\" target=\"_blank\" rel=\"noreferrer noopener\">Tuen ty\u00f6kalut opinvoimalassa<\/a><\/strong><br><em>Information om god pedagogisk praxis och st\u00f6d f\u00f6r studerande i olika situationer<\/em><\/p>\n\n\n\n<p><strong><a href=\"https:\/\/opinvoimala.fi\/sivu\/erilaiset-oppijat\" target=\"_blank\" rel=\"noreferrer noopener\">Erilaiset oppijat opinvoimalassa<\/a><\/strong><br><em>Information om olika studerande<\/em><br><br><a href=\"https:\/\/blog.edu.turku.fi\/ohjaus-ja-tuki-lukioissa\/fi\/\" target=\"_blank\" rel=\"noreferrer noopener\"><strong>Ohjaus ja tuki Turun lukioissa<\/strong><\/a><br><em><em>Information om st\u00f6d till studerande och v\u00e5rdnadshavare<\/em><\/em><\/p>\n\n\n\n<p><\/p>\n<\/div>\n<\/div>\n\n\n\n<figure class=\"wp-block-image alignright size-large\"><img loading=\"lazy\" decoding=\"async\" width=\"840\" height=\"841\" src=\"https:\/\/blog.edu.turku.fi\/stod-for-larande\/files\/2025\/09\/Nayttokuva-119-840x841.png\" alt=\"\" class=\"wp-image-5255\" srcset=\"https:\/\/blog.edu.turku.fi\/stod-for-larande\/files\/2025\/09\/Nayttokuva-119.png 840w, https:\/\/blog.edu.turku.fi\/stod-for-larande\/files\/2025\/09\/Nayttokuva-119-150x150.png 150w, https:\/\/blog.edu.turku.fi\/stod-for-larande\/files\/2025\/09\/Nayttokuva-119-300x300.png 300w\" sizes=\"auto, (max-width: 840px) 100vw, 840px\" \/><\/figure>\n<\/div>\n\n\n\n<p><br><\/p>\n\n\n\n<p><\/p>\n\n\n\n<h3 class=\"wp-block-heading has-text-color has-link-color has-medium-font-size wp-elements-4bab5b974c6f4493966afe0a8d780922\" style=\"color:#4e56b1\"><strong>St\u00f6d f\u00f6r dig\u00a0<\/strong><\/h3>\n\n\n\n<p>En trygg och v\u00e4lm\u00e5ende vuxen utg\u00f6r grunden f\u00f6r en h\u00f6gkvalitativ undervisning. Det l\u00f6nar sig inte att bli ensam med utmaningarna. Utnyttja alltid vid behov den m\u00e5ngprofessionella kompetensen i din arbetsgemenskap!<\/p>\n\n\n\n<p>Nedan finns information om arbetsh\u00e4lsa, arbetarskydd och f\u00f6retagsh\u00e4lsov\u00e5rd.<\/p>\n\n\n\n<p><strong>Information och st\u00f6d om arbetsh\u00e4lsa och arbetarskydd:<\/strong><br><a href=\"https:\/\/turku.sharepoint.com\/sites\/metku\/SitePages\/Ty\u00f6hyvinvointi-ja-ty\u00f6suojelu.aspx\">Arbetsh\u00e4lsa och arbetarskydd<\/a><br><\/p>\n\n\n\n<p><strong>Information om f\u00f6retagsh\u00e4lsov\u00e5rd:<\/strong><br><a href=\"https:\/\/turku.sharepoint.com\/sites\/metku\/SitePages\/tyoterveys.aspx\">F\u00f6retagsh\u00e4lsov\u00e5rd<\/a><br><\/p>\n\n\n\n<p><\/p>\n","protected":false},"excerpt":{"rendered":"<p>St\u00f6d f\u00f6r att st\u00f6dja den studerandes l\u00e4rande Det finns m\u00e5nga slags hinder f\u00f6r l\u00e4rande. Hindren kan bero bland annat p\u00e5 faktorer som g\u00e4ller den studerandes sinnesfunktioner, uppm\u00e4rksamhet, motorik och spr\u00e5kliga f\u00e4rdigheter. \u00c5 andra sidan kan ocks\u00e5 sv\u00e5righeter i den psykiska<\/p>\n","protected":false},"author":1160,"featured_media":0,"parent":4611,"menu_order":0,"comment_status":"closed","ping_status":"closed","template":"","meta":{"footnotes":""},"class_list":["post-4714","page","type-page","status-publish","hentry"],"_links":{"self":[{"href":"https:\/\/blog.edu.turku.fi\/stod-for-larande\/wp-json\/wp\/v2\/pages\/4714","targetHints":{"allow":["GET"]}}],"collection":[{"href":"https:\/\/blog.edu.turku.fi\/stod-for-larande\/wp-json\/wp\/v2\/pages"}],"about":[{"href":"https:\/\/blog.edu.turku.fi\/stod-for-larande\/wp-json\/wp\/v2\/types\/page"}],"author":[{"embeddable":true,"href":"https:\/\/blog.edu.turku.fi\/stod-for-larande\/wp-json\/wp\/v2\/users\/1160"}],"replies":[{"embeddable":true,"href":"https:\/\/blog.edu.turku.fi\/stod-for-larande\/wp-json\/wp\/v2\/comments?post=4714"}],"version-history":[{"count":24,"href":"https:\/\/blog.edu.turku.fi\/stod-for-larande\/wp-json\/wp\/v2\/pages\/4714\/revisions"}],"predecessor-version":[{"id":6031,"href":"https:\/\/blog.edu.turku.fi\/stod-for-larande\/wp-json\/wp\/v2\/pages\/4714\/revisions\/6031"}],"up":[{"embeddable":true,"href":"https:\/\/blog.edu.turku.fi\/stod-for-larande\/wp-json\/wp\/v2\/pages\/4611"}],"wp:attachment":[{"href":"https:\/\/blog.edu.turku.fi\/stod-for-larande\/wp-json\/wp\/v2\/media?parent=4714"}],"curies":[{"name":"wp","href":"https:\/\/api.w.org\/{rel}","templated":true}]}}