{"id":4699,"date":"2025-06-16T13:50:01","date_gmt":"2025-06-16T10:50:01","guid":{"rendered":"https:\/\/blog.edu.turku.fi\/stod-for-larande\/?page_id=4699"},"modified":"2026-05-15T16:04:09","modified_gmt":"2026-05-15T13:04:09","slug":"sivu-7-turvallinen-esteeton-ja-saavutettava-lukio","status":"publish","type":"page","link":"https:\/\/blog.edu.turku.fi\/stod-for-larande\/koulutusasteet\/lukiokoulutus\/oppimisen-ja-opiskelun-tuki-lukiossa\/sivu-7-turvallinen-esteeton-ja-saavutettava-lukio\/","title":{"rendered":"Ett tryggt och tillg\u00e4ngligt gymnasium\u00a0"},"content":{"rendered":"\n<h3 class=\"wp-block-heading has-text-color has-link-color has-medium-font-size wp-elements-05c3686d15e82de145a5e1413a17cfbb\" style=\"color:#4e56b1\"><strong>Ett tryggt gymnasium h\u00f6r till alla<\/strong><\/h3>\n\n\n\n<p>Ett tryggt gymnasium inneb\u00e4r en<strong> fysiskt, psykiskt och socialt trygg studiemilj\u00f6<\/strong>. Tryggheten st\u00e4rks genom s\u00e4kerhetsrelaterade planer, s\u00e5som s\u00e4kerhetsplan samt planen f\u00f6r j\u00e4mst\u00e4lldhet och likabehandling, och genom anvisningar f\u00f6r hur man agerar i problem- och st\u00f6rningssituationer. Ut\u00f6ver detta skapas psykisk och social trygghet genom ett respektfullt bem\u00f6tande. Alla ska kunna studera utan r\u00e4dsla f\u00f6r diskriminering, neds\u00e4ttande behandling eller mobbning.<\/p>\n\n\n<div class=\"lightweight-accordion has-text-color\"><details><summary class=\"lightweight-accordion-title\" style=\"color:#4e56b1;\"><span><strong>Psykisk och social trygghet<\/strong><\/span><\/summary><div class=\"lightweight-accordion-body\">\n\n<p>Gymnasiet st\u00f6der interaktion och samarbete ut\u00f6ver f\u00e4rdigheter i sj\u00e4lvst\u00e4ndiga studier. En trygg l\u00e4rmilj\u00f6 samt ett bem\u00f6tande och beteende som v\u00e4rdes\u00e4tter m\u00e5ngfald bidrar till ett studieklimat som upplevs som positivt ja r\u00e4ttvist.<\/p>\n\n\n\n<p>Tryggheten fr\u00e4mjas och utvecklas genom m\u00e5linriktad gruppbildning och tutorverksamhet, s\u00e4rskilt n\u00e4r nya studerande inleder sina studier. Gruppbildning st\u00e4rker delaktighet och k\u00e4nslan av gemenskap. Gymnasiernas vardagliga evenemang och festligheter st\u00f6der ocks\u00e5 gemenskapen. Dessutom har <strong>studerandek\u00e5rsstyrelsen <\/strong>en aktiv roll och fungerar som en kanal f\u00f6r de studerandes delaktighet och p\u00e5verkan.\u00a0<\/p>\n\n<\/div><\/details><\/div>\n\n<div class=\"lightweight-accordion has-text-color\"><details><summary class=\"lightweight-accordion-title\" style=\"color:#4e56b1;\"><span><strong>Agerande i trakasserisituationer<\/strong><\/span><\/summary><div class=\"lightweight-accordion-body\">\n\n<p>Om en studerande uts\u00e4tts f\u00f6r osakligt bem\u00f6tande eller mobbning ska hen ber\u00e4tta om det f\u00f6r n\u00e5gon i personalen (t.ex. grupphandledare, \u00e4mnesl\u00e4rare, rektor, h\u00e4lsov\u00e5rdare eller kurator). Diskriminering eller trakasserier \u00e4r aldrig den utsattes fel.<\/p>\n\n\n\n<p>Alla medlemmar i personalen \u00e4r skyldiga att, efter att ha f\u00e5tt k\u00e4nnedom om trakasserier eller osakligt bem\u00f6tande, samtala med de ber\u00f6rda parterna. De ber\u00f6rda kallas \u00e4ven till ett gemensamt samtal d\u00e4r parterna f\u00e5r framf\u00f6ra sin syn p\u00e5 det som h\u00e4nt.<\/p>\n\n\n\n<p>F\u00f6r att l\u00f6sa situationen kommer man \u00f6verens om n\u00f6dv\u00e4ndiga \u00e5tg\u00e4rder samt hur uppf\u00f6ljningen ska genomf\u00f6ras. Den som sammankallar m\u00f6tet uppr\u00e4ttar en skriftlig promemoria \u00f6ver det intr\u00e4ffade. Om situationen inte korrigeras ska de disciplin\u00e4ra \u00e5tg\u00e4rder som n\u00e4mns i gymnasielagen vidtas.<\/p>\n\n<\/div><\/details><\/div>\n\n\n<p><br><\/p>\n\n\n\n<h3 class=\"wp-block-heading has-text-color has-link-color has-medium-font-size wp-elements-a99fe2b377c935aabba28b0ad16180f4\" style=\"color:#4e56b1\"><strong>Ett tillg\u00e4ngligt gymnasium&nbsp;<\/strong><\/h3>\n\n\n\n<p>Med tillg\u00e4nglighet och tillg\u00e4nglighet i utbildningen avses att den studerandes eventuella behov av st\u00f6d, begr\u00e4nsningar i funktionsf\u00f6rm\u00e5gan eller s\u00e4rskilda arrangemang vid antagning och studier inte ska utg\u00f6ra hinder f\u00f6r att den studerande p\u00e5 lika villkor kan bli antagen till utbildning och genomf\u00f6ra sina studier.<\/p>\n\n\n\n<p>Inom gymnasieutbildningen inneb\u00e4r tillg\u00e4nglighet och tillg\u00e4nglighet i studierna mycket mer \u00e4n att det \u00e4r l\u00e4tt att r\u00f6ra sig i l\u00e4roanstaltens lokaler. F\u00f6r att den studerande ska kunna delta fullt ut i alla studier beh\u00f6ver l\u00e4roanstalten f\u00e4sta uppm\u00e4rksamhet vid att skapa en positiv atmosf\u00e4r samt beakta alternativa undervisningsmetoder och material, flexibla undervisningsarrangemang och den studerandes individuella behov, s\u00e5som anv\u00e4ndning av hj\u00e4lpmedel, assistent eller andra st\u00f6dtj\u00e4nster. Den studerande kan under vissa f\u00f6ruts\u00e4ttningar ocks\u00e5 befrias helt fr\u00e5n studier i ett visst l\u00e4ro\u00e4mne.<\/p>\n\n\n\n<p>Likabehandling av studerande \u00e4r grunden f\u00f6r utbildningsm\u00e4ssig j\u00e4mlikhet. Beaktandet av studerandes likabehandling f\u00f6rpliktas av grundlagen, diskrimineringslagen, gymnasielagen samt grunderna f\u00f6r gymnasiets l\u00e4roplan. Tillg\u00e4nglighet \u00e4r ett f\u00f6rh\u00e5llningss\u00e4tt, inte en special\u00e5tg\u00e4rd \u2013 och tillg\u00e4nglighet \u00e4r norm, inte undantag.<\/p>\n\n\n\n<p><strong>L\u00e4s mer (p\u00e5 finska): <\/strong><a href=\"https:\/\/www.oph.fi\/sites\/default\/files\/documents\/esteettomasti_toisen_asteen_opintoihin.pdf\" target=\"_blank\" rel=\"noreferrer noopener\">Esteett\u00f6m\u00e4sti toisen asteen opintoihin -opas esteett\u00f6m\u00e4\u00e4n opiskelijavalintaan ja opiskeluun (Opetushallituksen Oppaat ja k\u00e4sikirjat 2014:10)&nbsp;<\/a><\/p>\n\n\n\n<div class=\"lightweight-accordion has-text-color\"><details name=\"accordion-group-mt93pyrmp\"><summary class=\"lightweight-accordion-title\" style=\"color:#4e56b1;\"><span><strong>Pedagogisk tillg\u00e4nglighet till undervisning och handledning\u00a0<\/strong><\/span><\/summary><div class=\"lightweight-accordion-body\">\n\n<p>Pedagogisk tillg\u00e4nglighet inneb\u00e4r m\u00f6jlighet att l\u00e4ra sig och studera enligt sin egen individuella f\u00f6rm\u00e5ga. Detta f\u00f6ruts\u00e4tter att de studerandes styrkor och st\u00f6dbehov identifieras. Undervisningsm\u00e5len ska realistiskt motsvara den studerandes f\u00f6ruts\u00e4ttningar. Undervisningen ska planeras och genomf\u00f6ras i enlighet med de individuella m\u00e5len och det ska s\u00e4kerst\u00e4llas att de studerande f\u00e5r det st\u00f6d och den handledning de beh\u00f6ver.<\/p>\n\n\n\n<p>Ett positivt studieklimat fr\u00e4mjar delaktigheten i gruppen och studierna. I b\u00f6rjan av studierna \u00e4r det viktigt att st\u00f6da gruppst\u00e4rkande verksamhet och fr\u00e4mja den allm\u00e4nna trygghetsk\u00e4nslan. I en trygg studiemilj\u00f6 kan de unga uttrycka sina tankar samt till\u00e4gna sig nya tankar och tillv\u00e4gag\u00e5ngss\u00e4tt ocks\u00e5 av varandra.<\/p>\n\n\n\n<p>Ett gott bem\u00f6tande och en milj\u00f6 som bryr sig om de studerande best\u00e5r av sm\u00e5 faktorer, s\u00e5som att h\u00e4lsa p\u00e5 varandra, vara n\u00e4rvarande utan br\u00e5dska och att lyssna. Man f\u00f6rh\u00e5ller sig j\u00e4mlikt till varje studerandes studiem\u00f6jligheter oberoende av egenskaper eller bakgrund. Man str\u00e4var efter att garantera alla studerande lika r\u00e4ttigheter och m\u00f6jligheter att s\u00f6ka och bli antagen till utbildningen samt till att studera.<\/p>\n\n<\/div><\/details><\/div>\n\n<div class=\"lightweight-accordion has-text-color\"><details name=\"accordion-group-mt93pyrmp\"><summary class=\"lightweight-accordion-title\" style=\"color:#4e56b1;\"><span><strong>Tillg\u00e4ngliga lokaler och milj\u00f6er<\/strong><\/span><\/summary><div class=\"lightweight-accordion-body\">\n\n<p>L\u00e4roanstaltens fysiska milj\u00f6 ska erbjuda j\u00e4mlika m\u00f6jligheter till exempel f\u00f6r studerande som r\u00f6r sig med rullstol eller har nedsatt h\u00f6rsel eller syn. Med fysisk tillg\u00e4nglighet avses skolbyggnadens tillg\u00e4nglighet, r\u00f6relse- och funktionstillg\u00e4nglighet inne i byggnaden och p\u00e5 g\u00e5rdsomr\u00e5den samt god ergonomi i l\u00e4rmilj\u00f6n. En st\u00f6rre fysisk tillg\u00e4nglighet uppn\u00e5s&nbsp;till exempel genom parkeringsplatser som markerats med parkeringstillst\u00e5nd f\u00f6r r\u00f6relsehindrade, l\u00e4tta och breda d\u00f6rrar, tydliga skyltar samt en tillg\u00e4nglig och enkelt justerbar studieplats.&nbsp;&nbsp;&nbsp;<\/p>\n\n\n\n<p>Ut\u00f6ver detta \u00e4r det bra att beakta sensorisk tillg\u00e4nglighet i lokalerna. Sensorisk tillg\u00e4nglighet inneb\u00e4r att man i lokalerna har beaktat den sensoriska belastningen och str\u00e4vat efter att minska den. Till exempel kan kraftiga lukter, h\u00f6gt ljud eller ov\u00e4sen och lampor med klart sken orsaka sensorisk belastning f\u00f6r en del studerande. En sensoriskt tillg\u00e4nglig&nbsp;l\u00e4rmilj\u00f6 st\u00f6der studiemotivationen och ger alla ro att studera.&nbsp;&nbsp;<\/p>\n\n\n\n<p>\u00c5bo stads tillg\u00e4nglighetsanvisningar:&nbsp;<a href=\"https:\/\/www.turku.fi\/sv\/esteettomyys\" target=\"_blank\" rel=\"noreferrer noopener\">Tillg\u00e4nglighet | Turku.fi<\/a>&nbsp;<\/p>\n\n<\/div><\/details><\/div>\n\n<div class=\"lightweight-accordion has-text-color\"><details name=\"accordion-group-mt93pyrmp\"><summary class=\"lightweight-accordion-title\" style=\"color:#4e56b1;\"><span><strong>Social och psykisk tillg\u00e4nglighet\u00a0<\/strong><\/span><\/summary><div class=\"lightweight-accordion-body\">\n\n<p>I en socialt tillg\u00e4nglig l\u00e4roanstalt kan varje studerande k\u00e4nna att hen h\u00f6r till gemenskapen och kan delta i skolans sociala verksamhet, s\u00e5som studerandek\u00e5rs- och tutorverksamhet, fester och evenemang samt i alla sociala situationer i vardagen.&nbsp;&nbsp;<\/p>\n\n\n\n<p>Psykisk tillg\u00e4nglighet inneb\u00e4r att man k\u00e4nner sig trygg och inte beh\u00f6ver vara r\u00e4dd f\u00f6r trakasserier, mobbning, diskriminering eller till exempel att bli antastad. Den psykiska tillg\u00e4ngligheten \u00e4r kopplad till principerna f\u00f6r ett tryggare rum.&nbsp;&nbsp;&nbsp;<\/p>\n\n\n\n<p><strong>L\u00e4s&nbsp;mer&nbsp;(p\u00e5&nbsp;finska):<\/strong>&nbsp;&nbsp;<\/p>\n\n\n\n<p>Turvallinen tila YK:&nbsp;<a href=\"https:\/\/www.ykliitto.fi\/turvallinen-tila\" target=\"_blank\" rel=\"noreferrer noopener\">Turvallinen tila | Suomen YK-liitto<\/a>&nbsp;&nbsp;<\/p>\n\n\n\n<p>Turvallisemman tilan periaatteet V\u00e4est\u00f6liitto:&nbsp;<a href=\"https:\/\/www.vaestoliitto.fi\/vaestoliitto\/turvallisemman-tilan-periaatteet\/\" target=\"_blank\" rel=\"noreferrer noopener\">Turvallisemman tilan periaatteet &#8211; V\u00e4est\u00f6liitto.fi<\/a>&nbsp;<\/p>\n\n<\/div><\/details><\/div>\n\n<div class=\"lightweight-accordion has-text-color\"><details name=\"accordion-group-mt93pyrmp\"><summary class=\"lightweight-accordion-title\" style=\"color:#4e56b1;\"><span><strong>Tillg\u00e4nglighet\u00a0i\u00a0informationsteknik, kommunikation och l\u00e4romedel<\/strong><\/span><\/summary><div class=\"lightweight-accordion-body\">\n\n<p>Tillg\u00e5ngen till interaktion inneb\u00e4r att kommunikationen anpassas till de studerandes behov. I interaktionen och kommunikationen ska man beakta de studerandes olika kommunikationss\u00e4tt, avl\u00e4gsna&nbsp;distraherande faktorer, fokusera p\u00e5 n\u00e4rvaro, anpassa sitt eget s\u00e4tt att uttrycka sig efter mottagarens behov och s\u00e4kerst\u00e4lla att budskapet g\u00e5r fram. Vid interaktion b\u00f6r man f\u00e4sta uppm\u00e4rksamhet vid det spr\u00e5kliga uttrycket (tal, skriven text, l\u00e4ttl\u00e4st text) och det icke-spr\u00e5kliga uttrycket (till exempel r\u00f6ststyrka, gester, ansiktsuttryck,&nbsp;kroppsr\u00f6relser). \u00c4ven interaktionen med andra fr\u00e4mjar l\u00e4randet.&nbsp;&nbsp;&nbsp;<\/p>\n\n\n\n<p>Vid skapande av webbmaterial ska b\u00e5de inneh\u00e5llsm\u00e4ssig och teknisk tillg\u00e4nglighet beaktas. Till exempel ger bildtexter en synskadad studerande m\u00f6jlighet att dra nytta av bildmaterialet. I gymnasiet utg\u00f6rs kommunikations- och studiematerial av tryckta produkter&nbsp;och utskrifter,&nbsp;AV-inspelningar, digitalt material med maskinvaru-, program- och webbmilj\u00f6er samt material&nbsp;online. Dessutom r\u00e4knas kurslitteratur, lektionsmaterial, sociala medier, multimedia och spel som l\u00e4romaterial. L\u00e4romedlen ska till sitt inneh\u00e5ll, sin struktur och utformning vara tydliga och enkla. Webbmaterialet ska ha en tydlig anv\u00e4ndningsmilj\u00f6, l\u00e4ttf\u00f6rst\u00e5eliga anvisningar, en enkel struktur f\u00f6r studieg\u00e5ngen och ett \u00e4ndam\u00e5lsenligt dimensionerat inneh\u00e5ll.&nbsp;<\/p>\n\n<\/div><\/details><\/div>\n\n\n\n<p><\/p>\n\n\n\n<p><\/p>\n\n\n\n<p><\/p>\n\n\n\n<p><\/p>\n","protected":false},"excerpt":{"rendered":"<p>Ett tryggt gymnasium h\u00f6r till alla Ett tryggt gymnasium inneb\u00e4r en fysiskt, psykiskt och socialt trygg studiemilj\u00f6. Tryggheten st\u00e4rks genom s\u00e4kerhetsrelaterade planer, s\u00e5som s\u00e4kerhetsplan samt planen f\u00f6r j\u00e4mst\u00e4lldhet och likabehandling, och genom anvisningar f\u00f6r hur man agerar i problem- och<\/p>\n","protected":false},"author":1160,"featured_media":0,"parent":4611,"menu_order":0,"comment_status":"closed","ping_status":"closed","template":"","meta":{"footnotes":""},"class_list":["post-4699","page","type-page","status-publish","hentry"],"_links":{"self":[{"href":"https:\/\/blog.edu.turku.fi\/stod-for-larande\/wp-json\/wp\/v2\/pages\/4699","targetHints":{"allow":["GET"]}}],"collection":[{"href":"https:\/\/blog.edu.turku.fi\/stod-for-larande\/wp-json\/wp\/v2\/pages"}],"about":[{"href":"https:\/\/blog.edu.turku.fi\/stod-for-larande\/wp-json\/wp\/v2\/types\/page"}],"author":[{"embeddable":true,"href":"https:\/\/blog.edu.turku.fi\/stod-for-larande\/wp-json\/wp\/v2\/users\/1160"}],"replies":[{"embeddable":true,"href":"https:\/\/blog.edu.turku.fi\/stod-for-larande\/wp-json\/wp\/v2\/comments?post=4699"}],"version-history":[{"count":52,"href":"https:\/\/blog.edu.turku.fi\/stod-for-larande\/wp-json\/wp\/v2\/pages\/4699\/revisions"}],"predecessor-version":[{"id":6169,"href":"https:\/\/blog.edu.turku.fi\/stod-for-larande\/wp-json\/wp\/v2\/pages\/4699\/revisions\/6169"}],"up":[{"embeddable":true,"href":"https:\/\/blog.edu.turku.fi\/stod-for-larande\/wp-json\/wp\/v2\/pages\/4611"}],"wp:attachment":[{"href":"https:\/\/blog.edu.turku.fi\/stod-for-larande\/wp-json\/wp\/v2\/media?parent=4699"}],"curies":[{"name":"wp","href":"https:\/\/api.w.org\/{rel}","templated":true}]}}