{"id":4696,"date":"2025-06-16T13:41:31","date_gmt":"2025-06-16T10:41:31","guid":{"rendered":"https:\/\/blog.edu.turku.fi\/stod-for-larande\/?page_id=4696"},"modified":"2026-04-02T10:26:53","modified_gmt":"2026-04-02T07:26:53","slug":"sivu-6-lukioon-kiinnittyminen-ja-poissaolojen-ehkaiseminen","status":"publish","type":"page","link":"https:\/\/blog.edu.turku.fi\/stod-for-larande\/koulutusasteet\/lukiokoulutus\/oppimisen-ja-opiskelun-tuki-lukiossa\/sivu-6-lukioon-kiinnittyminen-ja-poissaolojen-ehkaiseminen\/","title":{"rendered":"Skolengagemang och ingripande vid fr\u00e5nvaro"},"content":{"rendered":"\n<h2 class=\"wp-block-heading has-text-color has-link-color has-medium-font-size wp-elements-75933918fb96d6c25ecc084cd91f755e\" style=\"color:#4e56b1\"><strong>Gemenskap, v\u00e4lbefinnande och f\u00f6rankring i studiegemenskapen<\/strong><\/h2>\n\n\n\n<p><strong>F\u00f6rankringen i studiegemenskapen har betydande konsekvenser f\u00f6r den studerandes l\u00e4rande, utveckling, v\u00e4lbefinnande och framg\u00e5ng i studierna<\/strong>. Studerande med en god f\u00f6rankring i skolgemenskapen upplever l\u00e4randet som betydelsefullt, f\u00f6rbinder sig till sina m\u00e5l och orkar satsa p\u00e5 sina studier.<\/p>\n\n\n\n<p><strong>F\u00f6rankring \u00e4r ett m\u00e5ngfacetterat fenomen som om det lyckas tar sig uttryck i l\u00e5g fr\u00e5nvaro<\/strong>, k\u00e4nslom\u00e4ssig f\u00f6rankring i skolgemenskapen samt aktivt deltagande i undervisningen och i skolans verksamhet.Studiev\u00e4lbefinnandet st\u00e4rks genom att utveckla gymnasiets verksamhetskultur och l\u00e4rmilj\u00f6er.<\/p>\n\n\n\n<p><strong>Det \u00e4r viktigt att den studerande upplever att hen blir sedd och h\u00f6rd i sin studiegemenskap.<\/strong> Anknytningen st\u00e4rks i vardaglig interaktion genom arbetsmetoder som fr\u00e4mjar gruppbildning. Samh\u00f6righet och vi-k\u00e4nsla byggs upp p\u00e5 lektioner, i grupphandledningen och i \u00f6vrig gymnasieverksamhet. Att st\u00f6dja studerandens studiev\u00e4lbefinnande och anknytning \u00e4r en del av gymnasiets gemensamma studerandev\u00e5rd, som h\u00f6r till alla yrkesutbildade personer i gymnasiet.<\/p>\n\n\n<div class=\"lightweight-accordion has-text-color\"><details><summary class=\"lightweight-accordion-title\" style=\"color:#4e56b1;\"><span><strong>Ingripande i fr\u00e5nvaro<\/strong><\/span><\/summary><div class=\"lightweight-accordion-body\">\n\n<p><strong>Det \u00e4r personalens gemensamma uppgift att ingripa i fr\u00e5nvaro i god tid s\u00e5 att eventuella problem som orsakas av fr\u00e5nvaro kan f\u00f6rebyggas.<\/strong> Till f\u00f6ljd av fr\u00e5nvaro kan den studerandes studieperiod avbrytas om l\u00e4raren inte kan bed\u00f6ma den studerandes kunnande p\u00e5 grund av bristande bevis p\u00e5 kunnandet. Om fr\u00e5nvaro och avbrott f\u00f6rekommer upprepat i studieperioderna kan den studerandes problem i v\u00e4rsta fall hopa sig och genomf\u00f6randet av gymnasiets l\u00e4rokurs f\u00f6rdr\u00f6jas eller f\u00f6rhindras.<\/p>\n\n\n\n<p><strong>I gymnasiet str\u00e4var man efter att f\u00f6rebygga anhopningen av fr\u00e5nvaro genom \u00f6msesidigt samarbete och genom att st\u00f6dja den studerande. <\/strong>D\u00e4rf\u00f6r \u00e4r det viktigt att regelbundet f\u00f6lja upp och anteckna fr\u00e5nvaro. Endast genom synliga anteckningar f\u00e5r alla personer som f\u00f6ljer med hur den studerandes studier framskrider k\u00e4nnedom om den studerandes helhetssituation.<\/p>\n\n\n<div class=\"lightweight-accordion has-text-color\"><details><summary class=\"lightweight-accordion-title\" style=\"color:#4e56b1;\"><span><strong>Fr\u00e5nvaromodell f\u00f6r \u00c5bo<\/strong> (ruotsinkielinen malli puuttuu)<\/span><\/summary><div class=\"lightweight-accordion-body\">\n\n<div data-wp-interactive=\"core\/file\" class=\"wp-block-file\"><object data-wp-bind--hidden=\"!state.hasPdfPreview\" hidden class=\"wp-block-file__embed\" data=\"https:\/\/blog.edu.turku.fi\/stod-for-larande\/files\/2026\/02\/opettajille-4.8.2025-POISSAOLOIHIN-PUUTTUMINEN-TURUN-KAUPUNGIN-PAIVALUKIOISSA-1.pdf\" type=\"application\/pdf\" style=\"width:100%;height:600px\" aria-label=\"Inb\u00e4ddning av opettajille 4.8.2025  POISSAOLOIHIN PUUTTUMINEN TURUN KAUPUNGIN P\u00c4IV\u00c4LUKIOISSA (1).\"><\/object><a id=\"wp-block-file--media-40853f5f-fa77-4cbd-9a8c-aafe2a8e6405\" href=\"https:\/\/blog.edu.turku.fi\/stod-for-larande\/files\/2026\/02\/opettajille-4.8.2025-POISSAOLOIHIN-PUUTTUMINEN-TURUN-KAUPUNGIN-PAIVALUKIOISSA-1.pdf\">opettajille 4.8.2025  POISSAOLOIHIN PUUTTUMINEN TURUN KAUPUNGIN P\u00c4IV\u00c4LUKIOISSA (1)<\/a><a href=\"https:\/\/blog.edu.turku.fi\/stod-for-larande\/files\/2026\/02\/opettajille-4.8.2025-POISSAOLOIHIN-PUUTTUMINEN-TURUN-KAUPUNGIN-PAIVALUKIOISSA-1.pdf\" class=\"wp-block-file__button wp-element-button\" download aria-describedby=\"wp-block-file--media-40853f5f-fa77-4cbd-9a8c-aafe2a8e6405\">Lataa<\/a><\/div>\n\n<\/div><\/details><\/div>\n\n<div class=\"lightweight-accordion has-text-color\"><details><summary class=\"lightweight-accordion-title\" style=\"color:#4e56b1;\"><span><strong>Grupphandledarens roll vid ingripande i fr\u00e5nvaro (t\u00e4t\u00e4 kevennetty suomeksi)<\/strong><\/span><\/summary><div class=\"lightweight-accordion-body\">\n\n<p><strong>Grupphandledaren ska f\u00f6lja upp studerandenas fr\u00e5nvaro och studieframg\u00e5ng i sin egen handledningsgrupp och ingripa i problem samt diskutera fr\u00e5nvaron med den studerande.<\/strong> Till grupphandledarens viktiga uppgifter h\u00f6r ocks\u00e5 att kontakta v\u00e5rdnadshavarna i ett s\u00e5 tidigt skede som m\u00f6jligt innan problemen b\u00f6rjar hopa sig.<\/p>\n\n\n\n<p><strong>Enligt gymnasiernas gemensamma modell f\u00f6r ingripande i fr\u00e5nvaro ska man ingripa senast n\u00e4r 25 fr\u00e5nvarotimmar har fyllts, <\/strong>eller redan i det skede d\u00e5 den studerandes studier inte framskrider enligt den studerandes individuella studieplan (t.ex. obligatoriska studieperioder kan avbrytas, r\u00e4tten att skriva studentexamen \u00e4ventyras, planen f\u00f6r fortsatta studier hotar att \u00e4ndras).<\/p>\n\n\n\n<p>Grupphandledaren ska ber\u00e4tta f\u00f6r den studerande och v\u00e5rdnadshavaren att fr\u00e5nvaro eller underl\u00e5tenhet att f\u00f6lja studieplanen kan leda till att den studerande anses ha avg\u00e5tt fr\u00e5n gymnasiet.<\/p>\n\n\n\n<p>Studiehandledaren, speciall\u00e4raren eller rektorn kan st\u00f6dja grupphandledaren i situationen. Dessutom st\u00f6der studerandev\u00e5rden grupphandledaren. Grupphandledaren kan h\u00e4nvisa den studerande till studerandev\u00e5rden.<\/p>\n\n\n\n<p>Vid behov ordnas ett pedagogiskt m\u00f6te och\/eller ett m\u00f6te med en yrkes\u00f6vergripande expertgrupp. F\u00f6r att ordna m\u00f6tet med den yrkes\u00f6vergripande expertgruppen beh\u00f6vs den studerandes och vid behov v\u00e5rdnadshavarens samtycke.<\/p>\n\n\n\n<p>Mer information om m\u00f6tet om pedagogiskt st\u00f6d och den yrkes\u00f6vergripande expertgruppen finns i kapitel <a href=\"https:\/\/blog.edu.turku.fi\/stod-for-larande\/koulutusasteet\/lukiokoulutus\/oppimisen-ja-opiskelun-tuki-lukiossa\/sivu-2-tuen-eri-muodot\/\" data-type=\"page\" data-id=\"4664\">3. Olika former av st\u00f6d<\/a>.<\/p>\n\n\n\n<p>Grupphandledaren antecknar sina egna st\u00f6d\u00e5tg\u00e4rder eller st\u00f6d\u00e5tg\u00e4rder som \u00f6verenskommits p\u00e5 det pedagogiska m\u00f6tet samt l\u00e4ngre diskussioner p\u00e5 grupphandledarens blankett.<\/p>\n\n<\/div><\/details><\/div>\n\n<div class=\"lightweight-accordion has-text-color\"><details><summary class=\"lightweight-accordion-title\" style=\"color:#4e56b1;\"><span><strong>\u00c4mnesl\u00e4rarens roll vid ingripande i fr\u00e5nvaro<\/strong> TARKISTA!<\/span><\/summary><div class=\"lightweight-accordion-body\">\n\n<p><strong>\u00c4mnesl\u00e4raren antecknar studerandenas fr\u00e5nvaro och f\u00f6ljer deras n\u00e4rvaro i undervisningen.<\/strong> \u00c4mnesl\u00e4raren tar upp obefogad och oklargjord fr\u00e5nvaro med den studerande. Om den oroande fr\u00e5nvaron forts\u00e4tter trots samtal, informerar \u00e4mnesl\u00e4raren studerandens grupphandledare.<br><br>\u00c4mnesl\u00e4raren kommer \u00f6verens med grupphandledaren om hur man g\u00e5r vidare, det vill s\u00e4ga vem som kontaktar v\u00e5rdnadshavaren och om exempelvis ett pedagogiskt palaver (PP) eller en sektors\u00f6vergripande expertgrupp ska sammankallas. Tidig intervention vid fr\u00e5nvaro \u00e4r b\u00e5de \u00e4mnesl\u00e4rarens och grupphandledarens ansvar.<br><br>Bakom fr\u00e5nvaro kan det ocks\u00e5 finnas inl\u00e4rningssv\u00e5righeter. N\u00e4r \u00e4mnesl\u00e4raren misst\u00e4nker att studeranden har sv\u00e5righeter med l\u00e4randet kan hen med l\u00e5g tr\u00f6skel konsultera speciall\u00e4raren om st\u00f6drelaterade arbetsmetoder.<br><br>Omfattande fr\u00e5nvaro \u00f6kar risken f\u00f6r studieavbrott. F\u00f6rutom \u00e4mnesl\u00e4raren, grupphandledaren, studiehandledaren och speciall\u00e4raren ger \u00e4ven elevh\u00e4lsans yrkesutbildade personal st\u00f6d. I situationer d\u00e4r studerandens studieproblem (inkl. fr\u00e5nvaro) \u00e4r \u00e5terkommande ska gymnasiets rektor kontaktas f\u00f6r fr\u00e5gor som g\u00e4ller genomf\u00f6randet av st\u00f6d\u00e5tg\u00e4rder.<\/p>\n\n<\/div><\/details><\/div>\n\n<div class=\"lightweight-accordion has-text-color\"><details><summary class=\"lightweight-accordion-title\" style=\"color:#4e56b1;\"><span><strong>Avbrott i studieperioden<\/strong><\/span><\/summary><div class=\"lightweight-accordion-body\">\n\n<p>Om studieperioden avbryts antecknas avbrytandet f\u00f6r den studerande (studieperioden har inte slutf\u00f6rts). \u00c4mnesl\u00e4raren meddelar grupphandledaren och studiehandledaren om att studieperioden har avbrutits.<\/p>\n\n<\/div><\/details><\/div>\n<\/div><\/details><\/div>\n\n\n<h3 class=\"wp-block-heading has-text-color has-link-color has-medium-font-size wp-elements-7ebe1a5d439c590582f5c1e9e0f5f114\" style=\"color:#4e56b1\"><\/h3>\n\n\n<div class=\"lightweight-accordion has-text-color\"><details><summary class=\"lightweight-accordion-title\" style=\"color:#4e56b1;\"><span><strong>Till\u00e4ggsmaterial\u00a0<\/strong><\/span><\/summary><div class=\"lightweight-accordion-body\">\n\n<p><strong>Hyv\u00e4t k\u00e4yt\u00e4nteet Laadukas ja saavutettava Turun lukiokoulutus -hankkeen blogissa:&nbsp;&nbsp;<\/strong><\/p>\n\n\n\n<ul class=\"wp-block-list\">\n<li><a href=\"https:\/\/blog.edu.turku.fi\/laadukkaasti-turun-lukioissa\/files\/2025\/04\/Toiminnallisia-menet.pdf\" target=\"_blank\" rel=\"noreferrer noopener\">Toiminnallisia opetusmenetelmi\u00e4<\/a>&nbsp;<\/li>\n\n\n\n<li><a href=\"https:\/\/blog.edu.turku.fi\/laadukkaasti-turun-lukioissa\/files\/2025\/04\/HYVINV2.pdf\" target=\"_blank\" rel=\"noreferrer noopener\">Hyvinvointia lukioon<\/a>&nbsp;<\/li>\n\n\n\n<li><a href=\"https:\/\/blog.edu.turku.fi\/laadukkaasti-turun-lukioissa\/files\/2025\/04\/OPISKE1.pdf\" target=\"_blank\" rel=\"noreferrer noopener\">Opiskelijoiden osallistaminen luokkahaasteella<\/a>&nbsp;<\/li>\n<\/ul>\n\n\n\n<p><strong>Materiaaleja ryhm\u00e4ytymiseen ja kouluun kiinnittymiseen<\/strong>:<\/p>\n\n\n\n<div class=\"wp-block-group is-layout-constrained wp-block-group-is-layout-constrained\">\n<p style=\"margin-top:0;margin-bottom:0\"><a href=\"https:\/\/edumailturku-my.sharepoint.com\/personal\/annika_ollila_edu_turku_fi\/_layouts\/15\/onedrive.aspx?id=%2Fpersonal%2Fannika%5Follila%5Fedu%5Fturku%5Ffi%2FDocuments%2FHarjoitepankki%20Turun%20lukioissa%20ty%C3%B6skenteleville%2Epdf&amp;parent=%2Fpersonal%2Fannika%5Follila%5Fedu%5Fturku%5Ffi%2FDocuments&amp;ga=1&amp;LOF=1\">Harjoitepankki<\/a> Turun lukioissa ty\u00f6skenteleville sis\u00e4lt\u00e4\u00e4 sek\u00e4 tutustumis- ja<br>ryhm\u00e4ytysharjoitteita ett\u00e4 keskittymis- ja aktivoimisharjoitteita. Harjoitteet tukevat lukiolaisten hyvinvointia arjessa sek\u00e4 vahvistavat opiskelijoiden kohtaamista ja kohdatuksi tulemista.<br><\/p>\n\n\n\n<p style=\"margin-top:0;margin-bottom:0\"><\/p>\n\n\n\n<p style=\"margin-top:0;margin-bottom:0\"><a href=\"https:\/\/www.koulukunnossa.fi\/\" target=\"_blank\" rel=\"noreferrer noopener\">Etusivu &#8211; KouluKunnossa<\/a>&nbsp;Sivuston ennaltaehk\u00e4isyn osiosta l\u00f6yd\u00e4t tietoa oppilaan kouluun kiinnittymisest\u00e4.<\/p>\n<\/div>\n\n<\/div><\/details><\/div>","protected":false},"excerpt":{"rendered":"<p>Gemenskap, v\u00e4lbefinnande och f\u00f6rankring i studiegemenskapen F\u00f6rankringen i studiegemenskapen har betydande konsekvenser f\u00f6r den studerandes l\u00e4rande, utveckling, v\u00e4lbefinnande och framg\u00e5ng i studierna. Studerande med en god f\u00f6rankring i skolgemenskapen upplever l\u00e4randet som betydelsefullt, f\u00f6rbinder sig till sina m\u00e5l och orkar<\/p>\n","protected":false},"author":1160,"featured_media":0,"parent":4611,"menu_order":0,"comment_status":"closed","ping_status":"closed","template":"","meta":{"footnotes":""},"class_list":["post-4696","page","type-page","status-publish","hentry"],"_links":{"self":[{"href":"https:\/\/blog.edu.turku.fi\/stod-for-larande\/wp-json\/wp\/v2\/pages\/4696","targetHints":{"allow":["GET"]}}],"collection":[{"href":"https:\/\/blog.edu.turku.fi\/stod-for-larande\/wp-json\/wp\/v2\/pages"}],"about":[{"href":"https:\/\/blog.edu.turku.fi\/stod-for-larande\/wp-json\/wp\/v2\/types\/page"}],"author":[{"embeddable":true,"href":"https:\/\/blog.edu.turku.fi\/stod-for-larande\/wp-json\/wp\/v2\/users\/1160"}],"replies":[{"embeddable":true,"href":"https:\/\/blog.edu.turku.fi\/stod-for-larande\/wp-json\/wp\/v2\/comments?post=4696"}],"version-history":[{"count":78,"href":"https:\/\/blog.edu.turku.fi\/stod-for-larande\/wp-json\/wp\/v2\/pages\/4696\/revisions"}],"predecessor-version":[{"id":6048,"href":"https:\/\/blog.edu.turku.fi\/stod-for-larande\/wp-json\/wp\/v2\/pages\/4696\/revisions\/6048"}],"up":[{"embeddable":true,"href":"https:\/\/blog.edu.turku.fi\/stod-for-larande\/wp-json\/wp\/v2\/pages\/4611"}],"wp:attachment":[{"href":"https:\/\/blog.edu.turku.fi\/stod-for-larande\/wp-json\/wp\/v2\/media?parent=4696"}],"curies":[{"name":"wp","href":"https:\/\/api.w.org\/{rel}","templated":true}]}}