{"id":4693,"date":"2025-06-16T13:23:50","date_gmt":"2025-06-16T10:23:50","guid":{"rendered":"https:\/\/blog.edu.turku.fi\/stod-for-larande\/?page_id=4693"},"modified":"2026-05-15T14:54:04","modified_gmt":"2026-05-15T11:54:04","slug":"sivu-5-pedagogiset-asiakirjat-ja-tuen-kirjaaminen","status":"publish","type":"page","link":"https:\/\/blog.edu.turku.fi\/stod-for-larande\/koulutusasteet\/lukiokoulutus\/oppimisen-ja-opiskelun-tuki-lukiossa\/sivu-5-pedagogiset-asiakirjat-ja-tuen-kirjaaminen\/","title":{"rendered":"Pedagogiska handlingar och dokumentering av st\u00f6d"},"content":{"rendered":"\n<p>I det h\u00e4r avsnittet hittar du information om handlingar f\u00f6r pedagogiskt st\u00f6d och om dokumentering av st\u00f6d. Du kan \u00f6ppna avsnitten genom att klicka p\u00e5 rubriken.<\/p>\n\n\n\n<p>Denna sida kommer att uppdateras och kompletteras under l\u00e4s\u00e5ret 25\u201326.<\/p>\n\n\n<div class=\"lightweight-accordion has-text-color\"><details><summary class=\"lightweight-accordion-title\" style=\"color:#4e56b1;\"><span><strong>Den studerandes individuella studieplan<\/strong><\/span><\/summary><div class=\"lightweight-accordion-body\">\n\n<p><strong>I b\u00f6rjan av studierna g\u00f6r den studerande upp en individuell studieplan tillsammans med studiehandledaren.<\/strong> Studieplanen inneh\u00e5ller en plan f\u00f6r studierna, en plan f\u00f6r studentexamen och en plan f\u00f6r fortsatta studier och yrkeskarri\u00e4r. I samband med studieplanen g\u00e5r man bland annat igenom den studerandes tidigare kunnande, spr\u00e5kkunskaper, framtidsplaner och m\u00e5l, kunnande som eventuellt kan r\u00e4knas till godo, studier som avl\u00e4ggs och hur gymnasiestudierna ska framskrida, studief\u00f6rh\u00e5llanden, s\u00e4tt p\u00e5 vilka studierna avl\u00e4ggs och eventuella undervisningsarrangemang samt studief\u00e4rdigheter och ett eventuellt st\u00f6dbehov. Planen uppdateras regelbundet i takt med att studierna framskrider.<\/p>\n\n\n\n<p><strong>Tillsammans med studiehandledaren uppdateras ocks\u00e5 eventuella \u00e4ndringar i tidsplanen f\u00f6r studierna, eftersom en f\u00f6rl\u00e4ngning av studietiden \u00e4r en m\u00f6jlig st\u00f6dform. <\/strong>Den studerande kan ocks\u00e5 om hen s\u00e5 \u00f6nskar inkludera st\u00f6d\u00e5tg\u00e4rderna i den individuella studieplanen. P\u00e5 motsvarande s\u00e4tt har den studerande r\u00e4tt att v\u00e4gra anteckning av st\u00f6d\u00e5tg\u00e4rder i planen.<\/p>\n\n<\/div><\/details><\/div>\n\n<div class=\"lightweight-accordion has-text-color\"><details><summary class=\"lightweight-accordion-title\" style=\"color:#4e56b1;\"><span><strong>Grupphandledarens blankett (kompletteras)\u00a0<\/strong><\/span><\/summary><div class=\"lightweight-accordion-body\">\n\n<p>Grupphandledaren antecknar sina egna st\u00f6d\u00e5tg\u00e4rder eller st\u00f6d\u00e5tg\u00e4rder som \u00f6verenskommits p\u00e5 det pedagogiska m\u00f6tet samt l\u00e4ngre diskussioner p\u00e5 grupphandledarens blankett.<\/p>\n\n<\/div><\/details><\/div>\n\n<div class=\"lightweight-accordion has-text-color\"><details><summary class=\"lightweight-accordion-title\" style=\"color:#4e56b1;\"><span><strong>Pedagogisen tuen suunnitelma (PS) (tulossa)<\/strong><\/span><\/summary><div class=\"lightweight-accordion-body\"><\/div><\/details><\/div>\n\n<div class=\"lightweight-accordion has-text-color\"><details><summary class=\"lightweight-accordion-title\" style=\"color:#4e56b1;\"><span><strong>Ans\u00f6kan om specialarrangemang f\u00f6r studentskrivningarna<\/strong><\/span><\/summary><div class=\"lightweight-accordion-body\">\n\n<p>St\u00f6det f\u00f6r l\u00e4rande som ges av en speciall\u00e4rare kan \u00e4ven innefatta bed\u00f6mning av behovet av specialarrangemang vid studentexamen samt planering av specialarrangemang och s\u00e4tt att p\u00e5visa l\u00e4rande och kunnande under gymnasietiden i samarbete med \u00e4mnesl\u00e4rarna. Den studerande ska ges m\u00f6jlighet att pr\u00f6va specialarrangemang under gymnasiestudierna s\u00e5 att behovet och effektivitet kan utv\u00e4rderas. Vid behov handleder speciall\u00e4raren i att skaffa n\u00f6dv\u00e4ndiga utl\u00e5tanden och i ans\u00f6kan om specialarrangemang f\u00f6r studentexamensproven.<\/p>\n\n\n\n<p>Ytterligare information: <a href=\"https:\/\/www.ylioppilastutkinto.fi\/sv\/verkstallandet-av-examen\/foreskrifter-och-anvisningar\/hur-skal-som-forsamrar-en-examinands\">https:\/\/www.ylioppilastutkinto.fi\/sv\/verkstallandet-av-examen\/foreskrifter-och-anvisningar\/hur-skal-som-forsamrar-en-examinands<\/a><\/p>\n\n<\/div><\/details><\/div>\n\n\n<p>&nbsp;<\/p>\n\n\n\n<p><\/p>\n","protected":false},"excerpt":{"rendered":"<p>I det h\u00e4r avsnittet hittar du information om handlingar f\u00f6r pedagogiskt st\u00f6d och om dokumentering av st\u00f6d. Du kan \u00f6ppna avsnitten genom att klicka p\u00e5 rubriken. Denna sida kommer att uppdateras och kompletteras under l\u00e4s\u00e5ret 25\u201326. &nbsp;<\/p>\n","protected":false},"author":1160,"featured_media":0,"parent":4611,"menu_order":0,"comment_status":"closed","ping_status":"closed","template":"","meta":{"footnotes":""},"class_list":["post-4693","page","type-page","status-publish","hentry"],"_links":{"self":[{"href":"https:\/\/blog.edu.turku.fi\/stod-for-larande\/wp-json\/wp\/v2\/pages\/4693","targetHints":{"allow":["GET"]}}],"collection":[{"href":"https:\/\/blog.edu.turku.fi\/stod-for-larande\/wp-json\/wp\/v2\/pages"}],"about":[{"href":"https:\/\/blog.edu.turku.fi\/stod-for-larande\/wp-json\/wp\/v2\/types\/page"}],"author":[{"embeddable":true,"href":"https:\/\/blog.edu.turku.fi\/stod-for-larande\/wp-json\/wp\/v2\/users\/1160"}],"replies":[{"embeddable":true,"href":"https:\/\/blog.edu.turku.fi\/stod-for-larande\/wp-json\/wp\/v2\/comments?post=4693"}],"version-history":[{"count":25,"href":"https:\/\/blog.edu.turku.fi\/stod-for-larande\/wp-json\/wp\/v2\/pages\/4693\/revisions"}],"predecessor-version":[{"id":6157,"href":"https:\/\/blog.edu.turku.fi\/stod-for-larande\/wp-json\/wp\/v2\/pages\/4693\/revisions\/6157"}],"up":[{"embeddable":true,"href":"https:\/\/blog.edu.turku.fi\/stod-for-larande\/wp-json\/wp\/v2\/pages\/4611"}],"wp:attachment":[{"href":"https:\/\/blog.edu.turku.fi\/stod-for-larande\/wp-json\/wp\/v2\/media?parent=4693"}],"curies":[{"name":"wp","href":"https:\/\/api.w.org\/{rel}","templated":true}]}}