{"id":4603,"date":"2024-09-26T13:32:55","date_gmt":"2024-09-26T10:32:55","guid":{"rendered":"https:\/\/blog.edu.turku.fi\/stod-for-larande\/?page_id=4603"},"modified":"2026-05-11T15:43:23","modified_gmt":"2026-05-11T12:43:23","slug":"lukiokoulutus","status":"publish","type":"page","link":"https:\/\/blog.edu.turku.fi\/stod-for-larande\/koulutusasteet\/lukiokoulutus\/","title":{"rendered":"Lukiokoulutus"},"content":{"rendered":"\n<div id=\"lukiokoulutuskaavio\" class=\"kaavio\">\n<div id=\"keha-1\">\n<h2>Vastuut tuen j\u00e4rjest\u00e4misess\u00e4<\/h2>\n<p><a href=\"https:\/\/blog.edu.turku.fi\/stod-for-larande\/koulutusasteet\/lukiokoulutus\/toimijat\/opiskelija\/\">Studerande och v\u00e5rdnadshavare<\/a><\/p>\n<\/div>\n<div id=\"keha-2\">\n<h3>Opetushenkil\u00f6st\u00f6<\/h3>\n<p>\n<a href=\"https:\/\/blog.edu.turku.fi\/stod-for-larande\/koulutusasteet\/lukiokoulutus\/toimijat\/opinto-ohjaaja\/\">Studiehandledare<\/a>\n<a href=\"https:\/\/blog.edu.turku.fi\/stod-for-larande\/koulutusasteet\/lukiokoulutus\/toimijat\/aineenopettaja\/\">\u00c4mnesl\u00e4rare<\/a>\n<a href=\"https:\/\/blog.edu.turku.fi\/stod-for-larande\/koulutusasteet\/lukiokoulutus\/toimijat\/erityisopettaja\/\">Speciall\u00e4rare<\/a>\n<a href=\"https:\/\/blog.edu.turku.fi\/stod-for-larande\/koulutusasteet\/lukiokoulutus\/toimijat\/ryhmanohjaaja\/\">Grupphandledare<\/a>\n<\/p>\n<\/div>\n<div id=\"keha-3\">\n<h3>Hallinto ja opetukseen sitomaton henkil\u00f6st\u00f6<\/h3>\n<p>\n<a href=\"https:\/\/blog.edu.turku.fi\/stod-for-larande\/koulutusasteet\/lukiokoulutus\/toimijat\/rehtori\/\">Rektor<\/a>\n<a href=\"https:\/\/blog.edu.turku.fi\/stod-for-larande\/koulutusasteet\/lukiokoulutus\/toimijat\/yhteisopedagogi\/\">Samh\u00e4llspedagog<\/a>\n<a href=\"https:\/\/blog.edu.turku.fi\/stod-for-larande\/koulutusasteet\/lukiokoulutus\/toimijat\/koulusihteeri\/\">Skolsekreterare<\/a>\n\n<\/p>\n<\/div>\n<div id=\"keha-4\">\n<h3>Opiskeluhuolto ja muut toimijat<\/h3>\n<p>\n<a href=\"https:\/\/blog.edu.turku.fi\/stod-for-larande\/koulutusasteet\/lukiokoulutus\/toimijat\/terveydenhoitaja\/\">H\u00e4lsov\u00e5rdare<\/a>\n<a href=\"https:\/\/blog.edu.turku.fi\/stod-for-larande\/koulutusasteet\/lukiokoulutus\/toimijat\/psykiatrinen-sairaanhoitaja\/\">Psykiatrisk sjuksk\u00f6tare<\/a>\n<a href=\"https:\/\/blog.edu.turku.fi\/stod-for-larande\/koulutusasteet\/lukiokoulutus\/toimijat\/kuraattori\/\">Kurator<\/a>\n<a href=\"https:\/\/blog.edu.turku.fi\/stod-for-larande\/koulutusasteet\/lukiokoulutus\/toimijat\/psykologi\/\">Psykolog<\/a>\n<a href=\"https:\/\/blog.edu.turku.fi\/stod-for-larande\/koulutusasteet\/lukiokoulutus\/toimijat\/lumo\/\">Studerandev\u00e5rdsgrupp<\/a>\n<a href=\"https:\/\/blog.edu.turku.fi\/stod-for-larande\/koulutusasteet\/lukiokoulutus\/toimijat\/nuorisotyo\/\">Ungdomsarbete<\/a>\n<\/p>\n<\/div>\n<\/div>\n<div class=\"kehakaavioselite\">\n<h2>Vastuut tuen j\u00e4rjest\u00e4misess\u00e4<\/h2>\n<h3>Undervisningspersonal (inre cirkeln)<\/h3>\n<h3>Administration och personal utan undervisningsuppdrag (mellancirkeln)<\/h3>\n<p>\n<h3>\u00d6vriga akt\u00f6rer (yttercirkeln)<\/h3>\n<\/p>\n<\/div>\n\n\n\n<p><\/p>\n","protected":false},"excerpt":{"rendered":"<p>Vastuut tuen j\u00e4rjest\u00e4misess\u00e4 Studerande och v\u00e5rdnadshavare Opetushenkil\u00f6st\u00f6 Studiehandledare \u00c4mnesl\u00e4rare Speciall\u00e4rare Grupphandledare Hallinto ja opetukseen sitomaton henkil\u00f6st\u00f6 Rektor Samh\u00e4llspedagog Skolsekreterare Opiskeluhuolto ja muut toimijat H\u00e4lsov\u00e5rdare Psykiatrisk sjuksk\u00f6tare Kurator Psykolog Studerandev\u00e5rdsgrupp Ungdomsarbete Vastuut tuen j\u00e4rjest\u00e4misess\u00e4 Undervisningspersonal (inre cirkeln) Administration och personal utan<\/p>\n","protected":false},"author":56,"featured_media":0,"parent":309,"menu_order":0,"comment_status":"closed","ping_status":"closed","template":"","meta":{"footnotes":""},"class_list":["post-4603","page","type-page","status-publish","hentry"],"_links":{"self":[{"href":"https:\/\/blog.edu.turku.fi\/stod-for-larande\/wp-json\/wp\/v2\/pages\/4603","targetHints":{"allow":["GET"]}}],"collection":[{"href":"https:\/\/blog.edu.turku.fi\/stod-for-larande\/wp-json\/wp\/v2\/pages"}],"about":[{"href":"https:\/\/blog.edu.turku.fi\/stod-for-larande\/wp-json\/wp\/v2\/types\/page"}],"author":[{"embeddable":true,"href":"https:\/\/blog.edu.turku.fi\/stod-for-larande\/wp-json\/wp\/v2\/users\/56"}],"replies":[{"embeddable":true,"href":"https:\/\/blog.edu.turku.fi\/stod-for-larande\/wp-json\/wp\/v2\/comments?post=4603"}],"version-history":[{"count":49,"href":"https:\/\/blog.edu.turku.fi\/stod-for-larande\/wp-json\/wp\/v2\/pages\/4603\/revisions"}],"predecessor-version":[{"id":6120,"href":"https:\/\/blog.edu.turku.fi\/stod-for-larande\/wp-json\/wp\/v2\/pages\/4603\/revisions\/6120"}],"up":[{"embeddable":true,"href":"https:\/\/blog.edu.turku.fi\/stod-for-larande\/wp-json\/wp\/v2\/pages\/309"}],"wp:attachment":[{"href":"https:\/\/blog.edu.turku.fi\/stod-for-larande\/wp-json\/wp\/v2\/media?parent=4603"}],"curies":[{"name":"wp","href":"https:\/\/api.w.org\/{rel}","templated":true}]}}