{"id":405,"date":"2022-12-13T14:11:45","date_gmt":"2022-12-13T12:11:45","guid":{"rendered":"https:\/\/blog.edu.turku.fi\/stod-for-larande\/?page_id=405"},"modified":"2025-11-13T13:56:45","modified_gmt":"2025-11-13T11:56:45","slug":"pedagoginen-tyokalupakki","status":"publish","type":"page","link":"https:\/\/blog.edu.turku.fi\/stod-for-larande\/koulutusasteet\/varhaiskasvatus\/lisatiedot\/pedagoginen-tyokalupakki\/","title":{"rendered":"Pedagoginen ty\u00f6kalupakki"},"content":{"rendered":"<table class=\"otsikkolinkit kuvallinen\">\n<tbody>\n<tr>\n<td><a href=\"https:\/\/blog.edu.turku.fi\/stod-for-larande\/koulutusasteet\/esiopetus\/lisatiedot\/paivajarjestys-ja-siirtymat\/\"><img decoding=\"async\" src=\"https:\/\/blog.edu.turku.fi\/stod-for-larande\/files\/2023\/08\/1_paivajarjestys_ja_siirtymat_pedagoginen_tyokalupakki.jpg\" alt=\"\" \/>P\u00e4iv\u00e4j\u00e4rjestys ja siirtym\u00e4t<\/a><\/td>\n<td><a href=\"https:\/\/blog.edu.turku.fi\/stod-for-larande\/koulutusasteet\/varhaiskasvatus\/lisatiedot\/pedagoginen-tyokalupakki\/pienryhmatoiminta\/\"><img decoding=\"async\" src=\"https:\/\/blog.edu.turku.fi\/stod-for-larande\/files\/2023\/08\/2_pienryhmatoiminta_pedagoginen_tyokalupakki-1.jpg\" alt=\"\" \/>Pienryhm\u00e4toiminta<\/a><\/td>\n<td><a href=\"https:\/\/blog.edu.turku.fi\/stod-for-larande\/koulutusasteet\/varhaiskasvatus\/lisatiedot\/pedagoginen-tyokalupakki\/leikki\/\"><img decoding=\"async\" src=\"https:\/\/blog.edu.turku.fi\/stod-for-larande\/files\/2023\/08\/3_leikki_pedagoginen_tyokalupakki-1.jpg\" alt=\"\" \/>Leikki<\/a><\/td>\n<td><a href=\"https:\/\/blog.edu.turku.fi\/stod-for-larande\/koulutusasteet\/varhaiskasvatus\/lisatiedot\/pedagoginen-tyokalupakki\/ruokailu\/\"><img decoding=\"async\" src=\"https:\/\/blog.edu.turku.fi\/stod-for-larande\/files\/2023\/08\/4_ruokailu_pedagoginen_tyokalupakki-1.jpg\" alt=\"\" \/>Ruokailu<\/a><\/td>\n<td><a href=\"https:\/\/blog.edu.turku.fi\/stod-for-larande\/koulutusasteet\/varhaiskasvatus\/lisatiedot\/pedagoginen-tyokalupakki\/lepo-ja-rauhoittuminen\/\"><img decoding=\"async\" src=\"https:\/\/blog.edu.turku.fi\/stod-for-larande\/files\/2023\/08\/5_lepohetki_pedagoginen_tyokalupakki-1.jpg\" alt=\"\" \/>Lepo ja rauhoittuminen<\/a><\/td>\n<td><a href=\"https:\/\/blog.edu.turku.fi\/stod-for-larande\/koulutusasteet\/varhaiskasvatus\/lisatiedot\/pedagoginen-tyokalupakki\/puhetta-tukevat-kommunikointikeinot\/\"><img decoding=\"async\" src=\"https:\/\/blog.edu.turku.fi\/stod-for-larande\/files\/2023\/08\/6_kommunikointikeinot_pedagoginen_tyokalupakki-1.jpg\" alt=\"\" \/>Puhetta tukevat kommunikointikeinot<\/a><\/td>\n<\/tr>\n<\/tbody>\n<\/table>\n","protected":false},"excerpt":{"rendered":"<p><img class=\"alignnone size...\n<\/p>\n","protected":false},"author":56,"featured_media":0,"parent":177,"menu_order":0,"comment_status":"closed","ping_status":"closed","template":"","meta":{"footnotes":""},"class_list":["post-405","page","type-page","status-publish","hentry"],"_links":{"self":[{"href":"https:\/\/blog.edu.turku.fi\/stod-for-larande\/wp-json\/wp\/v2\/pages\/405","targetHints":{"allow":["GET"]}}],"collection":[{"href":"https:\/\/blog.edu.turku.fi\/stod-for-larande\/wp-json\/wp\/v2\/pages"}],"about":[{"href":"https:\/\/blog.edu.turku.fi\/stod-for-larande\/wp-json\/wp\/v2\/types\/page"}],"author":[{"embeddable":true,"href":"https:\/\/blog.edu.turku.fi\/stod-for-larande\/wp-json\/wp\/v2\/users\/56"}],"replies":[{"embeddable":true,"href":"https:\/\/blog.edu.turku.fi\/stod-for-larande\/wp-json\/wp\/v2\/comments?post=405"}],"version-history":[{"count":14,"href":"https:\/\/blog.edu.turku.fi\/stod-for-larande\/wp-json\/wp\/v2\/pages\/405\/revisions"}],"predecessor-version":[{"id":5489,"href":"https:\/\/blog.edu.turku.fi\/stod-for-larande\/wp-json\/wp\/v2\/pages\/405\/revisions\/5489"}],"up":[{"embeddable":true,"href":"https:\/\/blog.edu.turku.fi\/stod-for-larande\/wp-json\/wp\/v2\/pages\/177"}],"wp:attachment":[{"href":"https:\/\/blog.edu.turku.fi\/stod-for-larande\/wp-json\/wp\/v2\/media?parent=405"}],"curies":[{"name":"wp","href":"https:\/\/api.w.org\/{rel}","templated":true}]}}