{"id":3435,"date":"2023-09-13T13:03:52","date_gmt":"2023-09-13T10:03:52","guid":{"rendered":"https:\/\/blog.edu.turku.fi\/stod-for-larande\/?page_id=3435"},"modified":"2024-07-04T12:23:08","modified_gmt":"2024-07-04T09:23:08","slug":"paivajarjestys-ja-siirtymat","status":"publish","type":"page","link":"https:\/\/blog.edu.turku.fi\/stod-for-larande\/koulutusasteet\/esiopetus\/lisatiedot\/paivajarjestys-ja-siirtymat\/","title":{"rendered":"P\u00e4iv\u00e4j\u00e4rjestys ja siirtym\u00e4t"},"content":{"rendered":"<p><strong>Ennakointi<\/strong><br \/>\nEnnakointi on haastavien tilanteiden tunnistamista, niiden ennaltaehk\u00e4isemist\u00e4 ja toimintasuunnitelmien tekemist\u00e4. Monille lapsille siirtym\u00e4tilanteet ja muutokset aiheuttavat ep\u00e4varmuutta ja vastustusta, joka voi ilmet\u00e4 kiukutteluna, uhmakkuutena ja levottomuutena. Kun lapsi tiet\u00e4\u00e4 mit\u00e4 h\u00e4nelt\u00e4 odotetaan, h\u00e4nen on helpompi toimia toivotulla tavalla uusissakin tilanteissa.<\/p>\n<p><strong>Ennakoinnin keinoja:<\/strong><\/p>\n<p><strong>\u2022\u00a0Ensin-sitten<\/strong><\/p>\n<p>Ensin-sitten-taulun avulla lapselle voi j\u00e4sent\u00e4\u00e4, mit\u00e4 seuraavaksi tulee tapahtumaan tai keskustella tulevista tapahtumista. Taulun vasemmalle puolella laitetaan kuvia siit\u00e4, mit\u00e4 tapahtuu ensin ja oikealle kuva siit\u00e4, mit\u00e4 tapahtuu sen j\u00e4lkeen. Kun kuvan osoittama toiminto on tehty, voi kuvan k\u00e4\u00e4nt\u00e4\u00e4 piiloon tai ottaa pois.<\/p>\n<p>&nbsp;<\/p>\n<p><strong>Time-timer\u00a0<\/strong><\/p>\n<p>Timerit ovat hyv\u00e4 apuv\u00e4line lapselle, joka ei osaa kelloa tai hahmota viel\u00e4 aikaa. Usein pienet lapset eiv\u00e4t ymm\u00e4rr\u00e4, mit\u00e4 esimerkiksi \u201d5 minuutin p\u00e4\u00e4st\u00e4\u201d tarkoittaa. Timer voi toimia apuv\u00e4lineen\u00e4 vuoron odottamisessa, leikkiajan jakamisessa, pukemisessa tai vaikkapa ulkoilussa. Se voi tuoda avun my\u00f6s siirtym\u00e4tilanteisiin. Timerin avulla lapsi voi seurata itse ajan kulumista. Kun ajan kulumisen visualisoi, my\u00f6s arjen eri tilanteet helpottuvat. Timer auttaa keskittymisess\u00e4 sek\u00e4 motivoi lasta. Timerin avulla voidaan my\u00f6s havainnollistaa vaikkapa j\u00e4ljell\u00e4 olevaa peliaikaa.<\/p>\n<p><strong>Tiimalasit<\/strong><br \/>\nMy\u00f6s erilaiset tiimalasit toimivat hienosti ennakoinnin apuna.<\/p>\n<p><strong>Viiden sormen ennakointi<\/strong><\/p>\n<p>Viiden sormen ennakointi helppo tapa ennakointiin. Lapsille kerrotaan esimerkiksi leikkiaikaa olevan j\u00e4ljell\u00e4 viel\u00e4 \u201dviisi sormea\u201d ja n\u00e4ytet\u00e4\u00e4n lapselle viisi sormea. V\u00e4henevien sormien avulla aikuinen m\u00e4\u00e4rittelee ajankulun ja sanoittaa ajan v\u00e4henemisen \u201dnelj\u00e4 sormea\u201d \u201dkolme sormea\u201d \u201dkaksi sormea\u201d \u201dyksi sormi\u201d. Sormien loppuessa alkaa siivous ja voidaan siirty\u00e4 seuraavaan toimintaan.<\/p>\n<p>T\u00e4m\u00e4 \u201dTimer\u201d on aina mukana ja on helppo k\u00e4ytt\u00e4\u00e4 esimerkiksi mets\u00e4retkill\u00e4, ulkoiluissa ja p\u00e4iv\u00e4n toimintaa tukemassa.<\/p>\n<p><strong>L\u00e4hteet: <\/strong><\/p>\n<p>Heidi Haulisto \/ Turvakolttu-projekti 2023<\/p>\n<p>SiunSote, https:\/\/www.siunsote.fi\/kuvat-kommunikoinnissa)<\/p>\n<p>Esimerkki: https:\/\/toimintablog.com\/kommunikaation-avuksi\/<\/p>\n<p>Lehtisare, S. 2012. Toimiva arki visuaalisin keinoin. Opas visuaalisuuteen lasten ohjauksessa.<\/p>\n<p>https:\/\/www.tampere.fi\/liitteet\/t\/6C7IuInOe\/Toimiva_arki_visuaalisin_keinoin.pdf. 29.12.2020.)<\/p>\n<blockquote class=\"wp-embedded-content\" data-secret=\"TyzPRjGIo3\"><p><a href=\"https:\/\/blog.edu.turku.fi\/vakadigi\/2021\/09\/22\/time-timer-sovellukset-ipadille\/\">Time timer -sovellukset iPadille<\/a><\/p><\/blockquote>\n<p><iframe loading=\"lazy\" class=\"wp-embedded-content\" sandbox=\"allow-scripts\" security=\"restricted\" style=\"position: absolute; clip: rect(1px, 1px, 1px, 1px);\" title=\"&#8221;Time timer -sovellukset iPadille&#8221; &#8212; Varhaiskasvatuksen pedagogiset digivinkit\" src=\"https:\/\/blog.edu.turku.fi\/vakadigi\/2021\/09\/22\/time-timer-sovellukset-ipadille\/embed\/#?secret=K0KADQGXvK#?secret=TyzPRjGIo3\" data-secret=\"TyzPRjGIo3\" width=\"600\" height=\"338\" frameborder=\"0\" marginwidth=\"0\" marginheight=\"0\" scrolling=\"no\"><\/iframe><\/p>\n","protected":false},"excerpt":{"rendered":"<p>Ennakointi Ennakointi on haastavien tilanteiden tunnistamista, niiden ennaltaehk\u00e4isemist\u00e4 ja toimintasuunnitelmien tekemist\u00e4. Monille lapsille siirtym\u00e4tilanteet ja muutokset aiheuttavat ep\u00e4varmuutta ja vastustusta, joka voi ilmet\u00e4 kiukutteluna, uhmakkuutena ja levottomuutena. Kun lapsi tiet\u00e4\u00e4 mit\u00e4 h\u00e4nelt\u00e4 odotetaan, h\u00e4nen on helpompi toimia toivotulla tavalla uusissakin<\/p>\n","protected":false},"author":56,"featured_media":0,"parent":674,"menu_order":0,"comment_status":"closed","ping_status":"closed","template":"","meta":{"footnotes":""},"class_list":["post-3435","page","type-page","status-publish","hentry"],"_links":{"self":[{"href":"https:\/\/blog.edu.turku.fi\/stod-for-larande\/wp-json\/wp\/v2\/pages\/3435","targetHints":{"allow":["GET"]}}],"collection":[{"href":"https:\/\/blog.edu.turku.fi\/stod-for-larande\/wp-json\/wp\/v2\/pages"}],"about":[{"href":"https:\/\/blog.edu.turku.fi\/stod-for-larande\/wp-json\/wp\/v2\/types\/page"}],"author":[{"embeddable":true,"href":"https:\/\/blog.edu.turku.fi\/stod-for-larande\/wp-json\/wp\/v2\/users\/56"}],"replies":[{"embeddable":true,"href":"https:\/\/blog.edu.turku.fi\/stod-for-larande\/wp-json\/wp\/v2\/comments?post=3435"}],"version-history":[{"count":2,"href":"https:\/\/blog.edu.turku.fi\/stod-for-larande\/wp-json\/wp\/v2\/pages\/3435\/revisions"}],"predecessor-version":[{"id":4345,"href":"https:\/\/blog.edu.turku.fi\/stod-for-larande\/wp-json\/wp\/v2\/pages\/3435\/revisions\/4345"}],"up":[{"embeddable":true,"href":"https:\/\/blog.edu.turku.fi\/stod-for-larande\/wp-json\/wp\/v2\/pages\/674"}],"wp:attachment":[{"href":"https:\/\/blog.edu.turku.fi\/stod-for-larande\/wp-json\/wp\/v2\/media?parent=3435"}],"curies":[{"name":"wp","href":"https:\/\/api.w.org\/{rel}","templated":true}]}}