{"id":294,"date":"2022-11-30T14:05:14","date_gmt":"2022-11-30T12:05:14","guid":{"rendered":"https:\/\/blog.edu.turku.fi\/stod-for-larande\/?page_id=294"},"modified":"2023-11-24T13:48:38","modified_gmt":"2023-11-24T11:48:38","slug":"sosiaalipalvelut","status":"publish","type":"page","link":"https:\/\/blog.edu.turku.fi\/stod-for-larande\/koulutusasteet\/varhaiskasvatus\/toimijat\/sosiaalipalvelut\/","title":{"rendered":"Sosiaalipalvelut"},"content":{"rendered":"<p>Lapsi tai lapsen perhe voi arjessaan tarvita monia erilaisia palveluita. Lapsiperheiden ensisijainen sosiaali- ja terveyspalvelu on \u00e4itiys- ja <a href=\"https:\/\/blog.edu.turku.fi\/stod-for-larande\/fi\/koulutusasteet\/varhaiskasvatus\/toimijat\/lastenneuvola\/\">lastenneuvola<\/a>, jonka asiakkaita l\u00e4hes kaikki lapset ja perheet ovat.<\/p>\n<p>Huoltajan tuodessa esille perheen voimavarojen v\u00e4hyytt\u00e4, henkil\u00f6st\u00f6 voi ohjata huoltajaa hakemaan tukea sosiaalihuollon palveluista. Sosiaalihuollon palveluiden j\u00e4rjest\u00e4misest\u00e4 vastaa Varsinais-Suomen hyvinvointialue. Julkisia palveluita t\u00e4ydent\u00e4\u00e4 yritysten ja j\u00e4rjest\u00f6jen palvelut.<\/p>\n<p>Sosiaalihuollon asiakkuus on salassa pidett\u00e4v\u00e4\u00e4 tietoa, eik\u00e4 suoraan kuuluu varhaiskasvatuksen henkil\u00f6st\u00f6lle. Yhteisty\u00f6t\u00e4 sosiaalihuollon kanssa tehd\u00e4\u00e4n lapsen etu ensisijalla ja salassapitos\u00e4\u00e4nn\u00f6sten mukaan.<\/p>\n<p>&nbsp;<\/p>\n<p><em>T\u00e4h\u00e4n tulee taulukko: Esimerkkej\u00e4 lapsiperheiden tarvitsemista sosiaalipalveluista.<\/em><\/p>\n<p><em>\u00a0<\/em><\/p>\n<p><strong>Miten varhaiskasvatuksen henkil\u00f6st\u00f6 tukee perhett\u00e4 saamaan apua sosiaalihuollosta?<\/strong><\/p>\n<p>Kun varhaiskasvatuksen henkil\u00f6st\u00f6ll\u00e4 her\u00e4\u00e4 ajatus siit\u00e4, ett\u00e4 perheell\u00e4 on tarve sosiaalihuollon palveluihin, opettaja, sosionomi tai muu varhaiskasvatuksen ammattilainen ottaa asian puheeksi huoltajan kanssa keskustelussa. Keskustelussa on t\u00e4rke\u00e4\u00e4 luottamuksellinen ja sensitiivinen asenne perhett\u00e4 kohtaan.<\/p>\n<p>Huoltajan kanssa voidaan sopia, ett\u00e4 varhaiskasvatuksen ty\u00f6ntekij\u00e4 ottaa yhteytt\u00e4 sosiaalihuoltoon, jotta perheen tuen tarve arvioitaisiin. Yhteydenotto tehd\u00e4\u00e4n lomakkeella (linkki), johon kirjoitetaan lyhyt kuvaus tilanteesta.<\/p>\n<p>Aina yhteydenottoa sosiaalihuoltoon ei tarvita. Perheell\u00e4 voi olla muita v\u00e4yli\u00e4 tarvitsemansa tuen tai avun j\u00e4rjest\u00e4miseksi tai asia saattaa olla jo j\u00e4rjestynyt.<\/p>\n<p>&nbsp;<\/p>\n<pre><em>Huom. Varhaiskasvatuksen henkil\u00f6st\u00f6 voi ehdottaa perheelle keskustelua <a href=\"https:\/\/blog.edu.turku.fi\/stod-for-larande\/fi\/koulutusasteet\/varhaiskasvatus\/toimijat\/varhaiskasvatuksen-sosionomi\/\">alueellisen sosionomin<\/a> kanssa. Alsolta huoltajat voivat saada palveluohjausta ja keskusteluapua lapsiperhearkeen vanhemmuuden tueksi. Alueelliset sosionomit ovat Turun varhaiskasvatuksen omaa henkil\u00f6st\u00f6\u00e4.<\/em><\/pre>\n<p>&nbsp;<\/p>\n<p><strong>Koska ilmoitus sosiaalihuoltoon on v\u00e4ltt\u00e4m\u00e4t\u00f6n?<\/strong><\/p>\n<p>Tilanteessa, jossa varhaiskasvatuksen henkil\u00f6st\u00f6n mielest\u00e4 perheen tuen tarve on ilmeinen ja lapsen etu sit\u00e4 v\u00e4ltt\u00e4m\u00e4tt\u00e4 vaatii, varhaiskasvatuksen ammattilaisen on teht\u00e4v\u00e4 ilmoitus sosiaalihuollon tarpeesta salassapitos\u00e4\u00e4nn\u00f6sten est\u00e4m\u00e4tt\u00e4 viipym\u00e4tt\u00e4. (Sosiaalihuoltolaki 35 \u00a7)<\/p>\n<p>Linkki: ilmoitus sosiaalihuollon tarpeesta<\/p>\n<p>Mik\u00e4li varhaiskasvatuksen henkil\u00f6st\u00f6 havaitsee, ett\u00e4 lapsen hoidon ja huolenpidon tarve, kehityst\u00e4 vaarantavat olosuhteet tai lapsen oma k\u00e4ytt\u00e4ytyminen edellytt\u00e4\u00e4 mahdollista lastensuojelun tarpeen selvitt\u00e4mist\u00e4, on varhaiskasvatuksen henkil\u00f6st\u00f6 velvollinen tekem\u00e4\u00e4n viipym\u00e4tt\u00e4 lastensuojeluilmoituksen. (Lastensuojelulaki 25 \u00a7)<\/p>\n<p>Linkki: lastensuojeluilmoitus<\/p>\n<p>Mik\u00e4li perheell\u00e4 on voimassa oleva lastensuojelun asiakkuus, varhaiskasvatus voi olla suoraan yhteydess\u00e4 lapsen omaan sosiaality\u00f6ntekij\u00e4\u00e4n virka-ajan puitteissa. Jos ilmoitusvelvollinen henkil\u00f6 on ottanut viipym\u00e4tt\u00e4 yhteytt\u00e4 sosiaalihuollosta vastaavaan viranomaiseen ja ilmoittanut yhteydenoton syyt, ei samojen tietojen perusteella tarvitse tehd\u00e4 lastensuojeluilmoitusta.<\/p>\n<pre><em>Huom. Lapsen varhaiskasvatussuunnitelma on pedagoginen asiakirja ja varhaiskasvatuksen ty\u00f6v\u00e4line, johon l\u00e4ht\u00f6kohtaisesti ei kirjata lapsen ja perheen sosiaalihuoltoon liittyvi\u00e4 asioita.<\/em><\/pre>\n<p><strong>Akuuteissa tilanteissa yhteydenotto sosiaalip\u00e4ivystykseen<\/strong><\/p>\n<p>Sosiaalip\u00e4ivystys hoitaa akuutin kiireellisen sosiaality\u00f6n sek\u00e4 lastensuojeluilmoitusten, sosiaalihuoltolain mukaisten ilmoitusten ja sosiaalihuoltolain mukaisten yhteydenottojen vastaanottamisen ja p\u00e4ivystyksellisen puuttumisen sek\u00e4 tarpeen mukaan asiakkaiden jatko-ohjaamisen.<\/p>\n<p><strong>Ota v\u00e4litt\u00f6m\u00e4sti yhteytt\u00e4 sosiaalip\u00e4ivystykseen, mik\u00e4li:<\/strong><\/p>\n<ul>\n<li>ep\u00e4ilet lapsen kaltoinkohtelua<\/li>\n<li>lapsi j\u00e4\u00e4 \u00e4killisesti ilman huolta pit\u00e4v\u00e4\u00e4 aikuista<\/li>\n<li>vanhempi on vahvasti p\u00e4ihtynyt lapsen seurassa<\/li>\n<\/ul>\n<p>Sosiaalip\u00e4ivystykseen saa yhteyden vuorokauden ymp\u00e4ri puhelimitse <strong>p. 02\u00a0262 6003<\/strong><\/p>\n<p>&nbsp;<\/p>\n<p><strong>Kerrotaanko ilmoituksesta lapsen huoltajille? Milloin otetaan yhteys poliisiin?<\/strong><\/p>\n<p>Mik\u00e4li varhaiskasvatuksen henkil\u00f6st\u00f6 p\u00e4\u00e4tyy tekem\u00e4\u00e4n lastensuojeluilmoituksen tai lasta koskevan ilmoituksen sosiaalihuoltoon, asiasta kerrotaan lapsen huoltajille ja avataan syyt, joihin ilmoituksen tekeminen perustuu.<\/p>\n<p>Poikkeuksen t\u00e4st\u00e4 tekee tilanne, jossa varhaiskasvatuksen henkil\u00f6st\u00f6ll\u00e4 her\u00e4\u00e4 huoli, ett\u00e4 lapseen kohdistuu seksuaalista v\u00e4kivaltaa <em>(rikoslain\u00a0<\/em><a href=\"https:\/\/www.finlex.fi\/fi\/laki\/ajantasa\/1889\/18890039001#L20\"><em>(39\/1889) 20 luvussa<\/em><\/a><em>\u00a0seksuaalirikoksena rangaistavaksi s\u00e4\u00e4detty teko)<\/em>, tai henke\u00e4 ja terveytt\u00e4 uhkaavaa v\u00e4kivaltaa <em>(sellainen\u00a0<\/em><a href=\"https:\/\/www.finlex.fi\/fi\/laki\/ajantasa\/1889\/18890039001#L21\"><em>rikoslain 21 luvussa<\/em><\/a><em>\u00a0henkeen ja terveyteen kohdistuvana rikoksena rangaistavaksi s\u00e4\u00e4detty teko, josta s\u00e4\u00e4detty enimm\u00e4israngaistus on v\u00e4hint\u00e4\u00e4n kaksi vuotta vankeutta)<\/em> otetaan v\u00e4litt\u00f6m\u00e4sti yhteytt\u00e4 sosiaalihuoltoon sek\u00e4 ilmoitetaan asiasta poliisille.<\/p>\n<p>N\u00e4iss\u00e4 tilanteissa ilmoituksen tekemisest\u00e4 ei ilmoiteta etuk\u00e4teen lapsen huoltajille.<\/p>\n","protected":false},"excerpt":{"rendered":"<p>Sosiaalihuollon palveluiden j\u00e4rjest\u00e4misvastuu on hyvinvointialueella. Varhaiskasvatuksen osallistuva lapsi tai lapsen perhe saattaa tarvita sosiaalipalveluita monista erilaisista syist\u00e4. Mik\u00e4li varhaiskasvatuksen henkil\u00f6st\u00f6 havaitsee perheell\u00e4 mahdol&#8230;<\/p>\n","protected":false},"author":56,"featured_media":0,"parent":359,"menu_order":0,"comment_status":"closed","ping_status":"closed","template":"","meta":{"footnotes":""},"class_list":["post-294","page","type-page","status-publish","hentry"],"_links":{"self":[{"href":"https:\/\/blog.edu.turku.fi\/stod-for-larande\/wp-json\/wp\/v2\/pages\/294","targetHints":{"allow":["GET"]}}],"collection":[{"href":"https:\/\/blog.edu.turku.fi\/stod-for-larande\/wp-json\/wp\/v2\/pages"}],"about":[{"href":"https:\/\/blog.edu.turku.fi\/stod-for-larande\/wp-json\/wp\/v2\/types\/page"}],"author":[{"embeddable":true,"href":"https:\/\/blog.edu.turku.fi\/stod-for-larande\/wp-json\/wp\/v2\/users\/56"}],"replies":[{"embeddable":true,"href":"https:\/\/blog.edu.turku.fi\/stod-for-larande\/wp-json\/wp\/v2\/comments?post=294"}],"version-history":[{"count":8,"href":"https:\/\/blog.edu.turku.fi\/stod-for-larande\/wp-json\/wp\/v2\/pages\/294\/revisions"}],"predecessor-version":[{"id":4252,"href":"https:\/\/blog.edu.turku.fi\/stod-for-larande\/wp-json\/wp\/v2\/pages\/294\/revisions\/4252"}],"up":[{"embeddable":true,"href":"https:\/\/blog.edu.turku.fi\/stod-for-larande\/wp-json\/wp\/v2\/pages\/359"}],"wp:attachment":[{"href":"https:\/\/blog.edu.turku.fi\/stod-for-larande\/wp-json\/wp\/v2\/media?parent=294"}],"curies":[{"name":"wp","href":"https:\/\/api.w.org\/{rel}","templated":true}]}}