{"id":2103,"date":"2023-06-15T13:30:01","date_gmt":"2023-06-15T10:30:01","guid":{"rendered":"https:\/\/blog.edu.turku.fi\/stod-for-larande\/?page_id=2103"},"modified":"2025-11-11T14:18:15","modified_gmt":"2025-11-11T12:18:15","slug":"lapsi","status":"publish","type":"page","link":"https:\/\/blog.edu.turku.fi\/stod-for-larande\/koulutusasteet\/varhaiskasvatus\/toimijat\/lapsi\/","title":{"rendered":"Lapsi"},"content":{"rendered":"<ul>\n<li>Varhaiskasvatukseen osallistuu 0\u20136-vuotiaita lapsia. Lapsella on oikeus saada yksil\u00f6llisen kehityksens\u00e4, oppimisensa ja hyvinvointinsa edellytt\u00e4m\u00e4\u00e4 tukea osana varhaiskasvatuksen perustoimintaa. (Esiopetukseen osallistuva lapsi on oikeutettu tukeen sek\u00e4 esiopetusaikana ett\u00e4 esiopetusta t\u00e4ydent\u00e4v\u00e4ss\u00e4 varhaiskasvatuksessa esiopetusajan ulkopuolella)<\/li>\n<li>Lapsen varhaiskasvatuksen tuen j\u00e4rjest\u00e4mist\u00e4 ohjaa lapsen edun ensisijaisuus ja inklusiiviset periaatteet: yhdenvertaisuus, tasa-arvo, syrjim\u00e4tt\u00f6myys, jokaisen lapsen sosiaalinen osallisuus ja moninaisuuden arvostaminen<\/li>\n<li>Lapsen mielipide selvitet\u00e4\u00e4n ja otetaan huomioon lapsen ik\u00e4 ja kehitys huomioiden osana lapsen varhaiskasvatussuunnitelman laatimista<\/li>\n<li>Lapsen huoltajat ovat osallisia lapsen varhaiskasvatuksen tukitoimien suunnittelussa ja arvioinnissa. Mik\u00e4li lapsen tuen tasoa on tarve nostaa tai kevent\u00e4\u00e4, asiasta tehd\u00e4\u00e4n hallintop\u00e4\u00e4t\u00f6s, jonka yhteydess\u00e4 lapsen huoltajia kuullaan hallintolain edellytt\u00e4m\u00e4ll\u00e4 tavalla<\/li>\n<\/ul>\n","protected":false},"excerpt":{"rendered":"<p>Varhaiskasvatukseen osallistuu 0\u20136-vuotiaita lapsia. Lapsella on oikeus saada yksil\u00f6llisen kehityksens\u00e4, oppimisensa ja hyvinvointinsa edellytt\u00e4m\u00e4\u00e4 tukea osana varhaiskasvatuksen perustoimintaa Esiopetukseen osallistuva lapsi &#8230;<\/p>\n","protected":false},"author":56,"featured_media":0,"parent":359,"menu_order":0,"comment_status":"closed","ping_status":"closed","template":"","meta":{"footnotes":""},"class_list":["post-2103","page","type-page","status-publish","hentry"],"_links":{"self":[{"href":"https:\/\/blog.edu.turku.fi\/stod-for-larande\/wp-json\/wp\/v2\/pages\/2103","targetHints":{"allow":["GET"]}}],"collection":[{"href":"https:\/\/blog.edu.turku.fi\/stod-for-larande\/wp-json\/wp\/v2\/pages"}],"about":[{"href":"https:\/\/blog.edu.turku.fi\/stod-for-larande\/wp-json\/wp\/v2\/types\/page"}],"author":[{"embeddable":true,"href":"https:\/\/blog.edu.turku.fi\/stod-for-larande\/wp-json\/wp\/v2\/users\/56"}],"replies":[{"embeddable":true,"href":"https:\/\/blog.edu.turku.fi\/stod-for-larande\/wp-json\/wp\/v2\/comments?post=2103"}],"version-history":[{"count":5,"href":"https:\/\/blog.edu.turku.fi\/stod-for-larande\/wp-json\/wp\/v2\/pages\/2103\/revisions"}],"predecessor-version":[{"id":5443,"href":"https:\/\/blog.edu.turku.fi\/stod-for-larande\/wp-json\/wp\/v2\/pages\/2103\/revisions\/5443"}],"up":[{"embeddable":true,"href":"https:\/\/blog.edu.turku.fi\/stod-for-larande\/wp-json\/wp\/v2\/pages\/359"}],"wp:attachment":[{"href":"https:\/\/blog.edu.turku.fi\/stod-for-larande\/wp-json\/wp\/v2\/media?parent=2103"}],"curies":[{"name":"wp","href":"https:\/\/api.w.org\/{rel}","templated":true}]}}