{"id":58,"date":"2025-03-05T12:40:22","date_gmt":"2025-03-05T10:40:22","guid":{"rendered":"https:\/\/blog.edu.turku.fi\/steam\/?page_id=58"},"modified":"2026-03-24T11:28:14","modified_gmt":"2026-03-24T09:28:14","slug":"steam-materiaalit","status":"publish","type":"page","link":"https:\/\/blog.edu.turku.fi\/steam\/steam-materiaalit\/","title":{"rendered":"STEAM-materiaalit"},"content":{"rendered":"\n<p><a href=\"https:\/\/www.youtube.com\/c\/jannemaunu\">Janne Maunun YouTube-tiedevideot<\/a><\/p>\n\n\n\n<p><a href=\"https:\/\/sites.google.com\/view\/ihmeellinenavaruus\" data-type=\"link\" data-id=\"https:\/\/sites.google.com\/view\/ihmeellinenavaruus\">STEAM kerho: Ihmeellinen avaruus<\/a><\/p>\n\n\n<div class=\"lightweight-accordion\"><details><summary class=\"lightweight-accordion-title\"><span>Opas STEAMin k\u00e4ynnist\u00e4miseen<\/span><\/summary><div class=\"lightweight-accordion-body\">\n\n<p><a href=\"https:\/\/blog.edu.turku.fi\/steam\/files\/2025\/03\/STEAM-Turku-opas-STEAMin-kaynnistamiseen-1.pdf\" data-type=\"attachment\" data-id=\"119\">Opas STEAMin k\u00e4ynnist\u00e4miseen<\/a><\/p>\n\n<\/div><\/details><\/div>\n\n<div class=\"lightweight-accordion\"><details><summary class=\"lightweight-accordion-title\"><span>Varhaiskasvatus ja esiopetus<\/span><\/summary><div class=\"lightweight-accordion-body\">\n\n<p><a href=\"https:\/\/blog.edu.turku.fi\/steam\/files\/2025\/03\/astianpesuaineella_huvittelua_pdf.pdf\" data-type=\"attachment\" data-id=\"92\">Astianpesuaineella huvittelua<\/a><br><a href=\"https:\/\/blog.edu.turku.fi\/steam\/files\/2025\/03\/atomihippa.pdf\" data-type=\"attachment\" data-id=\"93\">Atomihippa<\/a><br><a href=\"https:\/\/blog.edu.turku.fi\/steam\/files\/2025\/03\/fysiikkaa_keinussa.pdf\" data-type=\"attachment\" data-id=\"94\">Fysiikkaa keinussa<\/a><br><a href=\"https:\/\/blog.edu.turku.fi\/steam\/files\/2025\/03\/halogeenihippa.pdf\" data-type=\"attachment\" data-id=\"95\">Halogeenihippa<\/a><br><a href=\"https:\/\/blog.edu.turku.fi\/steam\/files\/2025\/03\/hassuja_elainaania.pdf\" data-type=\"attachment\" data-id=\"96\">Hassuja el\u00e4in\u00e4\u00e4ni\u00e4<\/a><br><a href=\"https:\/\/blog.edu.turku.fi\/steam\/files\/2025\/03\/hiekkasuodattamista.pdf\" data-type=\"attachment\" data-id=\"97\">Hiekkasuodattamista<\/a><br><a href=\"https:\/\/blog.edu.turku.fi\/steam\/files\/2025\/03\/ilmapallo_liikuttaa_0.pdf\" data-type=\"attachment\" data-id=\"98\">Ilmapallo liikuttaa<\/a><br><a href=\"https:\/\/blog.edu.turku.fi\/steam\/files\/2025\/03\/ilmapallokilpuri.pdf\" data-type=\"attachment\" data-id=\"99\">Ilmapallokilpuri<\/a><br><a href=\"https:\/\/blog.edu.turku.fi\/steam\/files\/2025\/03\/jarjestykseen.pdf\" data-type=\"attachment\" data-id=\"100\">J\u00e4rjestykseen &#8211; kuinka ratkaista ongelmia?<\/a><br><a href=\"https:\/\/blog.edu.turku.fi\/steam\/files\/2025\/03\/kaasuvene.pdf\" data-type=\"attachment\" data-id=\"101\">Kaasuvene<\/a><br><a href=\"https:\/\/blog.edu.turku.fi\/steam\/files\/2025\/03\/kamman_sahkoistys.pdf\" data-type=\"attachment\" data-id=\"102\">Kamman s\u00e4hk\u00f6istys<\/a><br><a href=\"https:\/\/blog.edu.turku.fi\/steam\/files\/2025\/03\/kelluuko_pdf.pdf\" data-type=\"attachment\" data-id=\"103\">Kelluuko?<\/a><br><a href=\"https:\/\/blog.edu.turku.fi\/steam\/files\/2025\/03\/kelluvat_kukat_ja_pintajannitys_pdf.pdf\" data-type=\"attachment\" data-id=\"104\">Kelluvat kukat ja pintaj\u00e4nnitys<\/a><br><a href=\"https:\/\/blog.edu.turku.fi\/steam\/files\/2025\/03\/laavalamppu.pdf\" data-type=\"attachment\" data-id=\"105\">Laavalamppu<\/a><br><a href=\"https:\/\/blog.edu.turku.fi\/steam\/files\/2025\/03\/leijuva_vesi.pdf\" data-type=\"attachment\" data-id=\"106\">Leijuva vesi<\/a><br><a href=\"https:\/\/blog.edu.turku.fi\/steam\/files\/2025\/03\/leikkiraha_arkki_mustavalkoinen.pdf\" data-type=\"attachment\" data-id=\"107\">Leikkiraha-arkki (mustavalkoinen)<\/a><br><a href=\"https:\/\/blog.edu.turku.fi\/steam\/files\/2025\/03\/leikkiraha_arkki_varillinen.pdf\" data-type=\"attachment\" data-id=\"108\">Leikkiraha-arkki (v\u00e4rillinen)<\/a><br><a href=\"https:\/\/blog.edu.turku.fi\/steam\/files\/2025\/03\/magneettinen_kompassi.pdf\" data-type=\"attachment\" data-id=\"109\">Magneettinen kompassi<\/a><br><a href=\"https:\/\/blog.edu.turku.fi\/steam\/files\/2025\/03\/marmorikuulasokkelo.pdf\" data-type=\"attachment\" data-id=\"110\">Marmorikuulasokkelo<\/a><br><a href=\"https:\/\/blog.edu.turku.fi\/steam\/files\/2025\/03\/miten_puut_juovat.pdf\" data-type=\"attachment\" data-id=\"111\">Miten puut juovat?<\/a><br><a href=\"https:\/\/blog.edu.turku.fi\/steam\/files\/2025\/03\/mittaaminen_vaaka_ja_punnussarja.pdf\" data-type=\"attachment\" data-id=\"112\">Mittaaminen, vaaka ja punnussarja<\/a><br><a href=\"https:\/\/blog.edu.turku.fi\/steam\/files\/2025\/03\/monitahokkaat.pdf\" data-type=\"attachment\" data-id=\"113\">Monitahokkaat<\/a><br><a href=\"https:\/\/blog.edu.turku.fi\/steam\/files\/2025\/03\/narupuhelin.pdf\" data-type=\"attachment\" data-id=\"114\">Narupuhelin<\/a><br><a href=\"https:\/\/blog.edu.turku.fi\/steam\/files\/2025\/03\/pisarataidetta_pdf.pdf\" data-type=\"attachment\" data-id=\"115\">Pisarataidetta<\/a><br><a href=\"https:\/\/blog.edu.turku.fi\/steam\/files\/2025\/03\/puetaan.pdf\" data-type=\"attachment\" data-id=\"79\">Puetaan<\/a><br><a href=\"https:\/\/blog.edu.turku.fi\/steam\/files\/2025\/03\/sadepilvi-koe.pdf\" data-type=\"attachment\" data-id=\"80\">Sadepilvikoe<\/a><br><a href=\"https:\/\/blog.edu.turku.fi\/steam\/files\/2025\/03\/sokerisateenkaari.pdf\" data-type=\"attachment\" data-id=\"81\">Sokerisateenkaari<\/a><br><a href=\"https:\/\/blog.edu.turku.fi\/steam\/files\/2025\/03\/sokeriseinat.pdf\" data-type=\"attachment\" data-id=\"82\">Sokerisein\u00e4t<\/a><br><a href=\"https:\/\/blog.edu.turku.fi\/steam\/files\/2025\/03\/suolamaalaus.pdf\" data-type=\"attachment\" data-id=\"84\">Suolamaalaus<\/a><br><a href=\"https:\/\/blog.edu.turku.fi\/steam\/files\/2025\/03\/symmetria.pdf\" data-type=\"attachment\" data-id=\"85\">Symmetria<\/a><br><a href=\"https:\/\/blog.edu.turku.fi\/steam\/files\/2025\/03\/tasapainottelua.pdf\" data-type=\"attachment\" data-id=\"86\">Tasapainottelua<\/a><br><a href=\"https:\/\/blog.edu.turku.fi\/steam\/files\/2025\/03\/tilavuuden_tutkimista_pdf.pdf\" data-type=\"attachment\" data-id=\"87\">Tilavuuden tutkimista<\/a><br><a href=\"https:\/\/blog.edu.turku.fi\/steam\/files\/2025\/03\/valon_taittuminen_pdf.pdf\" data-type=\"attachment\" data-id=\"88\">Valon taittuminen<\/a><br><a href=\"https:\/\/blog.edu.turku.fi\/steam\/files\/2025\/03\/venyvaa_vetta_pdf.pdf\" data-type=\"attachment\" data-id=\"89\">Venyv\u00e4\u00e4 vett\u00e4<\/a><br><a href=\"https:\/\/blog.edu.turku.fi\/steam\/files\/2025\/03\/virtapiirileikki.pdf\" data-type=\"attachment\" data-id=\"90\">Virtapiirileikki<\/a><br><a href=\"https:\/\/blog.edu.turku.fi\/steam\/files\/2025\/03\/ylhaalta_alas.pdf\" data-type=\"attachment\" data-id=\"91\">Ylh\u00e4\u00e4lt\u00e4 alas<\/a><br><\/p>\n\n<\/div><\/details><\/div>\n\n<div class=\"lightweight-accordion\"><details><summary class=\"lightweight-accordion-title\"><span>Alakoulut<\/span><\/summary><div class=\"lightweight-accordion-body\">\n\n<p><a href=\"https:\/\/blog.edu.turku.fi\/steam\/files\/2025\/03\/digiprojektikurssi_opetuskerta_akseli_mikael_roope.pdf\" data-type=\"attachment\" data-id=\"137\">Digiprojektikurssi<\/a><br>Green Screen -oppitunti<br><a href=\"https:\/\/blog.edu.turku.fi\/steam\/files\/2025\/03\/insinooritaitoja_steam_-paja.pdf\" data-type=\"attachment\" data-id=\"138\">Insin\u00f6\u00f6ritaitoja<\/a><br><a href=\"https:\/\/blog.edu.turku.fi\/steam\/files\/2025\/03\/kaupunkipelikortit.pdf\" data-type=\"attachment\" data-id=\"139\">Kaupunkipelikortit<\/a><br><a href=\"https:\/\/blog.edu.turku.fi\/steam\/files\/2025\/03\/magnetismin_tutkiminen.pdf\" data-type=\"attachment\" data-id=\"140\">Magnetismin tutkiminen<\/a><br><a href=\"https:\/\/blog.edu.turku.fi\/steam\/files\/2025\/03\/matematiikkapelien_suunnittelu.pdf\" data-type=\"attachment\" data-id=\"141\">Matematiikkapelien suunnittelu<\/a><br><a href=\"https:\/\/blog.edu.turku.fi\/steam\/files\/2025\/03\/mikroskooppisen_pienesta_suuria_kuvistoita.pdf\" data-type=\"attachment\" data-id=\"143\">Mikroskooppisen pienest\u00e4 (j\u00e4tti)suuria kuvist\u00f6it\u00e4<\/a><br>Mit\u00e4 on STEAM?<br><a href=\"https:\/\/blog.edu.turku.fi\/steam\/files\/2025\/03\/operaatio_i-planeetan_pelastaminen.pdf\" data-type=\"attachment\" data-id=\"125\">Operaatio I-planeetan pelastaminen<\/a><br><a href=\"https:\/\/blog.edu.turku.fi\/steam\/files\/2025\/03\/osaako_tekoaly.pdf\" data-type=\"attachment\" data-id=\"126\">Osaako teko\u00e4ly?<\/a><br><a href=\"https:\/\/blog.edu.turku.fi\/steam\/files\/2025\/03\/robomatikkaa_kymmenylitys.pdf\" data-type=\"attachment\" data-id=\"127\">Robomatikkaa<\/a><br><a href=\"https:\/\/blog.edu.turku.fi\/steam\/files\/2025\/03\/ryhmayttavia_steam-harjoituksia.pdf\" data-type=\"attachment\" data-id=\"128\">Ryhm\u00e4ytt\u00e4vi\u00e4 STEAM-harjoituksia<\/a><br><a href=\"https:\/\/blog.edu.turku.fi\/steam\/files\/2025\/03\/skillz.pdf\" data-type=\"attachment\" data-id=\"129\">Skillz<\/a><br><a href=\"https:\/\/blog.edu.turku.fi\/steam\/files\/2025\/03\/steam_koneoppimista_ja_tekoalya_alakoululaisille_omituiset_otukset.pdf\" data-type=\"attachment\" data-id=\"130\">Koneoppimista ja teko\u00e4ly\u00e4<\/a><br><a href=\"https:\/\/blog.edu.turku.fi\/steam\/files\/2025\/03\/steam-festarit.pdf\" data-type=\"attachment\" data-id=\"131\">STEAM-festarit<\/a><br><a href=\"https:\/\/blog.edu.turku.fi\/steam\/files\/2025\/03\/tietokilpailu_roboillen.pdf\" data-type=\"attachment\" data-id=\"132\">Tietokilpailu roboillen<\/a><br><a href=\"https:\/\/blog.edu.turku.fi\/steam\/files\/2025\/03\/toimintakulttuurin_parantaminen_tuuppauksia_suunnittelemalla.pdf\" data-type=\"attachment\" data-id=\"133\">Toimintakulttuurin parantaminen turvallisuustuuppauksia suunnittelemalla<\/a><br><a href=\"https:\/\/blog.edu.turku.fi\/steam\/files\/2025\/03\/tutkiva_oppiminen_-_kevatbongaus.pdf\" data-type=\"attachment\" data-id=\"134\">Tutkiva oppiminen: Kev\u00e4tbongaus<\/a><br><a href=\"https:\/\/blog.edu.turku.fi\/steam\/files\/2025\/03\/tutkiva_oppiminen_tutoroiden_-_ihmiskirjasto.pdf\" data-type=\"attachment\" data-id=\"135\">Tutkiva oppiminen tutoroiden: Ik\u00e4\u00e4ntyminen ja ihmiskirjasto<\/a><br><a href=\"https:\/\/blog.edu.turku.fi\/steam\/files\/2025\/03\/tyovalineet_tutuiksi_muistipeli.pdf\" data-type=\"attachment\" data-id=\"136\">Ty\u00f6v\u00e4lineet tutuksi -muistipeli<\/a><br><\/p>\n\n<\/div><\/details><\/div>\n\n<div class=\"lightweight-accordion\"><details><summary class=\"lightweight-accordion-title\"><span>Yl\u00e4koulut<\/span><\/summary><div class=\"lightweight-accordion-body\">\n\n<p><a href=\"https:\/\/blog.edu.turku.fi\/steam\/files\/2026\/03\/Amesin-ikkuna-1.pdf\" data-type=\"attachment\" data-id=\"214\">Amesin ikkuna<\/a><a href=\"https:\/\/blog.edu.turku.fi\/steam\/files\/2026\/03\/Fy-FyKe-Day.pdf\" data-type=\"attachment\" data-id=\"206\"><\/a><br><a href=\"https:\/\/blog.edu.turku.fi\/steam\/files\/2026\/03\/Fy-FyKe-Day.pdf\" data-type=\"attachment\" data-id=\"206\">My FyKe Day videon tekeminen<\/a> <br><a href=\"https:\/\/blog.edu.turku.fi\/steam\/files\/2026\/03\/rakkausmittari-arduinolla.pdf\" data-type=\"attachment\" data-id=\"211\">Rakkausmittari arduinolla<\/a><br><a href=\"https:\/\/blog.edu.turku.fi\/steam\/files\/2026\/03\/Karteesinen-sukeltaja.pdf\" data-type=\"attachment\" data-id=\"207\">Karteesinen sukeltaja<\/a><br><a href=\"https:\/\/blog.edu.turku.fi\/steam\/files\/2026\/03\/pH-asteikko-perusteet.pdf\" data-type=\"attachment\" data-id=\"221\">pH asteikko<\/a><br><a href=\"https:\/\/blog.edu.turku.fi\/steam\/files\/2026\/03\/Piirto-ohjelma-Scratchilla.pdf\" data-type=\"attachment\" data-id=\"208\">Piirto-ohjelma Scratchilla<\/a><br><a href=\"https:\/\/blog.edu.turku.fi\/steam\/files\/2026\/03\/Python-microbit-apuopettaja.pdf\" data-type=\"attachment\" data-id=\"209\">Python microbit apuopettaja<\/a> <br><a href=\"https:\/\/blog.edu.turku.fi\/steam\/files\/2026\/03\/Radioaktiivinen-hajoaminen-itk.pdf\" data-type=\"attachment\" data-id=\"210\">Radioaktiivinen hajoaminen<\/a> <br><a href=\"https:\/\/blog.edu.turku.fi\/steam\/files\/2026\/03\/STEAM-Team-haaste-reaktioaika.pdf\" data-type=\"attachment\" data-id=\"213\">Reaktioaika<\/a> <br><a href=\"https:\/\/blog.edu.turku.fi\/steam\/files\/2026\/03\/Salapoliisitehtava.pdf\" data-type=\"attachment\" data-id=\"212\">Salapoliisiteht\u00e4v\u00e4<\/a> <br><a href=\"https:\/\/blog.edu.turku.fi\/steam\/files\/2026\/03\/Toisen-asteen-yhtalo.pdf\" data-type=\"attachment\" data-id=\"217\">Toisen asteen yht\u00e4l\u00f6<\/a><br><a href=\"https:\/\/blog.edu.turku.fi\/steam\/files\/2026\/03\/Tolkkiralli.pdf\" data-type=\"attachment\" data-id=\"218\">T\u00f6lkkiralli<\/a><br><\/p>\n\n\n\n<p><br><\/p>\n\n<\/div><\/details><\/div>","protected":false},"excerpt":{"rendered":"<p>Janne Maunun YouTube-tiedevideot STEAM kerho: Ihmeellinen avaruus<\/p>\n","protected":false},"author":3140,"featured_media":0,"parent":0,"menu_order":0,"comment_status":"closed","ping_status":"closed","template":"","meta":{"footnotes":""},"class_list":["post-58","page","type-page","status-publish","hentry"],"_links":{"self":[{"href":"https:\/\/blog.edu.turku.fi\/steam\/wp-json\/wp\/v2\/pages\/58","targetHints":{"allow":["GET"]}}],"collection":[{"href":"https:\/\/blog.edu.turku.fi\/steam\/wp-json\/wp\/v2\/pages"}],"about":[{"href":"https:\/\/blog.edu.turku.fi\/steam\/wp-json\/wp\/v2\/types\/page"}],"author":[{"embeddable":true,"href":"https:\/\/blog.edu.turku.fi\/steam\/wp-json\/wp\/v2\/users\/3140"}],"replies":[{"embeddable":true,"href":"https:\/\/blog.edu.turku.fi\/steam\/wp-json\/wp\/v2\/comments?post=58"}],"version-history":[{"count":14,"href":"https:\/\/blog.edu.turku.fi\/steam\/wp-json\/wp\/v2\/pages\/58\/revisions"}],"predecessor-version":[{"id":225,"href":"https:\/\/blog.edu.turku.fi\/steam\/wp-json\/wp\/v2\/pages\/58\/revisions\/225"}],"wp:attachment":[{"href":"https:\/\/blog.edu.turku.fi\/steam\/wp-json\/wp\/v2\/media?parent=58"}],"curies":[{"name":"wp","href":"https:\/\/api.w.org\/{rel}","templated":true}]}}