{"id":4,"date":"2025-01-21T14:15:29","date_gmt":"2025-01-21T12:15:29","guid":{"rendered":"https:\/\/blog.edu.turku.fi\/steam\/?page_id=4"},"modified":"2025-03-05T12:49:48","modified_gmt":"2025-03-05T10:49:48","slug":"etusivu","status":"publish","type":"page","link":"https:\/\/blog.edu.turku.fi\/steam\/","title":{"rendered":"Etusivu"},"content":{"rendered":"\n<h2 class=\"wp-block-heading\" id=\"anchor-mika-on-steam-turku\">Mik\u00e4 on STEAM Turku?<\/h2>\n\n\n\n<ul class=\"wp-block-list\">\n<li>STEAM Turku on Turun kaupungin kasvatuksen ja opetuksen palvelukokonaisuuden varhaiskasvatuksen, perusopetuksen ja toisen asteen yhdist\u00e4v\u00e4 tiede- ja teknologiapolku, joka tarjoaa eri-ik\u00e4isille lapsille ja nuorille lukemattomia mahdollisuuksia. Jokaiselle l\u00f6ytyy oma polku tieteen ja teknologian maailmaan.<\/li>\n\n\n\n<li>STEAM Turku auttaa jokaista turkulaista oppijaa l\u00f6yt\u00e4m\u00e4\u00e4n tiens\u00e4 tieteen, taiteiden ja teknologian maailmaan. Innostamme oppijoita luovaan ongelmanratkaisuun ja tuemme oppimistuloksia STEAM-pedagogiikan avulla.<\/li>\n\n\n\n<li>STEAM Turku on suora v\u00e4yl\u00e4 jatko-opintoihin ja Turun teknologiakampukselle.<\/li>\n\n\n\n<li>Visionamme on, ett\u00e4 STEAM-pedagogiikan avulla valmistamme turkulaisia lapsia ja nuoria sellaiseen arkeen ja ty\u00f6teht\u00e4viin, joita emme viel\u00e4 osaa kuvitellakaan. STEAMin avulla he oppivat mm. ongelmanratkaisu- ja yhteisty\u00f6taitoja, luovan prosessin hy\u00f6dynt\u00e4mist\u00e4 sek\u00e4 kokeilemalla oppimista, taitoja, joita tarvitaan tulevaisuuden rakentamisessa ja aikamme viheli\u00e4impien ongelmien ratkaisemisessa, yhdess\u00e4 ja monialaisesti.<\/li>\n<\/ul>\n\n\n\n<h2 class=\"wp-block-heading\" id=\"anchor-mista-kaikki-sai-alkunsa\">Mist\u00e4 kaikki sai alkunsa?<\/h2>\n\n\n\n<p>Turun kaupunki solmi huhtikuussa 2018 yhdess\u00e4 alueen korkeakoulujen ja Turku Science Park Oy:n kanssa Teknologiakampus-sopimuksen, joka keskittyy tekniikan alan koulutustarjonnan ja tutkimuksen lis\u00e4\u00e4miseen. Sopimuksen my\u00f6t\u00e4 aloitetun yhteisty\u00f6n tavoitteena on, ett\u00e4 Turun korkeakoulut tuottavat tekniikan kandidaatteja, diplomi-insin\u00f6\u00f6rej\u00e4, insin\u00f6\u00f6rej\u00e4, YAMK-insin\u00f6\u00f6rej\u00e4 ja merenkulun ammattilaisia alueen lis\u00e4\u00e4ntyviin tulevaisuuden tarpeisiin.<\/p>\n\n\n\n<p>STEAM Turku -hanke on osa Turun kaupungin toimintakokonaisuutta t\u00e4ss\u00e4 yhteisty\u00f6ss\u00e4. Hankkeen toteutuksesta vastaa Turun kaupungin kasvatuksen ja opetuksen palvelukokonaisuus, mutta se linkittyy osaksi koko kaupungin elinkeinopolitiikkaa.<\/p>\n\n\n\n<h2 class=\"wp-block-heading\" id=\"anchor-steam-turun-arvot\">STEAM Turun arvot<\/h2>\n\n\n\n<ul class=\"wp-block-list\">\n<li>Osallisuus (jokaiselle oppilaalle, opiskelijalle ja opettajalle l\u00f6ytyy oma polku tieteen ja teknologian maailmaan)<\/li>\n\n\n\n<li>Avoimuus (kaikki tieto ja k\u00e4yt\u00e4nn\u00f6t jaetaan, kaikki p\u00e4\u00e4sev\u00e4t mukaan yhteisty\u00f6h\u00f6n, olemme valmiita oppimaan muilta)<\/li>\n\n\n\n<li>Innovatiivisuus (haluamme etsi\u00e4 ja l\u00f6yt\u00e4\u00e4 uusia ratkaisuja ja mahdollisuuksia, uskomme my\u00f6s ep\u00e4onnistumisten olevan opettavaisia)<\/li>\n<\/ul>\n\n\n\n<h2 class=\"wp-block-heading\" id=\"anchor-steam-turun-tavoitteet\">STEAM Turun tavoitteet<\/h2>\n\n\n\n<ul class=\"wp-block-list\">\n<li>Luoda Turun kaupungille uusi koulutuksen toimintamalli luonnontieteen ja tekniikan alan vetovoiman vahvistamiseen.<\/li>\n\n\n\n<li>Rakentaa varhaiskasvatuksen, perusopetuksen ja toisen asteen yhdist\u00e4v\u00e4 tiede- ja teknologiapolku.<\/li>\n\n\n\n<li>Tarjota suoria v\u00e4yli\u00e4 jatko-opintoihin ja Turun teknologiakampukselle.<\/li>\n\n\n\n<li>Luoda uusia yhteisty\u00f6muotoja kasvatuksen ja opetuksen palvelukokonaisuuden, korkeakoulujen, yritysten ja muiden toimijoiden v\u00e4lille.<\/li>\n\n\n\n<li>Vahvistaa luonnontieteiden ja tekniikan alan korkeakoulutuksen kysynt\u00e4\u00e4 Turussa ja Lounais-Suomessa pitk\u00e4j\u00e4nteisesti eri koulutusasteiden laaja-alaisella yhteisty\u00f6ll\u00e4.<\/li>\n\n\n\n<li>Kehitt\u00e4\u00e4 uusia digitaalisia ratkaisuja, opetussis\u00e4lt\u00f6j\u00e4, oppimateriaaleja ja oppimisymp\u00e4rist\u00f6j\u00e4.<\/li>\n\n\n\n<li>Tuotteistaa ja levitt\u00e4\u00e4 hankeen tulokset.<\/li>\n\n\n\n<li>Koota yhteen koko kasvatuksen ja opetuksen palvelukokonaisuuden STEAM-ty\u00f6t\u00e4 tukevat projektit, v\u00e4ltt\u00e4\u00e4 p\u00e4\u00e4llekk\u00e4iset toiminnot ja hukka sek\u00e4 tehostaa projektien v\u00e4list\u00e4 yhteisty\u00f6t\u00e4.<\/li>\n\n\n\n<li>Tukea tulosten ja hyvien k\u00e4yt\u00e4nt\u00f6jen saavuttamista, juurtumista ja levi\u00e4mist\u00e4 sek\u00e4 varmistaa aiempien projektien tulosten hy\u00f6dynt\u00e4minen ja levitt\u00e4minen osana nykyist\u00e4 kehitt\u00e4mistoimintaa.<\/li>\n<\/ul>\n","protected":false},"excerpt":{"rendered":"<p>Mik\u00e4 on STEAM Turku? Mist\u00e4 kaikki sai alkunsa? Turun kaupunki solmi huhtikuussa 2018 yhdess\u00e4 alueen korkeakoulujen ja Turku Science Park Oy:n kanssa Teknologiakampus-sopimuksen, joka keskittyy tekniikan alan koulutustarjonnan ja tutkimuksen lis\u00e4\u00e4miseen. Sopimuksen my\u00f6t\u00e4 aloitetun yhteisty\u00f6n tavoitteena on, ett\u00e4 Turun korkeakoulut tuottavat tekniikan kandidaatteja, diplomi-insin\u00f6\u00f6rej\u00e4, insin\u00f6\u00f6rej\u00e4, YAMK-insin\u00f6\u00f6rej\u00e4 ja merenkulun ammattilaisia alueen lis\u00e4\u00e4ntyviin tulevaisuuden tarpeisiin. STEAM Turku [&hellip;]<\/p>\n","protected":false},"author":56,"featured_media":12,"parent":0,"menu_order":0,"comment_status":"closed","ping_status":"closed","template":"templates\/template-cover.php","meta":{"footnotes":""},"class_list":["post-4","page","type-page","status-publish","has-post-thumbnail","hentry"],"_links":{"self":[{"href":"https:\/\/blog.edu.turku.fi\/steam\/wp-json\/wp\/v2\/pages\/4","targetHints":{"allow":["GET"]}}],"collection":[{"href":"https:\/\/blog.edu.turku.fi\/steam\/wp-json\/wp\/v2\/pages"}],"about":[{"href":"https:\/\/blog.edu.turku.fi\/steam\/wp-json\/wp\/v2\/types\/page"}],"author":[{"embeddable":true,"href":"https:\/\/blog.edu.turku.fi\/steam\/wp-json\/wp\/v2\/users\/56"}],"replies":[{"embeddable":true,"href":"https:\/\/blog.edu.turku.fi\/steam\/wp-json\/wp\/v2\/comments?post=4"}],"version-history":[{"count":5,"href":"https:\/\/blog.edu.turku.fi\/steam\/wp-json\/wp\/v2\/pages\/4\/revisions"}],"predecessor-version":[{"id":52,"href":"https:\/\/blog.edu.turku.fi\/steam\/wp-json\/wp\/v2\/pages\/4\/revisions\/52"}],"wp:featuredmedia":[{"embeddable":true,"href":"https:\/\/blog.edu.turku.fi\/steam\/wp-json\/wp\/v2\/media\/12"}],"wp:attachment":[{"href":"https:\/\/blog.edu.turku.fi\/steam\/wp-json\/wp\/v2\/media?parent=4"}],"curies":[{"name":"wp","href":"https:\/\/api.w.org\/{rel}","templated":true}]}}