{"id":14,"date":"2025-01-21T14:24:34","date_gmt":"2025-01-21T12:24:34","guid":{"rendered":"https:\/\/blog.edu.turku.fi\/steam\/?page_id=14"},"modified":"2025-02-20T12:50:12","modified_gmt":"2025-02-20T10:50:12","slug":"turun-lukioiden-steam-opintojaksot","status":"publish","type":"page","link":"https:\/\/blog.edu.turku.fi\/steam\/turun-lukioiden-steam-opintojaksot\/","title":{"rendered":"Turun lukioiden STEAM-opintojaksot"},"content":{"rendered":"\n<figure class=\"wp-block-image size-large\"><img decoding=\"async\" src=\"https:\/\/www.turku.fi\/sites\/default\/files\/styles\/width_1676\/public\/image\/ktkkesakurssi-kuvaaja-nanna-madetoja.jpg.webp?itok=OVZ6APJ7\" alt=\"\" \/><\/figure>\n\n\n\n<p>STEAM-opintojaksot ovat Turun lukioiden j\u00e4rjest\u00e4mi\u00e4 ja kaikille Turun lukiolaisille avoimia opintojaksoja.<\/p>\n\n\n\n<p>STEAM-opintojaksoilla integroidaan eri oppiaineita, tehd\u00e4\u00e4n yhteisty\u00f6t\u00e4 eri oppilaitosten ja yritysten kanssa, tutkitaan ilmi\u00f6it\u00e4, syvennet\u00e4\u00e4n oppimista ja luodaan uutta. Voit ilmoittautua haluamillesi opintojaksoille oman koulusi opinto-ohjaajan kautta. Lis\u00e4tietoja saat opintojakson opettajalta.<\/p>\n\n\n\n<p>Opintojaksojen kuvaukset l\u00f6ytyv\u00e4t Turun kaupungin nettisivuilta osoitteesta: <a href=\"https:\/\/www.turku.fi\/steam-turku\">https:\/\/www.turku.fi\/steam-turku<\/a><\/p>\n","protected":false},"excerpt":{"rendered":"<p>STEAM-opintojaksot ovat Turun lukioiden j\u00e4rjest\u00e4mi\u00e4 ja kaikille Turun lukiolaisille avoimia opintojaksoja. STEAM-opintojaksoilla integroidaan eri oppiaineita, tehd\u00e4\u00e4n yhteisty\u00f6t\u00e4 eri oppilaitosten ja yritysten kanssa, tutkitaan ilmi\u00f6it\u00e4, syvennet\u00e4\u00e4n oppimista ja luodaan uutta. Voit ilmoittautua haluamillesi opintojaksoille oman koulusi opinto-ohjaajan kautta. Lis\u00e4tietoja saat opintojakson opettajalta. Opintojaksojen kuvaukset l\u00f6ytyv\u00e4t Turun kaupungin nettisivuilta osoitteesta: https:\/\/www.turku.fi\/steam-turku<\/p>\n","protected":false},"author":56,"featured_media":0,"parent":0,"menu_order":1,"comment_status":"closed","ping_status":"closed","template":"","meta":{"footnotes":""},"class_list":["post-14","page","type-page","status-publish","hentry"],"_links":{"self":[{"href":"https:\/\/blog.edu.turku.fi\/steam\/wp-json\/wp\/v2\/pages\/14","targetHints":{"allow":["GET"]}}],"collection":[{"href":"https:\/\/blog.edu.turku.fi\/steam\/wp-json\/wp\/v2\/pages"}],"about":[{"href":"https:\/\/blog.edu.turku.fi\/steam\/wp-json\/wp\/v2\/types\/page"}],"author":[{"embeddable":true,"href":"https:\/\/blog.edu.turku.fi\/steam\/wp-json\/wp\/v2\/users\/56"}],"replies":[{"embeddable":true,"href":"https:\/\/blog.edu.turku.fi\/steam\/wp-json\/wp\/v2\/comments?post=14"}],"version-history":[{"count":2,"href":"https:\/\/blog.edu.turku.fi\/steam\/wp-json\/wp\/v2\/pages\/14\/revisions"}],"predecessor-version":[{"id":50,"href":"https:\/\/blog.edu.turku.fi\/steam\/wp-json\/wp\/v2\/pages\/14\/revisions\/50"}],"wp:attachment":[{"href":"https:\/\/blog.edu.turku.fi\/steam\/wp-json\/wp\/v2\/media?parent=14"}],"curies":[{"name":"wp","href":"https:\/\/api.w.org\/{rel}","templated":true}]}}