{"id":36,"date":"2015-06-17T12:57:55","date_gmt":"2015-06-17T09:57:55","guid":{"rendered":"https:\/\/blog.edu.turku.fi\/urheilupuistonphy\/?page_id=36"},"modified":"2026-02-19T14:55:10","modified_gmt":"2026-02-19T12:55:10","slug":"yhteystiedot-ja-ryhmat","status":"publish","type":"page","link":"https:\/\/blog.edu.turku.fi\/stalarminkadunphy\/yhteystiedot-ja-ryhmat\/","title":{"rendered":"Yhteystiedot ja ryhm\u00e4t"},"content":{"rendered":"<h2>St\u00e5larminkadun p\u00e4iv\u00e4koti<\/h2>\n<p><em>St\u00e5larminkadun p\u00e4iv\u00e4koti sijaitsee Martin kaupunginosassa, Vilkkil\u00e4nm\u00e4en juurella.<\/em><\/p>\n<p><em>P\u00e4iv\u00e4kotitoimintaa St\u00e5larminkatu 27:ssa.<\/em><br \/>\n<em>Esiopetusta Martin koululla.<\/em><br \/>\n<em>Leikkipuistotoimintaa Urheilupuistossa.<\/em><br \/>\n<em>Avointa varhaiskasvatustoimintaa Betaniankatu 2:ssa.<br \/>\nHeidekenill\u00e4 osoitteessa Sep\u00e4nkatu 3 perheille avoin kohtaamispaikka Marakatti yhteisty\u00f6ss\u00e4 Mannerheimin lastensuojeluliiton kanssa.<\/em><\/p>\n<p style=\"padding-left: 40px\">P\u00e4iv\u00e4kodinjohtaja Helj\u00e4 Tuomisto | 040 661 0675<br \/>\nSt\u00e5larminkatu 27, 20810 Turku<br \/>\nhelja.tuomisto@edu.turku.fi<\/p>\n<p style=\"padding-left: 40px\">Apulaisjohtaja Dea Rostedt | 040 619 7894<br \/>\nSt\u00e5larminkatu 27, 20810 Turku<br \/>\ndea.rostedt@edu.turku.fi<\/p>\n<p style=\"padding-left: 40px\">Varhaiskasvatuksen erityisopettaja Maria Kurki | 044 491 3207<br \/>\nSt\u00e5larminkatu 27, 20810 Turku<br \/>\nmaria.kurki@edu.turku.fi<\/p>\n<h3>St\u00e5larminkadun p\u00e4iv\u00e4koti<\/h3>\n<p>St\u00e5larminkatu 27, 20810 Turku<\/p>\n<p style=\"padding-left: 40px\">A-talo:<br \/>\nP\u00e4iv\u00e4ns\u00e4teet | 040 630 2957<br \/>\nN\u00f6p\u00f6nen\u00e4t | 040 620 4758<br \/>\nT\u00e4htisilm\u00e4t | 040 186 3874<\/p>\n<p style=\"padding-left: 40px\">B-talo:<br \/>\nHelmivarpaat | 040 538 5279<br \/>\nPunaposket | 040 186 3927<br \/>\nHymyhuulet | 040 620 9401<\/p>\n<h3>Esiopetus Martin koululla<\/h3>\n<p>Hopeasep\u00e4nkuja 2, 20810 Turku<br \/>\nSis\u00e4\u00e4nk\u00e4ynti koulun vasemmasta reunasta, ovikelloa soittamalla.<\/p>\n<p style=\"padding-left: 40px\">Siilit | 040 186 4495<br \/>\nOravat | 040 162 8791<\/p>\n<h3>Urheilupuiston leikkipaikka<\/h3>\n<p>Urheilupuiston leikkipaikka\u00a03<br \/>\nBetaniankatu 10, Martin koulun vieress\u00e4<br \/>\n050 396 7031<\/p>\n<p>Puiston toiminta-aika arkip\u00e4ivisin klo 9:00-12:30 v\u00e4lisen\u00e4 aikana.<\/p>\n<h3>Avoin p\u00e4iv\u00e4koti Martin Touhumaa<\/h3>\n<p>Betaniankatu 2, 20810 Turku<br \/>\n040 137 3843 | <a href=\"https:\/\/blog.edu.turku.fi\/martintouhumaa\/\" target=\"_blank\" rel=\"noopener\">blogi<\/a><\/p>\n<p>Toiminta-aika ma-to klo 9:00-16:00, perjantaisin klo 9:00-12:00.<br \/>\nMaksuttomaan avoimeen p\u00e4iv\u00e4kotiin voi tulla ennalta ilmoittamatta ja omien tarpeiden mukaan.<\/p>\n","protected":false},"excerpt":{"rendered":"<p>St\u00e5larminkadun p\u00e4iv\u00e4koti St\u00e5larminkadun p\u00e4iv\u00e4koti sijaitsee Martin kaupunginosassa, Vilkkil\u00e4nm\u00e4en juurella. P\u00e4iv\u00e4kotitoimintaa St\u00e5larminkatu 27:ssa. Esiopetusta Martin koululla. Leikkipuistotoimintaa Urheilupuistossa. Avointa varhaiskasvatustoimintaa Betaniankatu 2:ssa. Heidekenill\u00e4 osoitteessa Sep\u00e4nkatu 3 perheille avoin kohtaamispaikka Marakatti yhteisty\u00f6ss\u00e4 Mannerheimin lastensuojeluliiton kanssa. P\u00e4iv\u00e4kodinjohtaja Helj\u00e4 Tuomisto | 040 661 0675 St\u00e5larminkatu 27, 20810 Turku helja.tuomisto@edu.turku.fi Apulaisjohtaja Dea Rostedt | 040 619 7894 St\u00e5larminkatu 27, 20810 &hellip; <a href=\"https:\/\/blog.edu.turku.fi\/stalarminkadunphy\/yhteystiedot-ja-ryhmat\/\" class=\"more-link\">Jatka lukemista<span class=\"screen-reader-text\"> &#8221;Yhteystiedot ja ryhm\u00e4t&#8221;<\/span><\/a><\/p>\n","protected":false},"author":1562,"featured_media":0,"parent":0,"menu_order":3,"comment_status":"closed","ping_status":"closed","template":"","meta":{"footnotes":""},"class_list":["post-36","page","type-page","status-publish","hentry"],"_links":{"self":[{"href":"https:\/\/blog.edu.turku.fi\/stalarminkadunphy\/wp-json\/wp\/v2\/pages\/36","targetHints":{"allow":["GET"]}}],"collection":[{"href":"https:\/\/blog.edu.turku.fi\/stalarminkadunphy\/wp-json\/wp\/v2\/pages"}],"about":[{"href":"https:\/\/blog.edu.turku.fi\/stalarminkadunphy\/wp-json\/wp\/v2\/types\/page"}],"author":[{"embeddable":true,"href":"https:\/\/blog.edu.turku.fi\/stalarminkadunphy\/wp-json\/wp\/v2\/users\/1562"}],"replies":[{"embeddable":true,"href":"https:\/\/blog.edu.turku.fi\/stalarminkadunphy\/wp-json\/wp\/v2\/comments?post=36"}],"version-history":[{"count":55,"href":"https:\/\/blog.edu.turku.fi\/stalarminkadunphy\/wp-json\/wp\/v2\/pages\/36\/revisions"}],"predecessor-version":[{"id":873,"href":"https:\/\/blog.edu.turku.fi\/stalarminkadunphy\/wp-json\/wp\/v2\/pages\/36\/revisions\/873"}],"wp:attachment":[{"href":"https:\/\/blog.edu.turku.fi\/stalarminkadunphy\/wp-json\/wp\/v2\/media?parent=36"}],"curies":[{"name":"wp","href":"https:\/\/api.w.org\/{rel}","templated":true}]}}