{"id":249,"date":"2016-04-04T14:33:33","date_gmt":"2016-04-04T11:33:33","guid":{"rendered":"https:\/\/blog.edu.turku.fi\/urheilupuistonphy\/?page_id=249"},"modified":"2026-02-19T14:11:26","modified_gmt":"2026-02-19T12:11:26","slug":"ajankohtaista","status":"publish","type":"page","link":"https:\/\/blog.edu.turku.fi\/stalarminkadunphy\/","title":{"rendered":"Ajankohtaista"},"content":{"rendered":"<h2>Tervetuloa St\u00e5larminkadun p\u00e4iv\u00e4kodin kotisivuille!<\/h2>\n<p>Olemme Martin alueella toimiva p\u00e4iv\u00e4koti. P\u00e4iv\u00e4kotitoimintamme on hajautettu A- ja B-taloihin, joissa molemmissa toimii kolme ryhm\u00e4\u00e4. Martin koulun yhteydess\u00e4 toimii yksikk\u00f6mme yksivuotinen esiopetus ja koulurakennuksen v\u00e4litt\u00f6m\u00e4ss\u00e4 l\u00e4heisyydess\u00e4 avoin p\u00e4iv\u00e4koti Touhumaa. Lis\u00e4ksi j\u00e4rjest\u00e4mme puistotoimintaa.<\/p>\n","protected":false},"excerpt":{"rendered":"<p>Tervetuloa St\u00e5larminkadun p\u00e4iv\u00e4kodin kotisivuille! Olemme Martin alueella toimiva p\u00e4iv\u00e4koti. P\u00e4iv\u00e4kotitoimintamme on hajautettu A- ja B-taloihin, joissa molemmissa toimii kolme ryhm\u00e4\u00e4. Martin koulun yhteydess\u00e4 toimii yksikk\u00f6mme yksivuotinen esiopetus ja koulurakennuksen v\u00e4litt\u00f6m\u00e4ss\u00e4 l\u00e4heisyydess\u00e4 avoin p\u00e4iv\u00e4koti Touhumaa. Lis\u00e4ksi j\u00e4rjest\u00e4mme puistotoimintaa.<\/p>\n","protected":false},"author":1553,"featured_media":0,"parent":0,"menu_order":1,"comment_status":"closed","ping_status":"closed","template":"","meta":{"footnotes":""},"class_list":["post-249","page","type-page","status-publish","hentry"],"_links":{"self":[{"href":"https:\/\/blog.edu.turku.fi\/stalarminkadunphy\/wp-json\/wp\/v2\/pages\/249","targetHints":{"allow":["GET"]}}],"collection":[{"href":"https:\/\/blog.edu.turku.fi\/stalarminkadunphy\/wp-json\/wp\/v2\/pages"}],"about":[{"href":"https:\/\/blog.edu.turku.fi\/stalarminkadunphy\/wp-json\/wp\/v2\/types\/page"}],"author":[{"embeddable":true,"href":"https:\/\/blog.edu.turku.fi\/stalarminkadunphy\/wp-json\/wp\/v2\/users\/1553"}],"replies":[{"embeddable":true,"href":"https:\/\/blog.edu.turku.fi\/stalarminkadunphy\/wp-json\/wp\/v2\/comments?post=249"}],"version-history":[{"count":86,"href":"https:\/\/blog.edu.turku.fi\/stalarminkadunphy\/wp-json\/wp\/v2\/pages\/249\/revisions"}],"predecessor-version":[{"id":864,"href":"https:\/\/blog.edu.turku.fi\/stalarminkadunphy\/wp-json\/wp\/v2\/pages\/249\/revisions\/864"}],"wp:attachment":[{"href":"https:\/\/blog.edu.turku.fi\/stalarminkadunphy\/wp-json\/wp\/v2\/media?parent=249"}],"curies":[{"name":"wp","href":"https:\/\/api.w.org\/{rel}","templated":true}]}}