{"id":92,"date":"2016-11-14T14:36:36","date_gmt":"2016-11-14T12:36:36","guid":{"rendered":"https:\/\/blog.edu.turku.fi\/sirkkalaskola\/?page_id=92"},"modified":"2025-08-25T18:32:15","modified_gmt":"2025-08-25T15:32:15","slug":"laroplanen","status":"publish","type":"page","link":"https:\/\/blog.edu.turku.fi\/sirkkalaskola\/laroplanen\/","title":{"rendered":"L\u00e4roplanen"},"content":{"rendered":"<p><a href=\"https:\/\/blog.edu.turku.fi\/ops2016\/tukimateriaalit\/material-pa-svenska\/\">https:\/\/blog.edu.turku.fi\/ops2016\/tukimateriaalit\/material-pa-svenska\/<\/a><\/p>\n<p>&nbsp;<\/p>\n<p><a href=\"http:\/\/www.malgan.fi\/\">M\u00e5lgan (st\u00f6dmaterial f\u00f6r undervisning enligt verksamhetsomr\u00e5de)<\/a><\/p>\n","protected":false},"excerpt":{"rendered":"<p>https:\/\/blog.edu.turku.fi\/ops2016\/tukimateriaalit\/material-pa-svenska\/ &nbsp; M\u00e5lgan (st\u00f6dmaterial f\u00f6r undervisning enligt verksamhetsomr\u00e5de)<\/p>\n","protected":false},"author":1020,"featured_media":0,"parent":0,"menu_order":0,"comment_status":"closed","ping_status":"closed","template":"","meta":{"ngg_post_thumbnail":0,"footnotes":""},"class_list":["post-92","page","type-page","status-publish","hentry"],"_links":{"self":[{"href":"https:\/\/blog.edu.turku.fi\/sirkkalaskola\/wp-json\/wp\/v2\/pages\/92","targetHints":{"allow":["GET"]}}],"collection":[{"href":"https:\/\/blog.edu.turku.fi\/sirkkalaskola\/wp-json\/wp\/v2\/pages"}],"about":[{"href":"https:\/\/blog.edu.turku.fi\/sirkkalaskola\/wp-json\/wp\/v2\/types\/page"}],"author":[{"embeddable":true,"href":"https:\/\/blog.edu.turku.fi\/sirkkalaskola\/wp-json\/wp\/v2\/users\/1020"}],"replies":[{"embeddable":true,"href":"https:\/\/blog.edu.turku.fi\/sirkkalaskola\/wp-json\/wp\/v2\/comments?post=92"}],"version-history":[{"count":7,"href":"https:\/\/blog.edu.turku.fi\/sirkkalaskola\/wp-json\/wp\/v2\/pages\/92\/revisions"}],"predecessor-version":[{"id":1087,"href":"https:\/\/blog.edu.turku.fi\/sirkkalaskola\/wp-json\/wp\/v2\/pages\/92\/revisions\/1087"}],"wp:attachment":[{"href":"https:\/\/blog.edu.turku.fi\/sirkkalaskola\/wp-json\/wp\/v2\/media?parent=92"}],"curies":[{"name":"wp","href":"https:\/\/api.w.org\/{rel}","templated":true}]}}