{"id":89,"date":"2016-11-14T14:35:40","date_gmt":"2016-11-14T12:35:40","guid":{"rendered":"https:\/\/blog.edu.turku.fi\/sirkkalaskola\/?page_id=89"},"modified":"2025-09-03T13:54:25","modified_gmt":"2025-09-03T10:54:25","slug":"lasaret","status":"publish","type":"page","link":"https:\/\/blog.edu.turku.fi\/sirkkalaskola\/lasaret\/","title":{"rendered":"L\u00e4s\u00e5ret"},"content":{"rendered":"<h2>L\u00e4s\u00e5ret 2025-2026<\/h2>\n<ul>\n<li style=\"list-style-type: none\">\n<ul>\n<li>\n<h3>H\u00f6stterminen: tors. 7.8. \u2013 l\u00f6r. 20.12.2025<\/h3>\n<ul>\n<li>H\u00f6stlov: m\u00e5n. 13.10. \u2013 s\u00f6n. 19.10.2025<\/li>\n<li>Jullov&nbsp;s\u00f6n 21.12.2025 &#8211; tis 6.1.2026<\/li>\n<\/ul>\n<h3>V\u00e5rterminen: ons. 7.1.-l\u00f6r. 30.5.2026<\/h3>\n<ul>\n<li>Sportlov: m\u00e5n. 16.2. \u2013 s\u00f6n. 22.2.2026&nbsp;<\/li>\n<\/ul>\n<\/li>\n<\/ul>\n<\/li>\n<\/ul>\n<p>&nbsp;<\/p>\n<p><a href=\"https:\/\/www.turku.fi\/sv\/grundlaggande-utbildning\/lasaret-och-lovdagar\">Klicka h\u00e4r s\u00e5 kommer du till stadens sidor!<\/a><\/p>\n<h2>L\u00e4s\u00e5ret 2026\u20132027<\/h2>\n<ul>\n<li style=\"list-style-type: none\">\n<h3>H\u00f6stterminen: ti. 11.8. &#8211; fre. 18.12.2026<\/h3>\n<ul>\n<li>H\u00f6stlov: m\u00e5n. 12.10. \u2013 s\u00f6n. 19.10.2026<\/li>\n<li>Jullov: l\u00f6r. 19.12. \u2013 ons. 6.1.2026<\/li>\n<\/ul>\n<h3>V\u00e5rterminen: to. 7.1. &#8211; l\u00f6r. 5.6.2027<\/h3>\n<ul>\n<li>Sportlov: m\u00e5n. 16.2. \u2013 s\u00f6n. 28.2.2027&nbsp;<\/li>\n<\/ul>\n<\/li>\n<\/ul>\n<p>&nbsp;<\/p>\n<p>&nbsp;<\/p>\n<ul>\n<li style=\"list-style-type: none\">&nbsp;<\/li>\n<\/ul>\n","protected":false},"excerpt":{"rendered":"<p>L\u00e4s\u00e5ret 2025-2026 H\u00f6stterminen: tors. 7.8. \u2013 l\u00f6r. 20.12.2025 H\u00f6stlov: m\u00e5n. 13.10. \u2013 s\u00f6n. 19.10.2025 Jullov&nbsp;s\u00f6n 21.12.2025 &#8211; tis 6.1.2026 V\u00e5rterminen: ons. 7.1.-l\u00f6r. 30.5.2026 Sportlov: m\u00e5n. 16.2. \u2013 s\u00f6n. 22.2.2026&nbsp; &nbsp; Klicka h\u00e4r s\u00e5 kommer du till stadens sidor! L\u00e4s\u00e5ret 2026\u20132027 H\u00f6stterminen: ti. 11.8. &#8211; fre. 18.12.2026 H\u00f6stlov: m\u00e5n. 12.10. \u2013 s\u00f6n. 19.10.2026 Jullov: l\u00f6r. 19.12. &hellip; <a href=\"https:\/\/blog.edu.turku.fi\/sirkkalaskola\/lasaret\/\" class=\"more-link\">Forts\u00e4tt l\u00e4sa<span class=\"screen-reader-text\"> \u201dL\u00e4s\u00e5ret\u201d<\/span><\/a><\/p>\n","protected":false},"author":1020,"featured_media":0,"parent":0,"menu_order":0,"comment_status":"closed","ping_status":"closed","template":"","meta":{"ngg_post_thumbnail":0,"footnotes":""},"class_list":["post-89","page","type-page","status-publish","hentry"],"_links":{"self":[{"href":"https:\/\/blog.edu.turku.fi\/sirkkalaskola\/wp-json\/wp\/v2\/pages\/89","targetHints":{"allow":["GET"]}}],"collection":[{"href":"https:\/\/blog.edu.turku.fi\/sirkkalaskola\/wp-json\/wp\/v2\/pages"}],"about":[{"href":"https:\/\/blog.edu.turku.fi\/sirkkalaskola\/wp-json\/wp\/v2\/types\/page"}],"author":[{"embeddable":true,"href":"https:\/\/blog.edu.turku.fi\/sirkkalaskola\/wp-json\/wp\/v2\/users\/1020"}],"replies":[{"embeddable":true,"href":"https:\/\/blog.edu.turku.fi\/sirkkalaskola\/wp-json\/wp\/v2\/comments?post=89"}],"version-history":[{"count":36,"href":"https:\/\/blog.edu.turku.fi\/sirkkalaskola\/wp-json\/wp\/v2\/pages\/89\/revisions"}],"predecessor-version":[{"id":1218,"href":"https:\/\/blog.edu.turku.fi\/sirkkalaskola\/wp-json\/wp\/v2\/pages\/89\/revisions\/1218"}],"wp:attachment":[{"href":"https:\/\/blog.edu.turku.fi\/sirkkalaskola\/wp-json\/wp\/v2\/media?parent=89"}],"curies":[{"name":"wp","href":"https:\/\/api.w.org\/{rel}","templated":true}]}}