{"id":75,"date":"2016-11-14T14:27:06","date_gmt":"2016-11-14T12:27:06","guid":{"rendered":"https:\/\/blog.edu.turku.fi\/sirkkalaskola\/?page_id=75"},"modified":"2022-10-14T09:54:17","modified_gmt":"2022-10-14T06:54:17","slug":"elevradet","status":"publish","type":"page","link":"https:\/\/blog.edu.turku.fi\/sirkkalaskola\/elevradet\/","title":{"rendered":"Elevr\u00e5det"},"content":{"rendered":"<p>Elevr\u00e5dets uppgift \u00e4r att vara en l\u00e4nk mellan eleverna och l\u00e4rarna\/rektorn. Elevr\u00e5det samlas ungef\u00e4r en g\u00e5ng i m\u00e5naden tillsammans med Henna Strand\u00e9n och Marika Johansson. I elevr\u00e5det sitter representanter f\u00f6r \u00e5rskurserna 1 \u2013 6.<\/p>\n<p>&nbsp;<\/p>\n<p>&nbsp;<\/p>\n<p>&nbsp;<\/p>\n<p>&nbsp;<\/p>\n<p><strong><span class=\"style2\">&nbsp;<\/span><\/strong><\/p>\n<p>&nbsp;<\/p>\n","protected":false},"excerpt":{"rendered":"<p>Elevr\u00e5dets uppgift \u00e4r att vara en l\u00e4nk mellan eleverna och l\u00e4rarna\/rektorn. Elevr\u00e5det samlas ungef\u00e4r en g\u00e5ng i m\u00e5naden tillsammans med Henna Strand\u00e9n och Marika Johansson. I elevr\u00e5det sitter representanter f\u00f6r \u00e5rskurserna 1 \u2013 6. &nbsp; &nbsp; &nbsp; &nbsp; &nbsp; &nbsp;<\/p>\n","protected":false},"author":2095,"featured_media":0,"parent":0,"menu_order":0,"comment_status":"closed","ping_status":"closed","template":"","meta":{"ngg_post_thumbnail":0,"footnotes":""},"class_list":["post-75","page","type-page","status-publish","hentry"],"_links":{"self":[{"href":"https:\/\/blog.edu.turku.fi\/sirkkalaskola\/wp-json\/wp\/v2\/pages\/75","targetHints":{"allow":["GET"]}}],"collection":[{"href":"https:\/\/blog.edu.turku.fi\/sirkkalaskola\/wp-json\/wp\/v2\/pages"}],"about":[{"href":"https:\/\/blog.edu.turku.fi\/sirkkalaskola\/wp-json\/wp\/v2\/types\/page"}],"author":[{"embeddable":true,"href":"https:\/\/blog.edu.turku.fi\/sirkkalaskola\/wp-json\/wp\/v2\/users\/2095"}],"replies":[{"embeddable":true,"href":"https:\/\/blog.edu.turku.fi\/sirkkalaskola\/wp-json\/wp\/v2\/comments?post=75"}],"version-history":[{"count":25,"href":"https:\/\/blog.edu.turku.fi\/sirkkalaskola\/wp-json\/wp\/v2\/pages\/75\/revisions"}],"predecessor-version":[{"id":954,"href":"https:\/\/blog.edu.turku.fi\/sirkkalaskola\/wp-json\/wp\/v2\/pages\/75\/revisions\/954"}],"wp:attachment":[{"href":"https:\/\/blog.edu.turku.fi\/sirkkalaskola\/wp-json\/wp\/v2\/media?parent=75"}],"curies":[{"name":"wp","href":"https:\/\/api.w.org\/{rel}","templated":true}]}}