{"id":73,"date":"2016-11-14T14:26:39","date_gmt":"2016-11-14T12:26:39","guid":{"rendered":"https:\/\/blog.edu.turku.fi\/sirkkalaskola\/?page_id=73"},"modified":"2020-02-14T12:57:31","modified_gmt":"2020-02-14T10:57:31","slug":"elevvard","status":"publish","type":"page","link":"https:\/\/blog.edu.turku.fi\/sirkkalaskola\/elevvard\/","title":{"rendered":"Elevv\u00e5rd"},"content":{"rendered":"<p style=\"text-align: left\"><img loading=\"lazy\" decoding=\"async\" class=\"alignnone wp-image-713 size-large\" src=\"https:\/\/blog.edu.turku.fi\/sirkkalaskola\/files\/2020\/02\/20191219_095300-1024x768.jpg\" alt=\"Skolfarfar Anders lyssnar p\u00e5 l\u00e4sel\u00e4xor.\" width=\"1024\" height=\"768\" srcset=\"https:\/\/blog.edu.turku.fi\/sirkkalaskola\/files\/2020\/02\/20191219_095300-1024x768.jpg 1024w, https:\/\/blog.edu.turku.fi\/sirkkalaskola\/files\/2020\/02\/20191219_095300-300x225.jpg 300w, https:\/\/blog.edu.turku.fi\/sirkkalaskola\/files\/2020\/02\/20191219_095300.jpg 2048w\" sizes=\"auto, (max-width: 709px) 85vw, (max-width: 909px) 67vw, (max-width: 1362px) 62vw, 840px\" \/><\/p>\n<p>&nbsp;<\/p>\n<p>&nbsp;<\/p>\n","protected":false},"excerpt":{"rendered":"<p>&nbsp; &nbsp;<\/p>\n","protected":false},"author":2095,"featured_media":0,"parent":0,"menu_order":0,"comment_status":"closed","ping_status":"closed","template":"","meta":{"ngg_post_thumbnail":0,"footnotes":""},"class_list":["post-73","page","type-page","status-publish","hentry"],"_links":{"self":[{"href":"https:\/\/blog.edu.turku.fi\/sirkkalaskola\/wp-json\/wp\/v2\/pages\/73","targetHints":{"allow":["GET"]}}],"collection":[{"href":"https:\/\/blog.edu.turku.fi\/sirkkalaskola\/wp-json\/wp\/v2\/pages"}],"about":[{"href":"https:\/\/blog.edu.turku.fi\/sirkkalaskola\/wp-json\/wp\/v2\/types\/page"}],"author":[{"embeddable":true,"href":"https:\/\/blog.edu.turku.fi\/sirkkalaskola\/wp-json\/wp\/v2\/users\/2095"}],"replies":[{"embeddable":true,"href":"https:\/\/blog.edu.turku.fi\/sirkkalaskola\/wp-json\/wp\/v2\/comments?post=73"}],"version-history":[{"count":18,"href":"https:\/\/blog.edu.turku.fi\/sirkkalaskola\/wp-json\/wp\/v2\/pages\/73\/revisions"}],"predecessor-version":[{"id":728,"href":"https:\/\/blog.edu.turku.fi\/sirkkalaskola\/wp-json\/wp\/v2\/pages\/73\/revisions\/728"}],"wp:attachment":[{"href":"https:\/\/blog.edu.turku.fi\/sirkkalaskola\/wp-json\/wp\/v2\/media?parent=73"}],"curies":[{"name":"wp","href":"https:\/\/api.w.org\/{rel}","templated":true}]}}