{"id":692,"date":"2020-01-14T15:36:04","date_gmt":"2020-01-14T13:36:04","guid":{"rendered":"https:\/\/blog.edu.turku.fi\/sirkkalaskola\/?page_id=692"},"modified":"2026-04-22T15:37:09","modified_gmt":"2026-04-22T12:37:09","slug":"elevvardspersonalen","status":"publish","type":"page","link":"https:\/\/blog.edu.turku.fi\/sirkkalaskola\/elevvardspersonalen\/","title":{"rendered":"Elevv\u00e5rdspersonalen"},"content":{"rendered":"<p><strong>H\u00e4lsov\u00e5rdare Nina Ringbom, 040 194 5412<\/strong><br \/>\nantr\u00e4ffbar i skolan m\u00e5, ti, ons kl. 8.30 &#8211; 14.30<\/p>\n<p><strong>H\u00e4lsov\u00e5rdare Kira Sillanp\u00e4\u00e4, 040 1417532<\/strong><br \/>\nantr\u00e4ffbar i skolan to, fre kl. 8.30 &#8211; 14.30<\/p>\n<p><strong>Kurator Laura Lanne, 0449074098&nbsp;<\/strong><br \/>\nantr\u00e4ffbar i skolan ti, to<\/p>\n<p><strong>Skolpsykolog Rebecca Karlsson, 0406149869<\/strong><br \/>\nantr\u00e4ffbar i skolan ons, fre och via telefon eller e-post<\/p>\n<p><strong>Psykiatrisk sjuksk\u00f6tare Margareta Herrg\u00e5rd, 044 4937940<\/strong><br \/>\nantr\u00e4ffbar i skolan fre<br \/>\n&nbsp;<\/p>\n<p><em>Ovanst\u00e5ende personal n\u00e5s b\u00e4st via Wilma (per e-post: fornamn.efternamn@varha.fi)<\/em><\/p>\n","protected":false},"excerpt":{"rendered":"<p>H\u00e4lsov\u00e5rdare Nina Ringbom, 040 194 5412 antr\u00e4ffbar i skolan m\u00e5, ti, ons kl. 8.30 &#8211; 14.30 H\u00e4lsov\u00e5rdare Kira Sillanp\u00e4\u00e4, 040 1417532 antr\u00e4ffbar i skolan to, fre kl. 8.30 &#8211; 14.30 Kurator Laura Lanne, 0449074098&nbsp; antr\u00e4ffbar i skolan ti, to Skolpsykolog Rebecca Karlsson, 0406149869 antr\u00e4ffbar i skolan ons, fre och via telefon eller e-post Psykiatrisk sjuksk\u00f6tare &hellip; <a href=\"https:\/\/blog.edu.turku.fi\/sirkkalaskola\/elevvardspersonalen\/\" class=\"more-link\">Forts\u00e4tt l\u00e4sa<span class=\"screen-reader-text\"> \u201dElevv\u00e5rdspersonalen\u201d<\/span><\/a><\/p>\n","protected":false},"author":1018,"featured_media":0,"parent":0,"menu_order":0,"comment_status":"closed","ping_status":"closed","template":"","meta":{"ngg_post_thumbnail":0,"footnotes":""},"class_list":["post-692","page","type-page","status-publish","hentry"],"_links":{"self":[{"href":"https:\/\/blog.edu.turku.fi\/sirkkalaskola\/wp-json\/wp\/v2\/pages\/692","targetHints":{"allow":["GET"]}}],"collection":[{"href":"https:\/\/blog.edu.turku.fi\/sirkkalaskola\/wp-json\/wp\/v2\/pages"}],"about":[{"href":"https:\/\/blog.edu.turku.fi\/sirkkalaskola\/wp-json\/wp\/v2\/types\/page"}],"author":[{"embeddable":true,"href":"https:\/\/blog.edu.turku.fi\/sirkkalaskola\/wp-json\/wp\/v2\/users\/1018"}],"replies":[{"embeddable":true,"href":"https:\/\/blog.edu.turku.fi\/sirkkalaskola\/wp-json\/wp\/v2\/comments?post=692"}],"version-history":[{"count":12,"href":"https:\/\/blog.edu.turku.fi\/sirkkalaskola\/wp-json\/wp\/v2\/pages\/692\/revisions"}],"predecessor-version":[{"id":1275,"href":"https:\/\/blog.edu.turku.fi\/sirkkalaskola\/wp-json\/wp\/v2\/pages\/692\/revisions\/1275"}],"wp:attachment":[{"href":"https:\/\/blog.edu.turku.fi\/sirkkalaskola\/wp-json\/wp\/v2\/media?parent=692"}],"curies":[{"name":"wp","href":"https:\/\/api.w.org\/{rel}","templated":true}]}}