{"id":682,"date":"2020-01-14T15:30:46","date_gmt":"2020-01-14T13:30:46","guid":{"rendered":"https:\/\/blog.edu.turku.fi\/sirkkalaskola\/?page_id=682"},"modified":"2025-03-31T14:35:49","modified_gmt":"2025-03-31T11:35:49","slug":"ar-du-orolig-over-ditt-barn","status":"publish","type":"page","link":"https:\/\/blog.edu.turku.fi\/sirkkalaskola\/ar-du-orolig-over-ditt-barn\/","title":{"rendered":"\u00c4r du orolig \u00f6ver ditt barn?"},"content":{"rendered":"<p><span data-contrast=\"none\">\u00c4r du orolig \u00f6ver ditt barn?<\/span><span data-ccp-props=\"{&quot;134233117&quot;:false,&quot;134233118&quot;:false,&quot;335559738&quot;:0,&quot;335559739&quot;:0}\">&nbsp;<\/span><\/p>\n<p><span data-contrast=\"none\">&#8211; Kontakta skolan alltid d\u00e5 du k\u00e4nner oro \u00f6ver ditt barns v\u00e4lm\u00e5ende.<\/span><span data-ccp-props=\"{}\">&nbsp;<\/span><\/p>\n<p><span data-contrast=\"none\">&#8211; Kontakta klassl\u00e4raren eller trygghetsteamet (dvs. Marcus Lindroos, Tessa M\u00e4ki, Malin M\u00e4ki\u00f6, Salla Multisilta, Nina Hellman, Jimmy Svartstr\u00f6m och Kristina \u00d6ster\u00e5s<\/span><span data-contrast=\"none\">&nbsp;).<\/span><span data-ccp-props=\"{}\">&nbsp;<\/span><\/p>\n<p><span data-contrast=\"none\">&#8211; Du kan ringa upp oss eller skicka e-post (<\/span><a href=\"mailto:fornamn.efternamn@edu.turku.fi\"><span data-contrast=\"none\">fornamn.efternamn@edu.turku.fi<\/span><\/a><span data-contrast=\"none\">).<\/span><span data-ccp-props=\"{}\">&nbsp;<\/span><\/p>\n<p><span data-contrast=\"none\">&#8211; Alla konflikter \u00e4r inte mobbning. Vid behov kan \u00e4rendet \u00e4ven l\u00e4ggas fram f\u00f6r<\/span><span data-ccp-props=\"{}\">&nbsp;<\/span><\/p>\n<p><span data-contrast=\"none\">FEX gruppen (kurator, psykolog och h\u00e4lsov\u00e5rdare).<\/span><span data-ccp-props=\"{}\">&nbsp;<\/span><\/p>\n<p><span data-contrast=\"none\">&#8211; Trygghetsteamet tr\u00e4der in d\u00e5 det handlar om mobbning. Du kan l\u00e4sa mera om<\/span><span data-ccp-props=\"{}\">&nbsp;<\/span><\/p>\n<p><span data-contrast=\"none\">trygghetsteamets tillv\u00e4gag\u00e5ngss\u00e4tt i skolans handlingsplan mot mobbning.<\/span><span data-ccp-props=\"{}\">&nbsp;<\/span><\/p>\n<p><span data-contrast=\"none\">&#8211; Rektorn informeras i alla \u00e4renden.<\/span><span data-ccp-props=\"{}\">&nbsp;<\/span><\/p>\n<p>&nbsp;<\/p>\n","protected":false},"excerpt":{"rendered":"<p>\u00c4r du orolig \u00f6ver ditt barn?&nbsp; &#8211; Kontakta skolan alltid d\u00e5 du k\u00e4nner oro \u00f6ver ditt barns v\u00e4lm\u00e5ende.&nbsp; &#8211; Kontakta klassl\u00e4raren eller trygghetsteamet (dvs. Marcus Lindroos, Tessa M\u00e4ki, Malin M\u00e4ki\u00f6, Salla Multisilta, Nina Hellman, Jimmy Svartstr\u00f6m och Kristina \u00d6ster\u00e5s&nbsp;).&nbsp; &#8211; Du kan ringa upp oss eller skicka e-post (fornamn.efternamn@edu.turku.fi).&nbsp; &#8211; Alla konflikter \u00e4r inte mobbning. &hellip; <a href=\"https:\/\/blog.edu.turku.fi\/sirkkalaskola\/ar-du-orolig-over-ditt-barn\/\" class=\"more-link\">Forts\u00e4tt l\u00e4sa<span class=\"screen-reader-text\"> \u201d\u00c4r du orolig \u00f6ver ditt barn?\u201d<\/span><\/a><\/p>\n","protected":false},"author":1018,"featured_media":0,"parent":0,"menu_order":0,"comment_status":"closed","ping_status":"closed","template":"","meta":{"ngg_post_thumbnail":0,"footnotes":""},"class_list":["post-682","page","type-page","status-publish","hentry"],"_links":{"self":[{"href":"https:\/\/blog.edu.turku.fi\/sirkkalaskola\/wp-json\/wp\/v2\/pages\/682","targetHints":{"allow":["GET"]}}],"collection":[{"href":"https:\/\/blog.edu.turku.fi\/sirkkalaskola\/wp-json\/wp\/v2\/pages"}],"about":[{"href":"https:\/\/blog.edu.turku.fi\/sirkkalaskola\/wp-json\/wp\/v2\/types\/page"}],"author":[{"embeddable":true,"href":"https:\/\/blog.edu.turku.fi\/sirkkalaskola\/wp-json\/wp\/v2\/users\/1018"}],"replies":[{"embeddable":true,"href":"https:\/\/blog.edu.turku.fi\/sirkkalaskola\/wp-json\/wp\/v2\/comments?post=682"}],"version-history":[{"count":9,"href":"https:\/\/blog.edu.turku.fi\/sirkkalaskola\/wp-json\/wp\/v2\/pages\/682\/revisions"}],"predecessor-version":[{"id":1185,"href":"https:\/\/blog.edu.turku.fi\/sirkkalaskola\/wp-json\/wp\/v2\/pages\/682\/revisions\/1185"}],"wp:attachment":[{"href":"https:\/\/blog.edu.turku.fi\/sirkkalaskola\/wp-json\/wp\/v2\/media?parent=682"}],"curies":[{"name":"wp","href":"https:\/\/api.w.org\/{rel}","templated":true}]}}