{"id":677,"date":"2020-01-14T15:24:53","date_gmt":"2020-01-14T13:24:53","guid":{"rendered":"https:\/\/blog.edu.turku.fi\/sirkkalaskola\/?page_id=677"},"modified":"2026-01-22T13:41:39","modified_gmt":"2026-01-22T11:41:39","slug":"stod-for-larande","status":"publish","type":"page","link":"https:\/\/blog.edu.turku.fi\/sirkkalaskola\/stod-for-larande\/","title":{"rendered":"St\u00f6d f\u00f6r l\u00e4rande"},"content":{"rendered":"<p>St\u00f6det f\u00f6r l\u00e4rande och skolg\u00e5ng i den grundl\u00e4ggande utbildningen har f\u00f6r\u00e4ndrats fr.o.m. 1.8.2025.<br \/>\nDet nya st\u00f6dsystemet \u00e4r uppdelat i gruppspecifika st\u00f6dformer och elevspecifika st\u00f6d\u00e5tg\u00e4rder.<br \/>\nGruppspecifika st\u00f6dformer ges till alla elever.<\/p>\n<p>&nbsp;<\/p>\n<p><a href=\"https:\/\/blog.edu.turku.fi\/sirkkalaskola\/files\/2026\/01\/Stodet-for-larande-och-skolgang.pdf\">St\u00f6det f\u00f6r l\u00e4rande och skolg\u00e5ng<\/a><\/p>\n","protected":false},"excerpt":{"rendered":"<p>St\u00f6det f\u00f6r l\u00e4rande och skolg\u00e5ng i den grundl\u00e4ggande utbildningen har f\u00f6r\u00e4ndrats fr.o.m. 1.8.2025. Det nya st\u00f6dsystemet \u00e4r uppdelat i gruppspecifika st\u00f6dformer och elevspecifika st\u00f6d\u00e5tg\u00e4rder. Gruppspecifika st\u00f6dformer ges till alla elever. &nbsp; St\u00f6det f\u00f6r l\u00e4rande och skolg\u00e5ng<\/p>\n","protected":false},"author":1018,"featured_media":0,"parent":0,"menu_order":0,"comment_status":"closed","ping_status":"closed","template":"","meta":{"ngg_post_thumbnail":0,"footnotes":""},"class_list":["post-677","page","type-page","status-publish","hentry"],"_links":{"self":[{"href":"https:\/\/blog.edu.turku.fi\/sirkkalaskola\/wp-json\/wp\/v2\/pages\/677","targetHints":{"allow":["GET"]}}],"collection":[{"href":"https:\/\/blog.edu.turku.fi\/sirkkalaskola\/wp-json\/wp\/v2\/pages"}],"about":[{"href":"https:\/\/blog.edu.turku.fi\/sirkkalaskola\/wp-json\/wp\/v2\/types\/page"}],"author":[{"embeddable":true,"href":"https:\/\/blog.edu.turku.fi\/sirkkalaskola\/wp-json\/wp\/v2\/users\/1018"}],"replies":[{"embeddable":true,"href":"https:\/\/blog.edu.turku.fi\/sirkkalaskola\/wp-json\/wp\/v2\/comments?post=677"}],"version-history":[{"count":6,"href":"https:\/\/blog.edu.turku.fi\/sirkkalaskola\/wp-json\/wp\/v2\/pages\/677\/revisions"}],"predecessor-version":[{"id":1258,"href":"https:\/\/blog.edu.turku.fi\/sirkkalaskola\/wp-json\/wp\/v2\/pages\/677\/revisions\/1258"}],"wp:attachment":[{"href":"https:\/\/blog.edu.turku.fi\/sirkkalaskola\/wp-json\/wp\/v2\/media?parent=677"}],"curies":[{"name":"wp","href":"https:\/\/api.w.org\/{rel}","templated":true}]}}