{"id":64,"date":"2016-11-14T14:05:21","date_gmt":"2016-11-14T12:05:21","guid":{"rendered":"https:\/\/blog.edu.turku.fi\/sirkkalaskola\/?page_id=64"},"modified":"2016-11-14T14:05:36","modified_gmt":"2016-11-14T12:05:36","slug":"huvudloss","status":"publish","type":"page","link":"https:\/\/blog.edu.turku.fi\/sirkkalaskola\/huvudloss\/","title":{"rendered":"Huvudl\u00f6ss?"},"content":{"rendered":"<p>Meddela klassl\u00e4raren eller skolans h\u00e4lsov\u00e5rdare ifall ni uppt\u00e4cker att ert barn f\u00e5tt huvudl\u00f6ss. H\u00e4lsov\u00e5rdarens telefonnummer: 26 62 847<\/p>\n<p><a href=\"http:\/\/info.edu.turku.fi\/sirkkala\/blanketter\/Huvudlus.doc\">N\u00e4rmare information om huvudl\u00f6ss<\/a>.<\/p>\n<p>H\u00e4lsov\u00e5rdare<br \/>\n<em>Nina<\/em><\/p>\n","protected":false},"excerpt":{"rendered":"<p>Meddela klassl\u00e4raren eller skolans h\u00e4lsov\u00e5rdare ifall ni uppt\u00e4cker att ert barn f\u00e5tt huvudl\u00f6ss. H\u00e4lsov\u00e5rdarens telefonnummer: 26 62 847 N\u00e4rmare information om huvudl\u00f6ss. H\u00e4lsov\u00e5rdare Nina<\/p>\n","protected":false},"author":2095,"featured_media":0,"parent":0,"menu_order":0,"comment_status":"closed","ping_status":"closed","template":"","meta":{"ngg_post_thumbnail":0,"footnotes":""},"class_list":["post-64","page","type-page","status-publish","hentry"],"_links":{"self":[{"href":"https:\/\/blog.edu.turku.fi\/sirkkalaskola\/wp-json\/wp\/v2\/pages\/64","targetHints":{"allow":["GET"]}}],"collection":[{"href":"https:\/\/blog.edu.turku.fi\/sirkkalaskola\/wp-json\/wp\/v2\/pages"}],"about":[{"href":"https:\/\/blog.edu.turku.fi\/sirkkalaskola\/wp-json\/wp\/v2\/types\/page"}],"author":[{"embeddable":true,"href":"https:\/\/blog.edu.turku.fi\/sirkkalaskola\/wp-json\/wp\/v2\/users\/2095"}],"replies":[{"embeddable":true,"href":"https:\/\/blog.edu.turku.fi\/sirkkalaskola\/wp-json\/wp\/v2\/comments?post=64"}],"version-history":[{"count":2,"href":"https:\/\/blog.edu.turku.fi\/sirkkalaskola\/wp-json\/wp\/v2\/pages\/64\/revisions"}],"predecessor-version":[{"id":66,"href":"https:\/\/blog.edu.turku.fi\/sirkkalaskola\/wp-json\/wp\/v2\/pages\/64\/revisions\/66"}],"wp:attachment":[{"href":"https:\/\/blog.edu.turku.fi\/sirkkalaskola\/wp-json\/wp\/v2\/media?parent=64"}],"curies":[{"name":"wp","href":"https:\/\/api.w.org\/{rel}","templated":true}]}}