{"id":62,"date":"2016-11-14T14:04:13","date_gmt":"2016-11-14T12:04:13","guid":{"rendered":"https:\/\/blog.edu.turku.fi\/sirkkalaskola\/?page_id=62"},"modified":"2023-12-11T14:16:08","modified_gmt":"2023-12-11T12:16:08","slug":"halsovardaren-informerar","status":"publish","type":"page","link":"https:\/\/blog.edu.turku.fi\/sirkkalaskola\/halsovardaren-informerar\/","title":{"rendered":"H\u00e4lsov\u00e5rdaren informerar"},"content":{"rendered":"<p>H\u00e4lsov\u00e5rdare Nina Ringbom \u00e4r antr\u00e4ffbar i Sirkkala skola:<\/p>\n<p><span class=\"rubrik_middle\"> m\u00e5ndag, tisdag, onsdag och torsdag kl. 8.30 &#8211; 14.30<\/span><\/p>\n<p><span class=\"rubrik_middle\">telefon: 040 194 5412, e-post: nina.ringbom (a) varha.fi<\/span><\/p>\n<p>Samtal helst p\u00e5 eftermiddagen.<\/p>\n<p><em>H\u00e4lsningar Nina<\/em><\/p>\n<p>&nbsp;<\/p>\n<h5>Skololycksfall och ers\u00e4ttningsf\u00f6rfarande<\/h5>\n<p>Olycksfall som sker i skolan, p\u00e5 skolv\u00e4gen, under studiebes\u00f6k, p\u00e5 utf\u00e4rder, l\u00e4gers-<br \/>\nkolor, klubbverksamhet eller liknande, ers\u00e4tts som skololycksfall, om verksamheten<br \/>\ning\u00e5r i skolans l\u00e4s\u00e5rsplan.<br \/>\nF\u00f6r mera information sidor www.turku.fi\/sv -&gt; Dagv\u00e5rd och utbildning -&gt; Grundskolan 1-<br \/>\n9 -&gt; st\u00f6d f\u00f6r l\u00e4rande och skolg\u00e5ng -&gt; Skololycksfall och ers\u00e4ttningsf\u00f6rfarande.<\/p>\n","protected":false},"excerpt":{"rendered":"<p>H\u00e4lsov\u00e5rdare Nina Ringbom \u00e4r antr\u00e4ffbar i Sirkkala skola: m\u00e5ndag, tisdag, onsdag och torsdag kl. 8.30 &#8211; 14.30 telefon: 040 194 5412, e-post: nina.ringbom (a) varha.fi Samtal helst p\u00e5 eftermiddagen. H\u00e4lsningar Nina &nbsp; Skololycksfall och ers\u00e4ttningsf\u00f6rfarande Olycksfall som sker i skolan, p\u00e5 skolv\u00e4gen, under studiebes\u00f6k, p\u00e5 utf\u00e4rder, l\u00e4gers- kolor, klubbverksamhet eller liknande, ers\u00e4tts som skololycksfall, om &hellip; <a href=\"https:\/\/blog.edu.turku.fi\/sirkkalaskola\/halsovardaren-informerar\/\" class=\"more-link\">Forts\u00e4tt l\u00e4sa<span class=\"screen-reader-text\"> \u201dH\u00e4lsov\u00e5rdaren informerar\u201d<\/span><\/a><\/p>\n","protected":false},"author":2095,"featured_media":0,"parent":0,"menu_order":0,"comment_status":"closed","ping_status":"closed","template":"","meta":{"ngg_post_thumbnail":0,"footnotes":""},"class_list":["post-62","page","type-page","status-publish","hentry"],"_links":{"self":[{"href":"https:\/\/blog.edu.turku.fi\/sirkkalaskola\/wp-json\/wp\/v2\/pages\/62","targetHints":{"allow":["GET"]}}],"collection":[{"href":"https:\/\/blog.edu.turku.fi\/sirkkalaskola\/wp-json\/wp\/v2\/pages"}],"about":[{"href":"https:\/\/blog.edu.turku.fi\/sirkkalaskola\/wp-json\/wp\/v2\/types\/page"}],"author":[{"embeddable":true,"href":"https:\/\/blog.edu.turku.fi\/sirkkalaskola\/wp-json\/wp\/v2\/users\/2095"}],"replies":[{"embeddable":true,"href":"https:\/\/blog.edu.turku.fi\/sirkkalaskola\/wp-json\/wp\/v2\/comments?post=62"}],"version-history":[{"count":9,"href":"https:\/\/blog.edu.turku.fi\/sirkkalaskola\/wp-json\/wp\/v2\/pages\/62\/revisions"}],"predecessor-version":[{"id":1055,"href":"https:\/\/blog.edu.turku.fi\/sirkkalaskola\/wp-json\/wp\/v2\/pages\/62\/revisions\/1055"}],"wp:attachment":[{"href":"https:\/\/blog.edu.turku.fi\/sirkkalaskola\/wp-json\/wp\/v2\/media?parent=62"}],"curies":[{"name":"wp","href":"https:\/\/api.w.org\/{rel}","templated":true}]}}