{"id":47,"date":"2016-11-14T13:49:46","date_gmt":"2016-11-14T11:49:46","guid":{"rendered":"https:\/\/blog.edu.turku.fi\/sirkkalaskola\/?page_id=47"},"modified":"2026-04-13T14:48:04","modified_gmt":"2026-04-13T11:48:04","slug":"personal","status":"publish","type":"page","link":"https:\/\/blog.edu.turku.fi\/sirkkalaskola\/personal\/","title":{"rendered":"Vi jobbar h\u00e4r"},"content":{"rendered":"<h2><img loading=\"lazy\" decoding=\"async\" class=\"aligncenter wp-image-1231 size-large\" src=\"https:\/\/blog.edu.turku.fi\/sirkkalaskola\/files\/2025\/09\/Personal-2025-26-756x402.jpg\" alt=\"\" width=\"756\" height=\"402\" srcset=\"https:\/\/blog.edu.turku.fi\/sirkkalaskola\/files\/2025\/09\/Personal-2025-26.jpg 756w, https:\/\/blog.edu.turku.fi\/sirkkalaskola\/files\/2025\/09\/Personal-2025-26-300x160.jpg 300w\" sizes=\"auto, (max-width: 756px) 85vw, 756px\" \/>Sirkkala skolas personal 2025-2026<\/h2>\n<table border=\"0\">\n<tbody>\n<tr>\n<td>Liljestr\u00f6m Charlotte<\/td>\n<td>rektor<\/td>\n<\/tr>\n<tr>\n<td>Lindfors Johanna<\/td>\n<td><span data-olk-copy-source=\"MessageBody\">ledande specialklassl\u00e4rare<\/span><\/td>\n<\/tr>\n<tr>\n<td>Jaakola Juha<\/td>\n<td>1a<\/td>\n<\/tr>\n<tr>\n<td>\u00d6rn Petra<\/td>\n<td>1b<\/td>\n<\/tr>\n<tr>\n<td>Rebecka Grahn<\/td>\n<td>1c<\/td>\n<\/tr>\n<tr>\n<td>Strandman Carolina<\/td>\n<td>1c<\/td>\n<\/tr>\n<tr>\n<td>Bj\u00f6r\u00f6-Vesterinen Hege<\/td>\n<td>2a, vicerektor<\/td>\n<\/tr>\n<tr>\n<td>Johansson Marika<\/td>\n<td>2b<\/td>\n<\/tr>\n<tr>\n<td>Perret Elsa<\/td>\n<td>2c<\/td>\n<\/tr>\n<tr>\n<td>Siegfrids Pia<\/td>\n<td>3a<\/td>\n<\/tr>\n<tr>\n<td>Blomster Diana<\/td>\n<td>3b<\/td>\n<\/tr>\n<tr>\n<td>Hellman Nina<\/td>\n<td>3c<\/td>\n<\/tr>\n<tr>\n<td>Gr\u00f6n Terese<\/td>\n<td>3d<\/td>\n<\/tr>\n<tr>\n<td>Laukkanen Sari<\/td>\n<td>Lilla gruppen<\/td>\n<\/tr>\n<tr>\n<td>Bilenberg Jasmin<\/td>\n<td>4b<\/td>\n<\/tr>\n<tr>\n<td>Svartstr\u00f6m Jimmy<\/td>\n<td>4a<\/td>\n<\/tr>\n<tr>\n<td>Skog Alexandra<\/td>\n<td>4c<\/td>\n<\/tr>\n<tr>\n<td>Kivikoski Jaana<\/td>\n<td>5a<\/td>\n<\/tr>\n<tr>\n<td>Multisilta Salla<\/td>\n<td>5a\/5d<\/td>\n<\/tr>\n<tr>\n<td>Bengtfolks Kristoffer<\/td>\n<td>5b<\/td>\n<\/tr>\n<tr>\n<td>Lindholm Cassandra<\/td>\n<td>5b\/5c<\/td>\n<\/tr>\n<tr>\n<td>Kaljonen Lassi<\/td>\n<td>4f, 5f, 6f&nbsp;<\/td>\n<\/tr>\n<tr>\n<td>Eklund Tessa<\/td>\n<td>6a<\/td>\n<\/tr>\n<tr>\n<td>Lindroos Marcus<\/td>\n<td>6b<\/td>\n<\/tr>\n<tr>\n<td>S\u00fcdhoff Andreas<\/td>\n<td>6c<\/td>\n<\/tr>\n<tr>\n<td>Bengtfolks Fransilia<\/td>\n<td>speciall\u00e4rare<\/td>\n<\/tr>\n<tr>\n<td><span data-olk-copy-source=\"MessageBody\">Vig\u00e5rd-Stocks Maj-Len&nbsp;<\/span><\/td>\n<td>spanska<\/td>\n<\/tr>\n<tr>\n<td>Bragge Berit<\/td>\n<td>sl\u00f6jd<\/td>\n<\/tr>\n<tr>\n<td>J\u00e4rnstr\u00f6m Meri<\/td>\n<td>franska<\/td>\n<\/tr>\n<tr>\n<td>Kaj\u00e1n Andreas<\/td>\n<td>musik<\/td>\n<\/tr>\n<tr>\n<td>Malmstr\u00f6m Henrik<\/td>\n<td>sl\u00f6jd<\/td>\n<\/tr>\n<tr>\n<td>Malin M\u00e4ki\u00f6<\/td>\n<td>speciall\u00e4rare<\/td>\n<\/tr>\n<tr>\n<td>Nyman Jessica<\/td>\n<td>resursl\u00e4rare<\/td>\n<\/tr>\n<tr>\n<td>Palola Karelia<\/td>\n<td>tyska<\/td>\n<\/tr>\n<tr>\n<td>Skrifvars Tove<\/td>\n<td>speciall\u00e4rare<\/td>\n<\/tr>\n<\/tbody>\n<\/table>\n<h3>Skolg\u00e5ngshandledare<\/h3>\n<table>\n<tbody>\n<tr>\n<td>Abu-Tahin Abu<\/td>\n<td>skolg\u00e5ngshandledare<\/td>\n<\/tr>\n<tr>\n<td>Brask\u00e9n Therese<\/td>\n<td>skolg\u00e5ngshandledare<\/td>\n<\/tr>\n<tr>\n<td>Bro Tatiana<\/td>\n<td>skolg\u00e5ngshandledare<\/td>\n<\/tr>\n<tr>\n<td>Fabritius Karin<\/td>\n<td>skolg\u00e5ngshandledare<\/td>\n<\/tr>\n<tr>\n<td>Hannus Susanne<\/td>\n<td>skolg\u00e5ngshandledare<\/td>\n<\/tr>\n<tr>\n<td>Hedberg Cia<\/td>\n<td>skolg\u00e5ngshandledare<\/td>\n<\/tr>\n<tr>\n<td>J\u00f6rkell Johannes<\/td>\n<td>skolg\u00e5ngshandledare<\/td>\n<\/tr>\n<tr>\n<td>J\u00f6rkell Mathilda<\/td>\n<td>skolg\u00e5ngshandledare<\/td>\n<\/tr>\n<tr>\n<td>Lampi Branko<\/td>\n<td>skolg\u00e5ngshandledare<\/td>\n<\/tr>\n<tr>\n<td>Lindfors Linnea<\/td>\n<td>skolg\u00e5ngshandledare<\/td>\n<\/tr>\n<tr>\n<td>Lindqvist Maria<\/td>\n<td>skolg\u00e5ngshandledare<\/td>\n<\/tr>\n<tr>\n<td>Moisio-Hettula Joni<\/td>\n<td>skolg\u00e5ngshandledare<\/td>\n<\/tr>\n<tr>\n<td>Pakarinen Jonna<\/td>\n<td>skolg\u00e5ngshandledare<\/td>\n<\/tr>\n<tr>\n<td>Roth Frida<\/td>\n<td>skolg\u00e5ngshandledare<\/td>\n<\/tr>\n<tr>\n<td>St\u00e5hlman Felix<\/td>\n<td>skolg\u00e5ngshandledare<\/td>\n<\/tr>\n<tr>\n<td>Tojander Linda<\/td>\n<td>skolg\u00e5ngshandledare<\/td>\n<\/tr>\n<tr>\n<td>\u00d6ster\u00e5s Kristina<\/td>\n<td>skolg\u00e5ngshandledare<\/td>\n<\/tr>\n<\/tbody>\n<\/table>\n<p><strong>Personalen kan n\u00e5s per e-post: fornamn.efternamn@edu.turku.fi<\/strong><\/p>\n<h3>\u00d6vrig personal<\/h3>\n<table>\n<tbody>\n<tr>\n<td>Kiiskinen Linda&nbsp;<\/td>\n<td>skolsekreterare<\/td>\n<\/tr>\n<tr>\n<td>Karlsson Rebecca&nbsp;<\/td>\n<td>skolpsykolog (m\u00e5, ti)<\/td>\n<\/tr>\n<tr>\n<td>Herrg\u00e5rd Margareta<\/td>\n<td>psykiatrisk sjuksk\u00f6tare<\/td>\n<\/tr>\n<tr>\n<td>Lanne Laura<\/td>\n<td>kurator<\/td>\n<\/tr>\n<tr>\n<td>M\u00e4kinen Riikka<\/td>\n<td>k\u00f6kspersonal<\/td>\n<\/tr>\n<tr>\n<td>Jalava Jaana<\/td>\n<td>h\u00e4lsov\u00e5rdare (fre)<\/td>\n<\/tr>\n<tr>\n<td>Ringbom Nina<\/td>\n<td>h\u00e4lsov\u00e5rdare (m\u00e5-to)<\/td>\n<\/tr>\n<tr>\n<td>Strand\u00e9n Henna<\/td>\n<td>skolcoach<\/td>\n<\/tr>\n<tr>\n<td>Rantapere Markus<\/td>\n<td>fastighetssk\u00f6tare<\/td>\n<\/tr>\n<\/tbody>\n<\/table>\n<p>&nbsp;<\/p>\n","protected":false},"excerpt":{"rendered":"<p>Sirkkala skolas personal 2025-2026 Liljestr\u00f6m Charlotte rektor Lindfors Johanna ledande specialklassl\u00e4rare Jaakola Juha 1a \u00d6rn Petra 1b Rebecka Grahn 1c Strandman Carolina 1c Bj\u00f6r\u00f6-Vesterinen Hege 2a, vicerektor Johansson Marika 2b Perret Elsa 2c Siegfrids Pia 3a Blomster Diana 3b Hellman Nina 3c Gr\u00f6n Terese 3d Laukkanen Sari Lilla gruppen Bilenberg Jasmin 4b Svartstr\u00f6m Jimmy 4a &hellip; <a href=\"https:\/\/blog.edu.turku.fi\/sirkkalaskola\/personal\/\" class=\"more-link\">Forts\u00e4tt l\u00e4sa<span class=\"screen-reader-text\"> \u201dVi jobbar h\u00e4r\u201d<\/span><\/a><\/p>\n","protected":false},"author":1020,"featured_media":0,"parent":0,"menu_order":0,"comment_status":"closed","ping_status":"closed","template":"","meta":{"ngg_post_thumbnail":0,"footnotes":""},"class_list":["post-47","page","type-page","status-publish","hentry"],"_links":{"self":[{"href":"https:\/\/blog.edu.turku.fi\/sirkkalaskola\/wp-json\/wp\/v2\/pages\/47","targetHints":{"allow":["GET"]}}],"collection":[{"href":"https:\/\/blog.edu.turku.fi\/sirkkalaskola\/wp-json\/wp\/v2\/pages"}],"about":[{"href":"https:\/\/blog.edu.turku.fi\/sirkkalaskola\/wp-json\/wp\/v2\/types\/page"}],"author":[{"embeddable":true,"href":"https:\/\/blog.edu.turku.fi\/sirkkalaskola\/wp-json\/wp\/v2\/users\/1020"}],"replies":[{"embeddable":true,"href":"https:\/\/blog.edu.turku.fi\/sirkkalaskola\/wp-json\/wp\/v2\/comments?post=47"}],"version-history":[{"count":117,"href":"https:\/\/blog.edu.turku.fi\/sirkkalaskola\/wp-json\/wp\/v2\/pages\/47\/revisions"}],"predecessor-version":[{"id":1272,"href":"https:\/\/blog.edu.turku.fi\/sirkkalaskola\/wp-json\/wp\/v2\/pages\/47\/revisions\/1272"}],"wp:attachment":[{"href":"https:\/\/blog.edu.turku.fi\/sirkkalaskola\/wp-json\/wp\/v2\/media?parent=47"}],"curies":[{"name":"wp","href":"https:\/\/api.w.org\/{rel}","templated":true}]}}