{"id":439,"date":"2018-11-13T08:59:10","date_gmt":"2018-11-13T06:59:10","guid":{"rendered":"https:\/\/blog.edu.turku.fi\/sirkkalaskola\/?page_id=439"},"modified":"2025-09-15T15:35:00","modified_gmt":"2025-09-15T12:35:00","slug":"likabehandlingsplan-2","status":"publish","type":"page","link":"https:\/\/blog.edu.turku.fi\/sirkkalaskola\/likabehandlingsplan-2\/","title":{"rendered":"Likabehandlingsplan"},"content":{"rendered":"<div>Sirkkala skolas likabehandlingsplan<em><br \/>\n<\/em><\/div>\n<div>\n<p>Alla i Sirkkala skola ska ha lika m\u00f6jligheter till utbildning och utveckling och k\u00e4nna sig respekterade och trygga. Inneh\u00e5llet i undervisningen, undervisningsmetoderna och materialet ska st\u00f6da likabehandling.<\/p>\n<p>D\u00e5 vi v\u00e4ljer arbetss\u00e4tt, l\u00e4rmilj\u00f6 och samarbetspartners skall vi str\u00e4va efter att synligg\u00f6ra och f\u00f6rhindra k\u00f6nsbundna attityder och rutiner och ist\u00e4llet str\u00e4va efter j\u00e4mlikhet och likabehandling.<\/p>\n<\/div>\n<div>&nbsp;<\/div>\n<div><a href=\"https:\/\/blog.edu.turku.fi\/sirkkalaskola\/files\/2025\/09\/Sirkkala-skolas-plan-for-likabehandling-PDF.pdf\">Sirkkala skolas Likabehandlingsplan<\/a><\/div>\n<div>&nbsp;<\/div>\n<div><a href=\"https:\/\/blog.edu.turku.fi\/sirkkalaskola\/files\/2024\/02\/2024-MIN-TRIVSEL-I-SKOLAN-1-2.pdf\">Bilaga 1: Min trivsel \u00e5k 1-2<\/a>&nbsp; (\u00d6ppnas i PDF, 103KB)<\/div>\n<div>&nbsp;<\/div>\n<div><a href=\"https:\/\/blog.edu.turku.fi\/sirkkalaskola\/files\/2024\/02\/2024-MIN-TRIVSEL-I-SKOLAN-3-4.pdf\">Bilaga 2: Min trivsel \u00e5k 3-4<\/a> (\u00d6ppnas i PDF, 80KB)<\/div>\n<div>&nbsp;<\/div>\n<div><a href=\"https:\/\/blog.edu.turku.fi\/sirkkalaskola\/files\/2023\/12\/2023-MIN-TRIVSEL-I-SKOLAN-5-6.pdf\">Bilaga 3: Trivsel och likabehandling 5-6<\/a> (\u00d6ppnas i PDF, 29KB)<\/div>\n","protected":false},"excerpt":{"rendered":"<p>Sirkkala skolas likabehandlingsplan Alla i Sirkkala skola ska ha lika m\u00f6jligheter till utbildning och utveckling och k\u00e4nna sig respekterade och trygga. Inneh\u00e5llet i undervisningen, undervisningsmetoderna och materialet ska st\u00f6da likabehandling. D\u00e5 vi v\u00e4ljer arbetss\u00e4tt, l\u00e4rmilj\u00f6 och samarbetspartners skall vi str\u00e4va efter att synligg\u00f6ra och f\u00f6rhindra k\u00f6nsbundna attityder och rutiner och ist\u00e4llet str\u00e4va efter j\u00e4mlikhet och &hellip; <a href=\"https:\/\/blog.edu.turku.fi\/sirkkalaskola\/likabehandlingsplan-2\/\" class=\"more-link\">Forts\u00e4tt l\u00e4sa<span class=\"screen-reader-text\"> \u201dLikabehandlingsplan\u201d<\/span><\/a><\/p>\n","protected":false},"author":1018,"featured_media":0,"parent":0,"menu_order":0,"comment_status":"closed","ping_status":"closed","template":"","meta":{"ngg_post_thumbnail":0,"footnotes":""},"class_list":["post-439","page","type-page","status-publish","hentry"],"_links":{"self":[{"href":"https:\/\/blog.edu.turku.fi\/sirkkalaskola\/wp-json\/wp\/v2\/pages\/439","targetHints":{"allow":["GET"]}}],"collection":[{"href":"https:\/\/blog.edu.turku.fi\/sirkkalaskola\/wp-json\/wp\/v2\/pages"}],"about":[{"href":"https:\/\/blog.edu.turku.fi\/sirkkalaskola\/wp-json\/wp\/v2\/types\/page"}],"author":[{"embeddable":true,"href":"https:\/\/blog.edu.turku.fi\/sirkkalaskola\/wp-json\/wp\/v2\/users\/1018"}],"replies":[{"embeddable":true,"href":"https:\/\/blog.edu.turku.fi\/sirkkalaskola\/wp-json\/wp\/v2\/comments?post=439"}],"version-history":[{"count":30,"href":"https:\/\/blog.edu.turku.fi\/sirkkalaskola\/wp-json\/wp\/v2\/pages\/439\/revisions"}],"predecessor-version":[{"id":1236,"href":"https:\/\/blog.edu.turku.fi\/sirkkalaskola\/wp-json\/wp\/v2\/pages\/439\/revisions\/1236"}],"wp:attachment":[{"href":"https:\/\/blog.edu.turku.fi\/sirkkalaskola\/wp-json\/wp\/v2\/media?parent=439"}],"curies":[{"name":"wp","href":"https:\/\/api.w.org\/{rel}","templated":true}]}}