{"id":41,"date":"2016-11-14T13:39:14","date_gmt":"2016-11-14T11:39:14","guid":{"rendered":"https:\/\/blog.edu.turku.fi\/sirkkalaskola\/?page_id=41"},"modified":"2026-04-13T14:49:22","modified_gmt":"2026-04-13T11:49:22","slug":"kontaktuppgifter","status":"publish","type":"page","link":"https:\/\/blog.edu.turku.fi\/sirkkalaskola\/kontaktuppgifter\/","title":{"rendered":"Kontaktuppgifter"},"content":{"rendered":"<h2 style=\"padding-left: 40px\">Sirkkala skola<\/h2>\n<p><strong>Rektor Liljestr\u00f6m Charlotte, 040-5373687<\/strong><br \/>\ncharlotte.liljestrom@edu.turku.fi<\/p>\n<p><span class=\"rubrik_blue\"><strong>Sirkkalagatan 20, FIN-20700 \u00c5bo<\/strong><br \/>\n<\/span><\/p>\n<p>&nbsp;<\/p>\n\n<!-- iframe plugin v.6.0 wordpress.org\/plugins\/iframe\/ -->\n<iframe loading=\"lazy\" src=\"https:\/\/www.google.com\/maps\/embed?pb=!1m18!1m12!1m3!1d1967.8948892625474!2d22.278698851772546!3d60.44695072786489!2m3!1f0!2f0!3f0!3m2!1i1024!2i768!4f13.1!3m3!1m2!1s0x468c76e479e7610b%3A0x84d271b0bced14e0!2sSirkkalankatu+20%2C+20700+Turku!5e0!3m2!1sfi!2sfi!4v1480425214585\" width=\"400\" height=\"400\" frameborder=\"0\" style=\"border:0\" scrolling=\"yes\" class=\"iframe-class\"><\/iframe>\n\n<p><strong>Kansliet <\/strong><br \/>\n<strong><strong>Linda Kiiskinen, <\/strong><span lang=\"sv\">0449074227<\/span><br \/>\n<\/strong>linda.kiiskinen@edu.turku.fi<strong><strong><br \/>\n<\/strong><\/strong><\/p>\n<p><strong>Fastighetssk\u00f6tare<br \/>\n<strong>Markus Rantapere , 040 4871949<\/strong><br \/>\n<\/strong><\/p>\n<p><strong>L\u00e4rares&nbsp; tj\u00e4nstetelefoner: <\/strong><\/p>\n<table border=\"0\">\n<tbody>\n<tr>\n<td>Bengtfolks, Kristoffer<\/td>\n<td>040-6242561<\/td>\n<\/tr>\n<tr>\n<td>Bengtfolks, Fransilia<\/td>\n<td>&nbsp;<\/td>\n<\/tr>\n<tr>\n<td>Bj\u00f6r\u00f6-Vesterinen, Hege, vicerektor<\/td>\n<td>040-6264548<\/td>\n<\/tr>\n<tr>\n<td>Bilenberg, Jasmin<\/td>\n<td>040-5316756<\/td>\n<\/tr>\n<tr>\n<td>Bragge, Berit<\/td>\n<td>&nbsp;<\/td>\n<\/tr>\n<tr>\n<td>Grahn, Rebecka<\/td>\n<td>040-6240341<\/td>\n<\/tr>\n<tr>\n<td>Gr\u00f6n, Terese<\/td>\n<td>&nbsp;<\/td>\n<\/tr>\n<tr>\n<td>Jaakola, Juha, s\u00e4kerhetschef<\/td>\n<td>040-6430259<\/td>\n<\/tr>\n<tr>\n<td>Johansson, Marika<\/td>\n<td>040-6240232<\/td>\n<\/tr>\n<tr>\n<td>Kaj\u00e1n, Andreas<\/td>\n<td>&nbsp;<\/td>\n<\/tr>\n<tr>\n<td>Kivikoski, Jaana<\/td>\n<td>040-6240497<\/td>\n<\/tr>\n<tr>\n<td>Laukkanen, Sari<\/td>\n<td>&nbsp;<\/td>\n<\/tr>\n<tr>\n<td>Liljestr\u00f6m, Charlotte, rektor<\/td>\n<td>040-5373687<\/td>\n<\/tr>\n<tr>\n<td>Lindfors, Johanna, ansvarig f\u00f6r sm\u00e5gruppsundervisningen<\/td>\n<td>040-1371585<\/td>\n<\/tr>\n<tr>\n<td>Lindholm, Cassandra<\/td>\n<td>&nbsp;<\/td>\n<\/tr>\n<tr>\n<td>Lindroos, Marcus<\/td>\n<td>040-1243910<\/td>\n<\/tr>\n<tr>\n<td>Malmstr\u00f6m, Henrik<\/td>\n<td>&nbsp;<\/td>\n<\/tr>\n<tr>\n<td>Multisilta, Salla<\/td>\n<td>&nbsp;<\/td>\n<\/tr>\n<tr>\n<td>M\u00e4ki, Tessa<\/td>\n<td>&nbsp;<\/td>\n<\/tr>\n<tr>\n<td>Nyman, Jessica, resurs och digi<\/td>\n<td>044-7949968<\/td>\n<\/tr>\n<tr>\n<td>Perret, Elsa<\/td>\n<td><span data-olk-copy-source=\"MessageBody\">044-7123097<\/span><\/td>\n<\/tr>\n<tr>\n<td>Siegfrids, Pia<\/td>\n<td>040-6240906<\/td>\n<\/tr>\n<tr>\n<td>Skog, Alexandra<\/td>\n<td>044-9075252<\/td>\n<\/tr>\n<tr>\n<td>Skrifvars, Tove<\/td>\n<td>&nbsp;050-3755815<\/td>\n<\/tr>\n<tr>\n<td>Strandman, Carolina<\/td>\n<td>040-3504869<\/td>\n<\/tr>\n<tr>\n<td>Svartstr\u00f6m, Jimmy<\/td>\n<td>040-6240407<\/td>\n<\/tr>\n<tr>\n<td>\u00d6rn, Petra<\/td>\n<td>040-6263582<\/td>\n<\/tr>\n<tr>\n<td>Strand\u00e9n, Henna, skolcoach<\/td>\n<td>045-6311801<\/td>\n<\/tr>\n<\/tbody>\n<\/table>\n<p><em>L\u00e4rarna kan n\u00e5s per e-post: fornamn.efternamn@edu.turku.fi<\/em><\/p>\n<p><strong>H\u00e4lsov\u00e5rdare Nina Ringbom, 040 194 5412<\/strong><br \/>\nantr\u00e4ffbar i skolan m\u00e5- to kl. 8.30 &#8211; 14.30<\/p>\n<p><strong>Kurator Laura Lanne, 0449074098&nbsp;<em>(n\u00e5s via e-post eller telefon)<\/em><\/strong><br \/>\nantr\u00e4ffbar i skolan ti, to&nbsp;<\/p>\n<p><strong>Skolpsykolog Rebecca Karlsson, 0406149869<\/strong><br \/>\nantr\u00e4ffbar i skolan m\u00e5, ti och via telefon eller e-post<\/p>\n<p><em>Ovanst\u00e5ende personal n\u00e5s b\u00e4st via Wilma (per e-post: fornamn.efternamn@varha.fi)<\/em><\/p>\n<p><strong>K\u00f6ket, Riikka M\u00e4kinen<\/strong><br \/>\n<strong> 040 158 9800<\/strong><\/p>\n","protected":false},"excerpt":{"rendered":"<p>Sirkkala skola Rektor Liljestr\u00f6m Charlotte, 040-5373687 charlotte.liljestrom@edu.turku.fi Sirkkalagatan 20, FIN-20700 \u00c5bo &nbsp; Kansliet Linda Kiiskinen, 0449074227 linda.kiiskinen@edu.turku.fi Fastighetssk\u00f6tare Markus Rantapere , 040 4871949 L\u00e4rares&nbsp; tj\u00e4nstetelefoner: Bengtfolks, Kristoffer 040-6242561 Bengtfolks, Fransilia &nbsp; Bj\u00f6r\u00f6-Vesterinen, Hege, vicerektor 040-6264548 Bilenberg, Jasmin 040-5316756 Bragge, Berit &nbsp; Grahn, Rebecka 040-6240341 Gr\u00f6n, Terese &nbsp; Jaakola, Juha, s\u00e4kerhetschef 040-6430259 Johansson, Marika 040-6240232 Kaj\u00e1n, &hellip; <a href=\"https:\/\/blog.edu.turku.fi\/sirkkalaskola\/kontaktuppgifter\/\" class=\"more-link\">Forts\u00e4tt l\u00e4sa<span class=\"screen-reader-text\"> \u201dKontaktuppgifter\u201d<\/span><\/a><\/p>\n","protected":false},"author":1020,"featured_media":0,"parent":0,"menu_order":0,"comment_status":"closed","ping_status":"closed","template":"","meta":{"ngg_post_thumbnail":0,"footnotes":""},"class_list":["post-41","page","type-page","status-publish","hentry"],"_links":{"self":[{"href":"https:\/\/blog.edu.turku.fi\/sirkkalaskola\/wp-json\/wp\/v2\/pages\/41","targetHints":{"allow":["GET"]}}],"collection":[{"href":"https:\/\/blog.edu.turku.fi\/sirkkalaskola\/wp-json\/wp\/v2\/pages"}],"about":[{"href":"https:\/\/blog.edu.turku.fi\/sirkkalaskola\/wp-json\/wp\/v2\/types\/page"}],"author":[{"embeddable":true,"href":"https:\/\/blog.edu.turku.fi\/sirkkalaskola\/wp-json\/wp\/v2\/users\/1020"}],"replies":[{"embeddable":true,"href":"https:\/\/blog.edu.turku.fi\/sirkkalaskola\/wp-json\/wp\/v2\/comments?post=41"}],"version-history":[{"count":83,"href":"https:\/\/blog.edu.turku.fi\/sirkkalaskola\/wp-json\/wp\/v2\/pages\/41\/revisions"}],"predecessor-version":[{"id":1273,"href":"https:\/\/blog.edu.turku.fi\/sirkkalaskola\/wp-json\/wp\/v2\/pages\/41\/revisions\/1273"}],"wp:attachment":[{"href":"https:\/\/blog.edu.turku.fi\/sirkkalaskola\/wp-json\/wp\/v2\/media?parent=41"}],"curies":[{"name":"wp","href":"https:\/\/api.w.org\/{rel}","templated":true}]}}