{"id":405,"date":"2018-09-18T08:48:55","date_gmt":"2018-09-18T05:48:55","guid":{"rendered":"https:\/\/blog.edu.turku.fi\/sirkkalaskola\/?page_id=405"},"modified":"2025-09-06T13:00:38","modified_gmt":"2025-09-06T10:00:38","slug":"larplattor","status":"publish","type":"page","link":"https:\/\/blog.edu.turku.fi\/sirkkalaskola\/larplattor\/","title":{"rendered":"L\u00e4rplattor"},"content":{"rendered":"<h3>Regler f\u00f6r anv\u00e4ndning av terminal<\/h3>\n<p>\u00c5bo stad \u00f6verl\u00e5ter, sedan n\u00e5gra \u00e5r tillbaka, &nbsp;en terminal i elevens anv\u00e4ndning. I \u00e5k 5 handlar det om en iPad, i \u00e5k 7 om en b\u00e4rbar dator.<\/p>\n<p>Det \u00e4r ett redskap som eleven f\u00e5r anv\u00e4nda f\u00f6r sin skolg\u00e5ng. Hos oss pratar vi inte om produktnamnet iPad utan vi pratar om l\u00e4rplatta. Eleven ansvarar f\u00f6r l\u00e4rplattan d\u00e5 den \u00e4r i hens anv\u00e4ndning.<\/p>\n<p>De nedan best\u00e4mda reglerna och villkoren till\u00e4mpas p\u00e5 anv\u00e4ndningen av terminalen. Att skriva under dessa regler inneb\u00e4r att eleven f\u00f6rbinder sig till att f\u00f6lja ifr\u00e5gavarande regler och villkor.<\/p>\n<p>&nbsp;<\/p>\n<p>L\u00e4s mera genom att klicka p\u00e5 l\u00e4nken.<\/p>\n<p><a href=\"https:\/\/blog.edu.turku.fi\/sirkkalaskola\/files\/2023\/09\/regler-for-anvandning-av-terminal.pdf\">Regler f\u00f6r l\u00e4rplattor <\/a> (\u00f6ppnas i PDF,154 KB)<\/p>\n<p>Om l\u00e4rplattan g\u00e5r s\u00f6nder eller f\u00f6rsvinner fylls denna blankett i.<\/p>\n<p><a href=\"https:\/\/blog.edu.turku.fi\/sirkkalaskola\/files\/2018\/09\/anm\u00e4lan-om-f\u00f6rsvunnen-eller-skadad-terminal.pdf\">F\u00f6rsvunnen eller s\u00f6ndrig l\u00e4rplatta<\/a> (\u00f6ppnas i PDF, 235 KB)<\/p>\n<p>&nbsp;<\/p>\n<p>&nbsp;<\/p>\n<p>&nbsp;<\/p>\n","protected":false},"excerpt":{"rendered":"<p>Regler f\u00f6r anv\u00e4ndning av terminal \u00c5bo stad \u00f6verl\u00e5ter, sedan n\u00e5gra \u00e5r tillbaka, &nbsp;en terminal i elevens anv\u00e4ndning. I \u00e5k 5 handlar det om en iPad, i \u00e5k 7 om en b\u00e4rbar dator. Det \u00e4r ett redskap som eleven f\u00e5r anv\u00e4nda f\u00f6r sin skolg\u00e5ng. Hos oss pratar vi inte om produktnamnet iPad utan vi pratar om &hellip; <a href=\"https:\/\/blog.edu.turku.fi\/sirkkalaskola\/larplattor\/\" class=\"more-link\">Forts\u00e4tt l\u00e4sa<span class=\"screen-reader-text\"> \u201dL\u00e4rplattor\u201d<\/span><\/a><\/p>\n","protected":false},"author":1018,"featured_media":0,"parent":0,"menu_order":0,"comment_status":"closed","ping_status":"closed","template":"","meta":{"ngg_post_thumbnail":0,"footnotes":""},"class_list":["post-405","page","type-page","status-publish","hentry"],"_links":{"self":[{"href":"https:\/\/blog.edu.turku.fi\/sirkkalaskola\/wp-json\/wp\/v2\/pages\/405","targetHints":{"allow":["GET"]}}],"collection":[{"href":"https:\/\/blog.edu.turku.fi\/sirkkalaskola\/wp-json\/wp\/v2\/pages"}],"about":[{"href":"https:\/\/blog.edu.turku.fi\/sirkkalaskola\/wp-json\/wp\/v2\/types\/page"}],"author":[{"embeddable":true,"href":"https:\/\/blog.edu.turku.fi\/sirkkalaskola\/wp-json\/wp\/v2\/users\/1018"}],"replies":[{"embeddable":true,"href":"https:\/\/blog.edu.turku.fi\/sirkkalaskola\/wp-json\/wp\/v2\/comments?post=405"}],"version-history":[{"count":15,"href":"https:\/\/blog.edu.turku.fi\/sirkkalaskola\/wp-json\/wp\/v2\/pages\/405\/revisions"}],"predecessor-version":[{"id":1225,"href":"https:\/\/blog.edu.turku.fi\/sirkkalaskola\/wp-json\/wp\/v2\/pages\/405\/revisions\/1225"}],"wp:attachment":[{"href":"https:\/\/blog.edu.turku.fi\/sirkkalaskola\/wp-json\/wp\/v2\/media?parent=405"}],"curies":[{"name":"wp","href":"https:\/\/api.w.org\/{rel}","templated":true}]}}