{"id":346,"date":"2018-03-26T09:11:59","date_gmt":"2018-03-26T06:11:59","guid":{"rendered":"https:\/\/blog.edu.turku.fi\/sirkkalaskola\/?page_id=346"},"modified":"2019-08-21T15:25:41","modified_gmt":"2019-08-21T12:25:41","slug":"adressforandringar","status":"publish","type":"page","link":"https:\/\/blog.edu.turku.fi\/sirkkalaskola\/adressforandringar\/","title":{"rendered":"Adressf\u00f6r\u00e4ndringar"},"content":{"rendered":"<p>G\u00f6r \u00e4ndringarna bekv\u00e4mt via Wilma. Information finns i programmet p\u00e5 anslags-<br \/>\ntavlan. Kom ih\u00e5g att ha spr\u00e5ket inst\u00e4llt p\u00e5 svenska.<\/p>\n<p>Det \u00e4r mycket viktigt att alla uppgifter om adresser och telefonnummer \u00e4r uppdaterade.<\/p>\n","protected":false},"excerpt":{"rendered":"<p>G\u00f6r \u00e4ndringarna bekv\u00e4mt via Wilma. Information finns i programmet p\u00e5 anslags- tavlan. Kom ih\u00e5g att ha spr\u00e5ket inst\u00e4llt p\u00e5 svenska. Det \u00e4r mycket viktigt att alla uppgifter om adresser och telefonnummer \u00e4r uppdaterade.<\/p>\n","protected":false},"author":1018,"featured_media":0,"parent":0,"menu_order":0,"comment_status":"closed","ping_status":"closed","template":"","meta":{"ngg_post_thumbnail":0,"footnotes":""},"class_list":["post-346","page","type-page","status-publish","hentry"],"_links":{"self":[{"href":"https:\/\/blog.edu.turku.fi\/sirkkalaskola\/wp-json\/wp\/v2\/pages\/346","targetHints":{"allow":["GET"]}}],"collection":[{"href":"https:\/\/blog.edu.turku.fi\/sirkkalaskola\/wp-json\/wp\/v2\/pages"}],"about":[{"href":"https:\/\/blog.edu.turku.fi\/sirkkalaskola\/wp-json\/wp\/v2\/types\/page"}],"author":[{"embeddable":true,"href":"https:\/\/blog.edu.turku.fi\/sirkkalaskola\/wp-json\/wp\/v2\/users\/1018"}],"replies":[{"embeddable":true,"href":"https:\/\/blog.edu.turku.fi\/sirkkalaskola\/wp-json\/wp\/v2\/comments?post=346"}],"version-history":[{"count":2,"href":"https:\/\/blog.edu.turku.fi\/sirkkalaskola\/wp-json\/wp\/v2\/pages\/346\/revisions"}],"predecessor-version":[{"id":609,"href":"https:\/\/blog.edu.turku.fi\/sirkkalaskola\/wp-json\/wp\/v2\/pages\/346\/revisions\/609"}],"wp:attachment":[{"href":"https:\/\/blog.edu.turku.fi\/sirkkalaskola\/wp-json\/wp\/v2\/media?parent=346"}],"curies":[{"name":"wp","href":"https:\/\/api.w.org\/{rel}","templated":true}]}}