{"id":317,"date":"2018-02-08T14:18:00","date_gmt":"2018-02-08T12:18:00","guid":{"rendered":"https:\/\/blog.edu.turku.fi\/sirkkalaskola\/?page_id=317"},"modified":"2024-08-26T09:52:18","modified_gmt":"2024-08-26T06:52:18","slug":"morris-och-eftis","status":"publish","type":"page","link":"https:\/\/blog.edu.turku.fi\/sirkkalaskola\/morris-och-eftis\/","title":{"rendered":"Morris och Eftis"},"content":{"rendered":"<h2 class=\"rubrik_blue\">Morgon- och eftermiddagsverksamhet<\/h2>\n<h5><b><span lang=\"SV-FI\">Fritidsklubben <\/span><\/b><\/h5>\n<p class=\"x_MsoNormal\"><span lang=\"SV\">&nbsp;<\/span><span lang=\"SV\">F\u00f6r treor och fyror som g\u00e5r i Sirkkala skola finns m\u00f6jlighet att vistas i Sirkkala Fritidsklubb (Frittis) med verksamhet b\u00e5de i Hemmets utrymmen p\u00e5 Hemgatan, i skolans gy-sal och ibland kanske i \u201dbombskyddet\u201d h\u00e4r i skolan. M\u00e5ndag &#8211; torsdag kl. 13.00 &#8211; 17.00, fredag 12.00-17.00. Klubben kostar 2,50 \u20ac per dag och faktureringen sker i efterhand varje ny m\u00e5nad. I klubben f\u00e5r man pyssla, sk\u00f6ta sina l\u00e4xor, spela spel och leka. Mellanm\u00e5l serveras 14.00.&nbsp;<\/span><\/p>\n<p class=\"x_MsoNormal\"><span lang=\"SV\">Ansvarig ledare Lina Jylh\u00e4, 045 73448467.<b><\/b><\/span><\/p>\n<p class=\"x_MsoNormal\"><span lang=\"SV-FI\">&nbsp;<\/span><\/p>\n<p class=\"x_MsoNormal\"><b><span lang=\"SV\">&nbsp;<\/span><\/b><b><span lang=\"SV\">Morris <\/span><\/b><\/p>\n<p class=\"x_MsoNormal\"><span lang=\"SV\">F\u00f6r \u00e5k 1-4 finns Morris, i eftis utrymmen.<\/span><\/p>\n<p class=\"x_MsoNormal\"><span lang=\"SV\">Morris har \u00f6ppet varje skolmorgon fr\u00e5n kl. 7.00. Klubben kostar 1 euro\/g\u00e5ng, kontant. Morgonm\u00e5l kan tas med.<\/span><\/p>\n<p class=\"x_MsoNormal\"><span lang=\"SV\">Enhetsansvarig \u00e4r San T\u00f6rnroth. Morris telefonnummer \u00e4r 044&nbsp;788 3703. <\/span><\/p>\n<p class=\"x_MsoNormal\"><span lang=\"SV\">&nbsp;<\/span><b><span lang=\"SV\">&nbsp;<\/span><\/b><\/p>\n<p class=\"x_MsoNormal\"><b><span lang=\"SV\">Eftis<\/span><\/b><\/p>\n<p class=\"x_MsoNormal\"><b><span lang=\"SV\">&nbsp;<\/span><\/b><span lang=\"SV\">Folkh\u00e4lsans eftis bor i skolans nyaste byggnad (A), v\u00e5ning 3, huvuding\u00e5ngen.<\/span><\/p>\n<p class=\"x_MsoNormal\"><span lang=\"SV\">Eftis \u00e4r \u00f6ppet kl. 12-17. <\/span><span lang=\"SV\">Enhetsansvarig San T\u00f6rnroth; 044&nbsp;788 3703. <\/span><a href=\"mailto:san.tornroth@folkhalsan.fi\" data-linkindex=\"0\">san.tornroth@folkhalsan.fi<\/a><\/p>\n<p class=\"x_MsoNormal\"><span lang=\"SV\">&nbsp;<\/span><\/p>\n","protected":false},"excerpt":{"rendered":"<p>Morgon- och eftermiddagsverksamhet Fritidsklubben &nbsp;F\u00f6r treor och fyror som g\u00e5r i Sirkkala skola finns m\u00f6jlighet att vistas i Sirkkala Fritidsklubb (Frittis) med verksamhet b\u00e5de i Hemmets utrymmen p\u00e5 Hemgatan, i skolans gy-sal och ibland kanske i \u201dbombskyddet\u201d h\u00e4r i skolan. M\u00e5ndag &#8211; torsdag kl. 13.00 &#8211; 17.00, fredag 12.00-17.00. Klubben kostar 2,50 \u20ac per dag &hellip; <a href=\"https:\/\/blog.edu.turku.fi\/sirkkalaskola\/morris-och-eftis\/\" class=\"more-link\">Forts\u00e4tt l\u00e4sa<span class=\"screen-reader-text\"> \u201dMorris och Eftis\u201d<\/span><\/a><\/p>\n","protected":false},"author":1018,"featured_media":0,"parent":0,"menu_order":0,"comment_status":"closed","ping_status":"closed","template":"","meta":{"ngg_post_thumbnail":0,"footnotes":""},"class_list":["post-317","page","type-page","status-publish","hentry"],"_links":{"self":[{"href":"https:\/\/blog.edu.turku.fi\/sirkkalaskola\/wp-json\/wp\/v2\/pages\/317","targetHints":{"allow":["GET"]}}],"collection":[{"href":"https:\/\/blog.edu.turku.fi\/sirkkalaskola\/wp-json\/wp\/v2\/pages"}],"about":[{"href":"https:\/\/blog.edu.turku.fi\/sirkkalaskola\/wp-json\/wp\/v2\/types\/page"}],"author":[{"embeddable":true,"href":"https:\/\/blog.edu.turku.fi\/sirkkalaskola\/wp-json\/wp\/v2\/users\/1018"}],"replies":[{"embeddable":true,"href":"https:\/\/blog.edu.turku.fi\/sirkkalaskola\/wp-json\/wp\/v2\/comments?post=317"}],"version-history":[{"count":8,"href":"https:\/\/blog.edu.turku.fi\/sirkkalaskola\/wp-json\/wp\/v2\/pages\/317\/revisions"}],"predecessor-version":[{"id":1116,"href":"https:\/\/blog.edu.turku.fi\/sirkkalaskola\/wp-json\/wp\/v2\/pages\/317\/revisions\/1116"}],"wp:attachment":[{"href":"https:\/\/blog.edu.turku.fi\/sirkkalaskola\/wp-json\/wp\/v2\/media?parent=317"}],"curies":[{"name":"wp","href":"https:\/\/api.w.org\/{rel}","templated":true}]}}